{"id":2364,"date":"2021-07-20T04:33:42","date_gmt":"2021-07-20T04:33:42","guid":{"rendered":"http:\/\/www.cosmomanagementgroup.com\/sobre\/"},"modified":"2024-06-11T02:54:55","modified_gmt":"2024-06-11T02:54:55","slug":"sobre-nosotros","status":"publish","type":"page","link":"https:\/\/www.cosmomanagementgroup.com\/es\/sobre-nosotros\/","title":{"rendered":"Sobre Nosotros"},"content":{"rendered":"<p>[vc_row fullwidth=&#8221;yes&#8221; css=&#8221;.vc_custom_1474447018555{background-position: 0 0 !important;background-repeat: no-repeat !important;}&#8221; el_class=&#8221;side-bg no-padding&#8221;][vc_column]\t<!-- Element: OT Quick Office -->\n\t<div class=\"side-bg\">\n\n\t\t<div class=\"image-container hidden-xs pull-left col-md-5\" style=\"background-image:url(https:\/\/www.cosmomanagementgroup.com\/wp-content\/uploads\/2021\/06\/cosmos.jpg); ?>\" data-delay=\"0\"><\/div>\n\n\t\t<!-- Added this code in 26\/03\/2019 -->\n\t\t<img decoding=\"async\" class=\"visible-xs img-responsive\" src=\"https:\/\/www.cosmomanagementgroup.com\/wp-content\/uploads\/2021\/06\/cosmos.jpg\" \/>\n\n        <div class=\"container\">\n            <div class=\"row\">\n                <div class=\"inner-padding\">\n                    <div class=\"col-md-6 col-md-offset-6 wow fadeInRight\" data-wow-delay=\".2s\">\n                        <h2>El cosmos se define como un universo sistem\u00e1tico ordenado y armonioso. Nosotros nos tomamos muy en serio esa definici\u00f3n y nos esforzamos por poner orden en el mundo, a menudo ca\u00f3tico, de la gesti\u00f3n inmobiliaria.<\/h2><br\/>\n                                            <\/div>\n                    <div class=\"clearfix\"><\/div>\n                <\/div>\n            <\/div>\n        <\/div>\n\t<\/div>\n\n[\/vc_column][\/vc_row][vc_row css=&#8221;.vc_custom_1718074484341{padding-top: 90px !important;padding-bottom: 100px !important;background-color: #f7f7f7 !important;}&#8221;][vc_column width=&#8221;1\/3&#8243; animate=&#8221;fadinright&#8221; css=&#8221;.vc_custom_1622756315556{padding-top: 50px !important;}&#8221;]\n\t<!-- Element: OT Heading --> \t \n\t<h2 class=\"ot_custom_heading mt-20 \" style=\"\" >Qui\u00e9nes somos<\/h2>\t\n[vc_column_text]Cosmo ofrece una amplia gama de servicios que giran en torno al sector inmobiliario.<\/p>\n<p>Estamos especializados en edificios autogestionados, viviendas unifamiliares de propiedad privada en las que representamos principalmente a inversores privados\/fondos de inversi\u00f3n, renta residencial y propiedades multifamiliares.[\/vc_column_text][\/vc_column][vc_column width=&#8221;2\/3&#8243; animate=&#8221;fadeinleft&#8221;][vc_single_image image=&#8221;2251&#8243; img_size=&#8221;full&#8221; alignment=&#8221;right&#8221;][\/vc_column][\/vc_row][vc_row css=&#8221;.vc_custom_1620083487362{padding-top: 110px !important;padding-bottom: 110px !important;background-image: url(http:\/\/www.cosmomanagementgroup.com\/wp-content\/uploads\/2016\/10\/bg-17.jpg?id=1021) !important;}&#8221; el_class=&#8221;text-light bg-fixed&#8221;][vc_column width=&#8221;1\/2&#8243;][vc_single_image image=&#8221;2254&#8243; img_size=&#8221;full&#8221; css=&#8221;.vc_custom_1622679524574{margin-bottom: 0px !important;}&#8221;][\/vc_column][vc_column width=&#8221;1\/2&#8243; css=&#8221;.vc_custom_1622679554883{padding-top: 25px !important;}&#8221;]\n\t<!-- Element: OT Heading --> \t \n\t<h2 class=\"ot_custom_heading mt-20 \" style=\"\" >Qu\u00e9 ofrecemos<\/h2>\t\n[vc_column_text]<\/p>\n<p class=\"lead\">Ofrecemos opciones de &#8220;servicio completo&#8221; y soluciones de gesti\u00f3n de proyectos parciales o &#8220;a la carta&#8221; en funci\u00f3n de las necesidades del edificio\/cliente y del presupuesto. Nuestra flexibilidad y enfoque proactivo a la hora de trabajar con diferentes tipos de clientes y tama\u00f1os de edificios es lo que nos diferencia de otras empresas tradicionales de gesti\u00f3n inmobiliaria.<\/p>\n<p class=\"lead\">Cosmo Management es una de las empresas de gesti\u00f3n de la propiedad de m\u00e1s r\u00e1pido crecimiento en el sur de la Florida gracias a la red que hemos desarrollado con los propietarios, contratistas y agentes de bienes ra\u00edces a trav\u00e9s de los a\u00f1os. Nuestras asociaciones con profesionales de confianza del sector son el secreto del \u00e9xito y el crecimiento de nuestra empresa. Nuestro equipo est\u00e1 siempre dispuesto a ofrecerle el mejor servicio de atenci\u00f3n al cliente y la mejor experiencia.<\/p>\n<p>[\/vc_column_text][\/vc_column][\/vc_row][vc_row css=&#8221;.vc_custom_1620121805325{padding-top: 20px !important;}&#8221;][vc_column][vc_empty_space height=&#8221;72px&#8221;]\n\t<!-- Element: OT Heading --> \t \n\t<h2 class=\"ot_custom_heading mt-20 \" style=\"\" >Nuestros valores<\/h2>\t\n\n\t<!-- Element: OT Heading --> \t \n\t<p class=\"ot_custom_heading  \" style=\"\" >Nuestra misi\u00f3n es ofrecer soluciones de gesti\u00f3n inmobiliaria innovadoras y rentables que mejoren la calidad de vida de los propietarios y residentes.<\/p>\t\n[\/vc_column][\/vc_row][vc_row css=&#8221;.vc_custom_1620082325304{padding-top: 60px !important;padding-bottom: 90px !important;}&#8221;][vc_column width=&#8221;1\/3&#8243; animate=&#8221;fadeinleft&#8221;]\t\t\n\n\t<!-- OT Info Apps -->\n    <div class=\"vc_custom_1627764896553 box-icon-simple right\">                \n         \n\t    \t<i class=\"fa fa-power-off \"  ><\/i>\n\t     \n        <div class=\"text\">\n            <h3><span class=\"id-color\">Potenciado<\/span><\/h3>\n            Se allenta a cada uno de nosotros a tomar posesi\u00f3n, iniciativa y decisiones acertadas en el mejor inter\u00e9s de aquellos a los que servimos.        <\/div>\n    <\/div>    \n\n\t\t\n\n\t<!-- OT Info Apps -->\n    <div class=\"vc_custom_1627182010855 box-icon-simple right\">                \n         \n\t    \t<i class=\"fa fa-line-chart \"  ><\/i>\n\t     \n        <div class=\"text\">\n            <h3><span class=\"id-color\">Proactivo<\/span><\/h3>\n            nuestra experiencia nos permite anticiparnos a los retos y resolverlos antes de que se conviertan en un problema.        <\/div>\n    <\/div>    \n\n\t\t\n\n\t<!-- OT Info Apps -->\n    <div class=\"vc_custom_1627182039287 box-icon-simple right\">                \n         \n\t    \t<i class=\"fa fa-hand-o-up \"  ><\/i>\n\t     \n        <div class=\"text\">\n            <h3><span class=\"id-color\">Compromiso<\/span><\/h3>\n            Nos apasiona nuestro compromiso de cumplir nuestras promesas a los residentes y socios.        <\/div>\n    <\/div>    \n\n[\/vc_column][vc_column width=&#8221;1\/3&#8243; animate=&#8221;fadeinup&#8221;][vc_single_image image=&#8221;2257&#8243; img_size=&#8221;full&#8221; alignment=&#8221;center&#8221; css=&#8221;.vc_custom_1622679612110{margin-bottom: 0px !important;}&#8221;][\/vc_column][vc_column width=&#8221;1\/3&#8243; animate=&#8221;fadinright&#8221;]\t\t\n\n\t<!-- OT Info Apps -->\n    <div class=\"vc_custom_1627181983315 box-icon-simple left\">                \n         \n\t    \t<i class=\"fa fa-smile-o \"  ><\/i>\n\t     \n        <div class=\"text\">\n            <h3><span class=\"id-color\">Confiable<\/span><\/h3>\n            Reconocemos que el tiempo de todos es valioso y nuestro equipo estar\u00e1 presente cuando m\u00e1s importa.        <\/div>\n    <\/div>    \n\n\t\t\n\n\t<!-- OT Info Apps -->\n    <div class=\"vc_custom_1627182023287 box-icon-simple left\">                \n         \n\t    \t<i class=\"fa fa-user \"  ><\/i>\n\t     \n        <div class=\"text\">\n            <h3><span class=\"id-color\">Integridad<\/span><\/h3>\n            Somos honestos, \u00e9ticos y justos en todo lo que hacemos.        <\/div>\n    <\/div>    \n\n\t\t\n\n\t<!-- OT Info Apps -->\n    <div class=\"vc_custom_1627182058972 box-icon-simple left\">                \n         \n\t    \t<i class=\"fa fa-handshake-o \"  ><\/i>\n\t     \n        <div class=\"text\">\n            <h3><span class=\"id-color\">Transparencia<\/span><\/h3>\n            Comunicarse interna y externamente con una franqueza, honestidad y respeto inquebrantables.        <\/div>\n    <\/div>    \n\n[\/vc_column][\/vc_row][vc_row fullwidth=&#8221;yes&#8221; css=&#8221;.vc_custom_1442204580531{padding-top: 60px !important;padding-bottom: 60px !important;}&#8221; el_class=&#8221;call-to-action bg-color text-center&#8221;][vc_column]\t\t\t\n\t<!-- Element: OT Button --> \n\t\t\t<a href=\"http:\/\/www.cosmomanagementgroup.com\/contact\/\" target=\"_self\" class=\"btn btn-line-black btn-big  \">Hable con nosotros<\/a>\n\t    \n[\/vc_column][\/vc_row][vc_row][vc_column][\/vc_column][\/vc_row]<\/p>\n","protected":false},"excerpt":{"rendered":"<p>[vc_row fullwidth=&#8221;yes&#8221; css=&#8221;.vc_custom_1474447018555{background-position: 0 0 !important;background-repeat: no-repeat !important;}&#8221; el_class=&#8221;side-bg no-padding&#8221;][vc_column][\/vc_column][\/vc_row][vc_row css=&#8221;.vc_custom_1718074484341{padding-top: 90px !important;padding-bottom: 100px !important;background-color: #f7f7f7 !important;}&#8221;][vc_column width=&#8221;1\/3&#8243; animate=&#8221;fadinright&#8221; css=&#8221;.vc_custom_1622756315556{padding-top: 50px !important;}&#8221;][vc_column_text]Cosmo ofrece una amplia gama de servicios que giran en torno al sector inmobiliario. Estamos especializados en edificios autogestionados, viviendas unifamiliares de propiedad privada en las que representamos principalmente a inversores privados\/fondos de inversi\u00f3n, [&hellip;]<\/p>\n","protected":false},"author":1,"featured_media":0,"parent":0,"menu_order":0,"comment_status":"open","ping_status":"open","template":"page-templates\/template-fullwidth.php","meta":{"footnotes":""},"class_list":["post-2364","page","type-page","status-publish","hentry"],"yoast_head":"<!-- This site is optimized with the Yoast SEO plugin v25.4 - https:\/\/yoast.com\/wordpress\/plugins\/seo\/ -->\n<title>Sobre Nosotros | Cosmo Management<\/title>\n<meta name=\"robots\" content=\"index, follow, max-snippet:-1, max-image-preview:large, max-video-preview:-1\" \/>\n<link rel=\"canonical\" href=\"https:\/\/www.cosmomanagementgroup.com\/es\/sobre-nosotros\/\" \/>\n<meta property=\"og:locale\" content=\"es_ES\" \/>\n<meta property=\"og:type\" content=\"article\" \/>\n<meta property=\"og:title\" content=\"Sobre Nosotros | Cosmo Management\" \/>\n<meta property=\"og:description\" content=\"[vc_row fullwidth=&#8221;yes&#8221; css=&#8221;.vc_custom_1474447018555{background-position: 0 0 !important;background-repeat: no-repeat !important;}&#8221; el_class=&#8221;side-bg no-padding&#8221;][vc_column][\/vc_column][\/vc_row][vc_row css=&#8221;.vc_custom_1718074484341{padding-top: 90px !important;padding-bottom: 100px !important;background-color: #f7f7f7 !important;}&#8221;][vc_column width=&#8221;1\/3&#8243; animate=&#8221;fadinright&#8221; css=&#8221;.vc_custom_1622756315556{padding-top: 50px !important;}&#8221;][vc_column_text]Cosmo ofrece una amplia gama de servicios que giran en torno al sector inmobiliario. Estamos especializados en edificios autogestionados, viviendas unifamiliares de propiedad privada en las que representamos principalmente a inversores privados\/fondos de inversi\u00f3n, [&hellip;]\" \/>\n<meta property=\"og:url\" content=\"https:\/\/www.cosmomanagementgroup.com\/es\/sobre-nosotros\/\" \/>\n<meta property=\"og:site_name\" content=\"Cosmo Management\" \/>\n<meta property=\"article:publisher\" content=\"https:\/\/www.facebook.com\/profile.php?id=100066623806246\" \/>\n<meta property=\"article:modified_time\" content=\"2024-06-11T02:54:55+00:00\" \/>\n<meta property=\"og:image\" content=\"https:\/\/www.cosmomanagementgroup.com\/wp-content\/uploads\/2024\/06\/Cosmo-Management-logo-share-1-1.png\" \/>\n\t<meta property=\"og:image:width\" content=\"1200\" \/>\n\t<meta property=\"og:image:height\" content=\"675\" \/>\n\t<meta property=\"og:image:type\" content=\"image\/png\" \/>\n<meta name=\"twitter:card\" content=\"summary_large_image\" \/>\n<meta name=\"twitter:label1\" content=\"Tiempo de lectura\" \/>\n\t<meta name=\"twitter:data1\" content=\"4 minutos\" \/>\n<script type=\"application\/ld+json\" class=\"yoast-schema-graph\">{\"@context\":\"https:\/\/schema.org\",\"@graph\":[{\"@type\":\"WebPage\",\"@id\":\"https:\/\/www.cosmomanagementgroup.com\/es\/sobre-nosotros\/\",\"url\":\"https:\/\/www.cosmomanagementgroup.com\/es\/sobre-nosotros\/\",\"name\":\"Sobre Nosotros | Cosmo Management\",\"isPartOf\":{\"@id\":\"https:\/\/www.cosmomanagementgroup.com\/es\/#website\"},\"datePublished\":\"2021-07-20T04:33:42+00:00\",\"dateModified\":\"2024-06-11T02:54:55+00:00\",\"breadcrumb\":{\"@id\":\"https:\/\/www.cosmomanagementgroup.com\/es\/sobre-nosotros\/#breadcrumb\"},\"inLanguage\":\"es\",\"potentialAction\":[{\"@type\":\"ReadAction\",\"target\":[\"https:\/\/www.cosmomanagementgroup.com\/es\/sobre-nosotros\/\"]}]},{\"@type\":\"BreadcrumbList\",\"@id\":\"https:\/\/www.cosmomanagementgroup.com\/es\/sobre-nosotros\/#breadcrumb\",\"itemListElement\":[{\"@type\":\"ListItem\",\"position\":1,\"name\":\"Home\",\"item\":\"https:\/\/www.cosmomanagementgroup.com\/es\/\"},{\"@type\":\"ListItem\",\"position\":2,\"name\":\"Sobre Nosotros\"}]},{\"@type\":\"WebSite\",\"@id\":\"https:\/\/www.cosmomanagementgroup.com\/es\/#website\",\"url\":\"https:\/\/www.cosmomanagementgroup.com\/es\/\",\"name\":\"Cosmo Management Group\",\"description\":\"Experts in property management in Miami. We handle everything from leasing to maintenance, ensuring your investment thrives.\",\"publisher\":{\"@id\":\"https:\/\/www.cosmomanagementgroup.com\/es\/#organization\"},\"alternateName\":\"Cosmo Management\",\"potentialAction\":[{\"@type\":\"SearchAction\",\"target\":{\"@type\":\"EntryPoint\",\"urlTemplate\":\"https:\/\/www.cosmomanagementgroup.com\/es\/?s={search_term_string}\"},\"query-input\":{\"@type\":\"PropertyValueSpecification\",\"valueRequired\":true,\"valueName\":\"search_term_string\"}}],\"inLanguage\":\"es\"},{\"@type\":\"Organization\",\"@id\":\"https:\/\/www.cosmomanagementgroup.com\/es\/#organization\",\"name\":\"Cosmo Management Group\",\"alternateName\":\"Cosmo Management\",\"url\":\"https:\/\/www.cosmomanagementgroup.com\/es\/\",\"logo\":{\"@type\":\"ImageObject\",\"inLanguage\":\"es\",\"@id\":\"https:\/\/www.cosmomanagementgroup.com\/es\/#\/schema\/logo\/image\/\",\"url\":\"https:\/\/www.cosmomanagementgroup.com\/wp-content\/uploads\/2024\/06\/Cosmo-Management-Icon-Google.png\",\"contentUrl\":\"https:\/\/www.cosmomanagementgroup.com\/wp-content\/uploads\/2024\/06\/Cosmo-Management-Icon-Google.png\",\"width\":696,\"height\":696,\"caption\":\"Cosmo Management Group\"},\"image\":{\"@id\":\"https:\/\/www.cosmomanagementgroup.com\/es\/#\/schema\/logo\/image\/\"},\"sameAs\":[\"https:\/\/www.facebook.com\/profile.php?id=100066623806246\",\"https:\/\/www.instagram.com\/cosmomanagementgroup\/\",\"https:\/\/www.linkedin.com\/company\/cosmo-management\/\"]}]}<\/script>\n<!-- \/ Yoast SEO plugin. -->","yoast_head_json":{"title":"Sobre Nosotros | Cosmo Management","robots":{"index":"index","follow":"follow","max-snippet":"max-snippet:-1","max-image-preview":"max-image-preview:large","max-video-preview":"max-video-preview:-1"},"canonical":"https:\/\/www.cosmomanagementgroup.com\/es\/sobre-nosotros\/","og_locale":"es_ES","og_type":"article","og_title":"Sobre Nosotros | Cosmo Management","og_description":"[vc_row fullwidth=&#8221;yes&#8221; css=&#8221;.vc_custom_1474447018555{background-position: 0 0 !important;background-repeat: no-repeat !important;}&#8221; el_class=&#8221;side-bg no-padding&#8221;][vc_column][\/vc_column][\/vc_row][vc_row css=&#8221;.vc_custom_1718074484341{padding-top: 90px !important;padding-bottom: 100px !important;background-color: #f7f7f7 !important;}&#8221;][vc_column width=&#8221;1\/3&#8243; animate=&#8221;fadinright&#8221; css=&#8221;.vc_custom_1622756315556{padding-top: 50px !important;}&#8221;][vc_column_text]Cosmo ofrece una amplia gama de servicios que giran en torno al sector inmobiliario. Estamos especializados en edificios autogestionados, viviendas unifamiliares de propiedad privada en las que representamos principalmente a inversores privados\/fondos de inversi\u00f3n, [&hellip;]","og_url":"https:\/\/www.cosmomanagementgroup.com\/es\/sobre-nosotros\/","og_site_name":"Cosmo Management","article_publisher":"https:\/\/www.facebook.com\/profile.php?id=100066623806246","article_modified_time":"2024-06-11T02:54:55+00:00","og_image":[{"width":1200,"height":675,"url":"https:\/\/www.cosmomanagementgroup.com\/wp-content\/uploads\/2024\/06\/Cosmo-Management-logo-share-1-1.png","type":"image\/png"}],"twitter_card":"summary_large_image","twitter_misc":{"Tiempo de lectura":"4 minutos"},"schema":{"@context":"https:\/\/schema.org","@graph":[{"@type":"WebPage","@id":"https:\/\/www.cosmomanagementgroup.com\/es\/sobre-nosotros\/","url":"https:\/\/www.cosmomanagementgroup.com\/es\/sobre-nosotros\/","name":"Sobre Nosotros | Cosmo Management","isPartOf":{"@id":"https:\/\/www.cosmomanagementgroup.com\/es\/#website"},"datePublished":"2021-07-20T04:33:42+00:00","dateModified":"2024-06-11T02:54:55+00:00","breadcrumb":{"@id":"https:\/\/www.cosmomanagementgroup.com\/es\/sobre-nosotros\/#breadcrumb"},"inLanguage":"es","potentialAction":[{"@type":"ReadAction","target":["https:\/\/www.cosmomanagementgroup.com\/es\/sobre-nosotros\/"]}]},{"@type":"BreadcrumbList","@id":"https:\/\/www.cosmomanagementgroup.com\/es\/sobre-nosotros\/#breadcrumb","itemListElement":[{"@type":"ListItem","position":1,"name":"Home","item":"https:\/\/www.cosmomanagementgroup.com\/es\/"},{"@type":"ListItem","position":2,"name":"Sobre Nosotros"}]},{"@type":"WebSite","@id":"https:\/\/www.cosmomanagementgroup.com\/es\/#website","url":"https:\/\/www.cosmomanagementgroup.com\/es\/","name":"Cosmo Management Group","description":"Experts in property management in Miami. We handle everything from leasing to maintenance, ensuring your investment thrives.","publisher":{"@id":"https:\/\/www.cosmomanagementgroup.com\/es\/#organization"},"alternateName":"Cosmo Management","potentialAction":[{"@type":"SearchAction","target":{"@type":"EntryPoint","urlTemplate":"https:\/\/www.cosmomanagementgroup.com\/es\/?s={search_term_string}"},"query-input":{"@type":"PropertyValueSpecification","valueRequired":true,"valueName":"search_term_string"}}],"inLanguage":"es"},{"@type":"Organization","@id":"https:\/\/www.cosmomanagementgroup.com\/es\/#organization","name":"Cosmo Management Group","alternateName":"Cosmo Management","url":"https:\/\/www.cosmomanagementgroup.com\/es\/","logo":{"@type":"ImageObject","inLanguage":"es","@id":"https:\/\/www.cosmomanagementgroup.com\/es\/#\/schema\/logo\/image\/","url":"https:\/\/www.cosmomanagementgroup.com\/wp-content\/uploads\/2024\/06\/Cosmo-Management-Icon-Google.png","contentUrl":"https:\/\/www.cosmomanagementgroup.com\/wp-content\/uploads\/2024\/06\/Cosmo-Management-Icon-Google.png","width":696,"height":696,"caption":"Cosmo Management Group"},"image":{"@id":"https:\/\/www.cosmomanagementgroup.com\/es\/#\/schema\/logo\/image\/"},"sameAs":["https:\/\/www.facebook.com\/profile.php?id=100066623806246","https:\/\/www.instagram.com\/cosmomanagementgroup\/","https:\/\/www.linkedin.com\/company\/cosmo-management\/"]}]}},"_links":{"self":[{"href":"https:\/\/www.cosmomanagementgroup.com\/es\/wp-json\/wp\/v2\/pages\/2364","targetHints":{"allow":["GET"]}}],"collection":[{"href":"https:\/\/www.cosmomanagementgroup.com\/es\/wp-json\/wp\/v2\/pages"}],"about":[{"href":"https:\/\/www.cosmomanagementgroup.com\/es\/wp-json\/wp\/v2\/types\/page"}],"author":[{"embeddable":true,"href":"https:\/\/www.cosmomanagementgroup.com\/es\/wp-json\/wp\/v2\/users\/1"}],"replies":[{"embeddable":true,"href":"https:\/\/www.cosmomanagementgroup.com\/es\/wp-json\/wp\/v2\/comments?post=2364"}],"version-history":[{"count":12,"href":"https:\/\/www.cosmomanagementgroup.com\/es\/wp-json\/wp\/v2\/pages\/2364\/revisions"}],"predecessor-version":[{"id":2715,"href":"https:\/\/www.cosmomanagementgroup.com\/es\/wp-json\/wp\/v2\/pages\/2364\/revisions\/2715"}],"wp:attachment":[{"href":"https:\/\/www.cosmomanagementgroup.com\/es\/wp-json\/wp\/v2\/media?parent=2364"}],"curies":[{"name":"wp","href":"https:\/\/api.w.org\/{rel}","templated":true}]}}