{"id":2400,"date":"2021-07-20T05:05:22","date_gmt":"2021-07-20T05:05:22","guid":{"rendered":"http:\/\/www.cosmomanagementgroup.com\/contacte-con\/"},"modified":"2021-07-20T17:56:57","modified_gmt":"2021-07-20T17:56:57","slug":"contacte-con","status":"publish","type":"page","link":"https:\/\/www.cosmomanagementgroup.com\/es\/contacte-con\/","title":{"rendered":"Contacte con"},"content":{"rendered":"<p>[vc_row][vc_column][vc_empty_space height=&#8221;80px&#8221;][\/vc_column][\/vc_row][vc_row css=&#8221;.vc_custom_1438577300524{padding-bottom: 90px !important;}&#8221;][vc_column width=&#8221;2\/3&#8243; animate=&#8221;fadeinleft&#8221; wap_class=&#8221;wow fadeInUp&#8221;]\n\t<!-- Element: OT Heading --> \t \n\t<h3 class=\"ot_custom_heading  \" style=\"\" >\u00bfEst\u00e1 interesado en saber m\u00e1s sobre c\u00f3mo Cosmo Management puede ayudarle?<br \/>\nEmpecemos.<\/h3>\t\n[vc_empty_space height=&#8221;10px&#8221;]\n<div class=\"wpcf7 no-js\" id=\"wpcf7-f2408-o1\" lang=\"en-US\" dir=\"ltr\" data-wpcf7-id=\"2408\">\n<div class=\"screen-reader-response\"><p role=\"status\" aria-live=\"polite\" aria-atomic=\"true\"><\/p> <ul><\/ul><\/div>\n<form action=\"\/es\/wp-json\/wp\/v2\/pages\/2400#wpcf7-f2408-o1\" method=\"post\" class=\"wpcf7-form init\" aria-label=\"Contact form\" novalidate=\"novalidate\" data-status=\"init\">\n<fieldset class=\"hidden-fields-container\"><input type=\"hidden\" name=\"_wpcf7\" value=\"2408\" \/><input type=\"hidden\" name=\"_wpcf7_version\" value=\"6.1\" \/><input type=\"hidden\" name=\"_wpcf7_locale\" value=\"en_US\" \/><input type=\"hidden\" name=\"_wpcf7_unit_tag\" value=\"wpcf7-f2408-o1\" \/><input type=\"hidden\" name=\"_wpcf7_container_post\" value=\"0\" \/><input type=\"hidden\" name=\"_wpcf7_posted_data_hash\" value=\"\" \/>\n<\/fieldset>\n<div class=\"row\">\n\t<div class=\"col-md-4\">\n\t\t<div>\n\t\t\t<p><span class=\"wpcf7-form-control-wrap\" data-name=\"your-name\"><input size=\"40\" maxlength=\"400\" class=\"wpcf7-form-control wpcf7-text wpcf7-validates-as-required\" aria-required=\"true\" aria-invalid=\"false\" placeholder=\"Su nombre\" value=\"\" type=\"text\" name=\"your-name\" \/><\/span>\n\t\t\t<\/p>\n\t\t<\/div>\n\t\t<div>\n\t\t\t<p><span class=\"wpcf7-form-control-wrap\" data-name=\"email-453\"><input size=\"40\" maxlength=\"400\" class=\"wpcf7-form-control wpcf7-email wpcf7-validates-as-required wpcf7-text wpcf7-validates-as-email\" aria-required=\"true\" aria-invalid=\"false\" placeholder=\"Tu email\" value=\"\" type=\"email\" name=\"email-453\" \/><\/span>\n\t\t\t<\/p>\n\t\t<\/div>\n\t\t<div>\n\t\t\t<p><span class=\"wpcf7-form-control-wrap\" data-name=\"tel-565\"><input size=\"40\" maxlength=\"400\" class=\"wpcf7-form-control wpcf7-tel wpcf7-validates-as-required wpcf7-text wpcf7-validates-as-tel\" aria-required=\"true\" aria-invalid=\"false\" placeholder=\"Su tel\u00e9fono\" value=\"\" type=\"tel\" name=\"tel-565\" \/><\/span>\n\t\t\t<\/p>\n\t\t<\/div>\n\t<\/div>\n\t<div class=\"col-md-8\">\n\t\t<div>\n\t\t\t<p><span class=\"wpcf7-form-control-wrap\" data-name=\"message\"><textarea cols=\"40\" rows=\"10\" maxlength=\"2000\" class=\"wpcf7-form-control wpcf7-textarea wpcf7-validates-as-required\" aria-required=\"true\" aria-invalid=\"false\" placeholder=\"\u00bfC\u00f3mo podemos ayudarle?\" name=\"message\"><\/textarea><\/span>\n\t\t\t<\/p>\n\t\t<\/div>\n\t<\/div>\n\t<div class=\"col-md-12\">\n\t\t<p><label style=\"font-size:12px;\"> Esta empresa no compartir\u00e1 ni vender\u00e1 el consentimiento del cliente para los mensajes SMS ni los n\u00fameros de tel\u00e9fono recopilados para SMS a terceros bajo ninguna circunstancia. <\/label>\n\t\t<\/p>\n\t<\/div>\n\t<div class=\"col-md-12\">\n\t\t<p>[checkbox* checkbox-121 id:checkContact class:checkContact use_label_element \"Al marcar esta casilla, acepta recibir mensajes de texto de Cosmo Management relacionados con (fines conversacionales) al n\u00famero de tel\u00e9fono indicado anteriormente. Puede responder \"STOP\" para darse de baja en cualquier momento. Responda \"HELP\" para obtener ayuda. Se pueden aplicar tarifas por mensajes y datos. La frecuencia de los mensajes puede variar.\"]<label class=\"wpcf7-list-item-label\" style=\"font-size:12px;\"> M\u00e1s informaci\u00f3n en nuestra p\u00e1gina de <a href=\"https:\/\/www.cosmomanagementgroup.com\/privacy-policy\/\" target=\"_blank\" style=\"font-size:12px; font-weight:bold;\"> Pol\u00edtica de privacidad <\/a> y <a href=\"https:\/\/www.cosmomanagementgroup.com\/terms-and-conditions\" target=\"_blank\" style=\"font-size:12px; font-weight:bold;\"> T\u00e9rminos y Condiciones. <\/a> <\/label>\n\t\t<\/p>\n\t<\/div>\n\t<div class=\"col-md-12\">\n\t\t<p id=\"submit\"><input class=\"wpcf7-form-control wpcf7-submit has-spinner btn btn-line\" type=\"submit\" value=\"Enviar\" \/>\n\t\t<\/p>\n\t<\/div>\n<\/div><div class=\"wpcf7-response-output\" aria-hidden=\"true\"><\/div>\n<\/form>\n<\/div>\n[\/vc_column][vc_column width=&#8221;1\/3&#8243; animate=&#8221;fadinright&#8221; wap_class=&#8221;wow fadeInUp&#8221;]\n\t<!-- Element: OT Heading --> \t \n\t<h3 class=\"ot_custom_heading  \" style=\"\" >\u00a1CONT\u00c1CTENOS!<\/h3>\t\n[vc_column_text]<\/p>\n<address>\n<div>Emmanuel Aldabe<\/div>\n<div><strong>Tel\u00e9fono: <\/strong>305 796 6966<\/div>\n<div><strong>Correo electr\u00f3nico: <\/strong>info@thecosmoteam.com<\/div>\n<div><strong>Direcci\u00f3n:<\/strong>9190 Biscayne Blvd., Suite 202, Miami Shores, FL 33138<\/div>\n<div><strong>Abierto<\/strong>: de lunes a viernes de 8:00 a 18:00<\/div>\n<\/address>\n<p>[\/vc_column_text][\/vc_column][\/vc_row][vc_row fullwidth=&#8221;yes&#8221; css=&#8221;.vc_custom_1438577278176{padding-bottom: 90px !important;}&#8221;][vc_column][vc_gmaps link=&#8221;#E-8_JTNDaWZyYW1lJTIwc3JjJTNEJTIyaHR0cHMlM0ElMkYlMkZ3d3cuZ29vZ2xlLmNvbSUyRm1hcHMlMkZlbWJlZCUzRnBiJTNEJTIxMW0xOCUyMTFtMTIlMjExbTMlMjExZDM1OTAuMjk4ODYwNzgzOTQxJTIxMmQtODAuMTg1MzkwMzg0OTc3MDclMjEzZDI1Ljg1OTYzOTM4MzU5MjMwNiUyMTJtMyUyMTFmMCUyMTJmMCUyMTNmMCUyMTNtMiUyMTFpMTAyNCUyMTJpNzY4JTIxNGYxMy4xJTIxM20zJTIxMW0yJTIxMXMweDg4ZDliMjI4YzJjNTBhNzMlMjUzQTB4Y2MyNDAzY2ZmMWE1ZjAzMCUyMTJzQ29zbW8lMjUyME1hbmFnZW1lbnQlMjUyMExMQyUyMTVlMCUyMTNtMiUyMTFzZXMtNDE5JTIxMnNteCUyMTR2MTYyMjY3Nzk3MDM2MCUyMTVtMiUyMTFzZXMtNDE5JTIxMnNteCUyMiUyMHdpZHRoJTNEJTIyNjAwJTIyJTIwaGVpZ2h0JTNEJTIyNDUwJTIyJTIwc3R5bGUlM0QlMjJib3JkZXIlM0EwJTNCJTIyJTIwYWxsb3dmdWxsc2NyZWVuJTNEJTIyJTIyJTIwbG9hZGluZyUzRCUyMmxhenklMjIlM0UlM0MlMkZpZnJhbWUlM0U=&#8221;][\/vc_column][\/vc_row]<\/p>\n","protected":false},"excerpt":{"rendered":"<p>[vc_row][vc_column][vc_empty_space height=&#8221;80px&#8221;][\/vc_column][\/vc_row][vc_row css=&#8221;.vc_custom_1438577300524{padding-bottom: 90px !important;}&#8221;][vc_column width=&#8221;2\/3&#8243; animate=&#8221;fadeinleft&#8221; wap_class=&#8221;wow fadeInUp&#8221;][vc_empty_space height=&#8221;10px&#8221;][\/vc_column][vc_column width=&#8221;1\/3&#8243; animate=&#8221;fadinright&#8221; wap_class=&#8221;wow fadeInUp&#8221;][vc_column_text] Emmanuel Aldabe Tel\u00e9fono: 305 796 6966 Correo electr\u00f3nico: info@thecosmoteam.com Direcci\u00f3n:9190 Biscayne Blvd., Suite 202, Miami Shores, FL 33138 Abierto: de lunes a viernes de 8:00 a 18:00 [\/vc_column_text][\/vc_column][\/vc_row][vc_row fullwidth=&#8221;yes&#8221; css=&#8221;.vc_custom_1438577278176{padding-bottom: 90px !important;}&#8221;][vc_column][vc_gmaps link=&#8221;#E-8_JTNDaWZyYW1lJTIwc3JjJTNEJTIyaHR0cHMlM0ElMkYlMkZ3d3cuZ29vZ2xlLmNvbSUyRm1hcHMlMkZlbWJlZCUzRnBiJTNEJTIxMW0xOCUyMTFtMTIlMjExbTMlMjExZDM1OTAuMjk4ODYwNzgzOTQxJTIxMmQtODAuMTg1MzkwMzg0OTc3MDclMjEzZDI1Ljg1OTYzOTM4MzU5MjMwNiUyMTJtMyUyMTFmMCUyMTJmMCUyMTNmMCUyMTNtMiUyMTFpMTAyNCUyMTJpNzY4JTIxNGYxMy4xJTIxM20zJTIxMW0yJTIxMXMweDg4ZDliMjI4YzJjNTBhNzMlMjUzQTB4Y2MyNDAzY2ZmMWE1ZjAzMCUyMTJzQ29zbW8lMjUyME1hbmFnZW1lbnQlMjUyMExMQyUyMTVlMCUyMTNtMiUyMTFzZXMtNDE5JTIxMnNteCUyMTR2MTYyMjY3Nzk3MDM2MCUyMTVtMiUyMTFzZXMtNDE5JTIxMnNteCUyMiUyMHdpZHRoJTNEJTIyNjAwJTIyJTIwaGVpZ2h0JTNEJTIyNDUwJTIyJTIwc3R5bGUlM0QlMjJib3JkZXIlM0EwJTNCJTIyJTIwYWxsb3dmdWxsc2NyZWVuJTNEJTIyJTIyJTIwbG9hZGluZyUzRCUyMmxhenklMjIlM0UlM0MlMkZpZnJhbWUlM0U=&#8221;][\/vc_column][\/vc_row]<\/p>\n","protected":false},"author":1,"featured_media":0,"parent":0,"menu_order":0,"comment_status":"open","ping_status":"open","template":"page-templates\/template-fullwidth.php","meta":{"footnotes":""},"class_list":["post-2400","page","type-page","status-publish","hentry"],"yoast_head":"<!-- This site is optimized with the Yoast SEO plugin v25.4 - https:\/\/yoast.com\/wordpress\/plugins\/seo\/ -->\n<title>Contacte con | Cosmo Management<\/title>\n<meta name=\"robots\" content=\"index, follow, max-snippet:-1, max-image-preview:large, max-video-preview:-1\" \/>\n<link rel=\"canonical\" href=\"https:\/\/www.cosmomanagementgroup.com\/es\/contacte-con\/\" \/>\n<meta property=\"og:locale\" content=\"es_ES\" \/>\n<meta property=\"og:type\" content=\"article\" \/>\n<meta property=\"og:title\" content=\"Contacte con | Cosmo Management\" \/>\n<meta property=\"og:description\" content=\"[vc_row][vc_column][vc_empty_space height=&#8221;80px&#8221;][\/vc_column][\/vc_row][vc_row css=&#8221;.vc_custom_1438577300524{padding-bottom: 90px !important;}&#8221;][vc_column width=&#8221;2\/3&#8243; animate=&#8221;fadeinleft&#8221; wap_class=&#8221;wow fadeInUp&#8221;][vc_empty_space height=&#8221;10px&#8221;][\/vc_column][vc_column width=&#8221;1\/3&#8243; animate=&#8221;fadinright&#8221; wap_class=&#8221;wow fadeInUp&#8221;][vc_column_text] Emmanuel Aldabe Tel\u00e9fono: 305 796 6966 Correo electr\u00f3nico: info@thecosmoteam.com Direcci\u00f3n:9190 Biscayne Blvd., Suite 202, Miami Shores, FL 33138 Abierto: de lunes a viernes de 8:00 a 18:00 [\/vc_column_text][\/vc_column][\/vc_row][vc_row fullwidth=&#8221;yes&#8221; css=&#8221;.vc_custom_1438577278176{padding-bottom: 90px !important;}&#8221;][vc_column][vc_gmaps link=&#8221;#E-8_JTNDaWZyYW1lJTIwc3JjJTNEJTIyaHR0cHMlM0ElMkYlMkZ3d3cuZ29vZ2xlLmNvbSUyRm1hcHMlMkZlbWJlZCUzRnBiJTNEJTIxMW0xOCUyMTFtMTIlMjExbTMlMjExZDM1OTAuMjk4ODYwNzgzOTQxJTIxMmQtODAuMTg1MzkwMzg0OTc3MDclMjEzZDI1Ljg1OTYzOTM4MzU5MjMwNiUyMTJtMyUyMTFmMCUyMTJmMCUyMTNmMCUyMTNtMiUyMTFpMTAyNCUyMTJpNzY4JTIxNGYxMy4xJTIxM20zJTIxMW0yJTIxMXMweDg4ZDliMjI4YzJjNTBhNzMlMjUzQTB4Y2MyNDAzY2ZmMWE1ZjAzMCUyMTJzQ29zbW8lMjUyME1hbmFnZW1lbnQlMjUyMExMQyUyMTVlMCUyMTNtMiUyMTFzZXMtNDE5JTIxMnNteCUyMTR2MTYyMjY3Nzk3MDM2MCUyMTVtMiUyMTFzZXMtNDE5JTIxMnNteCUyMiUyMHdpZHRoJTNEJTIyNjAwJTIyJTIwaGVpZ2h0JTNEJTIyNDUwJTIyJTIwc3R5bGUlM0QlMjJib3JkZXIlM0EwJTNCJTIyJTIwYWxsb3dmdWxsc2NyZWVuJTNEJTIyJTIyJTIwbG9hZGluZyUzRCUyMmxhenklMjIlM0UlM0MlMkZpZnJhbWUlM0U=&#8221;][\/vc_column][\/vc_row]\" \/>\n<meta property=\"og:url\" content=\"https:\/\/www.cosmomanagementgroup.com\/es\/contacte-con\/\" \/>\n<meta property=\"og:site_name\" content=\"Cosmo Management\" \/>\n<meta property=\"article:publisher\" content=\"https:\/\/www.facebook.com\/profile.php?id=100066623806246\" \/>\n<meta property=\"article:modified_time\" content=\"2021-07-20T17:56:57+00:00\" \/>\n<meta property=\"og:image\" content=\"https:\/\/www.cosmomanagementgroup.com\/wp-content\/uploads\/2024\/06\/Cosmo-Management-logo-share-1-1.png\" \/>\n\t<meta property=\"og:image:width\" content=\"1200\" \/>\n\t<meta property=\"og:image:height\" content=\"675\" \/>\n\t<meta property=\"og:image:type\" content=\"image\/png\" \/>\n<meta name=\"twitter:card\" content=\"summary_large_image\" \/>\n<meta name=\"twitter:label1\" content=\"Tiempo de lectura\" \/>\n\t<meta name=\"twitter:data1\" content=\"1 minuto\" \/>\n<script type=\"application\/ld+json\" class=\"yoast-schema-graph\">{\"@context\":\"https:\/\/schema.org\",\"@graph\":[{\"@type\":\"WebPage\",\"@id\":\"https:\/\/www.cosmomanagementgroup.com\/es\/contacte-con\/\",\"url\":\"https:\/\/www.cosmomanagementgroup.com\/es\/contacte-con\/\",\"name\":\"Contacte con | Cosmo Management\",\"isPartOf\":{\"@id\":\"https:\/\/www.cosmomanagementgroup.com\/es\/#website\"},\"datePublished\":\"2021-07-20T05:05:22+00:00\",\"dateModified\":\"2021-07-20T17:56:57+00:00\",\"breadcrumb\":{\"@id\":\"https:\/\/www.cosmomanagementgroup.com\/es\/contacte-con\/#breadcrumb\"},\"inLanguage\":\"es\",\"potentialAction\":[{\"@type\":\"ReadAction\",\"target\":[\"https:\/\/www.cosmomanagementgroup.com\/es\/contacte-con\/\"]}]},{\"@type\":\"BreadcrumbList\",\"@id\":\"https:\/\/www.cosmomanagementgroup.com\/es\/contacte-con\/#breadcrumb\",\"itemListElement\":[{\"@type\":\"ListItem\",\"position\":1,\"name\":\"Home\",\"item\":\"https:\/\/www.cosmomanagementgroup.com\/es\/\"},{\"@type\":\"ListItem\",\"position\":2,\"name\":\"Contacte con\"}]},{\"@type\":\"WebSite\",\"@id\":\"https:\/\/www.cosmomanagementgroup.com\/es\/#website\",\"url\":\"https:\/\/www.cosmomanagementgroup.com\/es\/\",\"name\":\"Cosmo Management Group\",\"description\":\"Experts in property management in Miami. We handle everything from leasing to maintenance, ensuring your investment thrives.\",\"publisher\":{\"@id\":\"https:\/\/www.cosmomanagementgroup.com\/es\/#organization\"},\"alternateName\":\"Cosmo Management\",\"potentialAction\":[{\"@type\":\"SearchAction\",\"target\":{\"@type\":\"EntryPoint\",\"urlTemplate\":\"https:\/\/www.cosmomanagementgroup.com\/es\/?s={search_term_string}\"},\"query-input\":{\"@type\":\"PropertyValueSpecification\",\"valueRequired\":true,\"valueName\":\"search_term_string\"}}],\"inLanguage\":\"es\"},{\"@type\":\"Organization\",\"@id\":\"https:\/\/www.cosmomanagementgroup.com\/es\/#organization\",\"name\":\"Cosmo Management Group\",\"alternateName\":\"Cosmo Management\",\"url\":\"https:\/\/www.cosmomanagementgroup.com\/es\/\",\"logo\":{\"@type\":\"ImageObject\",\"inLanguage\":\"es\",\"@id\":\"https:\/\/www.cosmomanagementgroup.com\/es\/#\/schema\/logo\/image\/\",\"url\":\"https:\/\/www.cosmomanagementgroup.com\/wp-content\/uploads\/2024\/06\/Cosmo-Management-Icon-Google.png\",\"contentUrl\":\"https:\/\/www.cosmomanagementgroup.com\/wp-content\/uploads\/2024\/06\/Cosmo-Management-Icon-Google.png\",\"width\":696,\"height\":696,\"caption\":\"Cosmo Management Group\"},\"image\":{\"@id\":\"https:\/\/www.cosmomanagementgroup.com\/es\/#\/schema\/logo\/image\/\"},\"sameAs\":[\"https:\/\/www.facebook.com\/profile.php?id=100066623806246\",\"https:\/\/www.instagram.com\/cosmomanagementgroup\/\",\"https:\/\/www.linkedin.com\/company\/cosmo-management\/\"]}]}<\/script>\n<!-- \/ Yoast SEO plugin. -->","yoast_head_json":{"title":"Contacte con | Cosmo Management","robots":{"index":"index","follow":"follow","max-snippet":"max-snippet:-1","max-image-preview":"max-image-preview:large","max-video-preview":"max-video-preview:-1"},"canonical":"https:\/\/www.cosmomanagementgroup.com\/es\/contacte-con\/","og_locale":"es_ES","og_type":"article","og_title":"Contacte con | Cosmo Management","og_description":"[vc_row][vc_column][vc_empty_space height=&#8221;80px&#8221;][\/vc_column][\/vc_row][vc_row css=&#8221;.vc_custom_1438577300524{padding-bottom: 90px !important;}&#8221;][vc_column width=&#8221;2\/3&#8243; animate=&#8221;fadeinleft&#8221; wap_class=&#8221;wow fadeInUp&#8221;][vc_empty_space height=&#8221;10px&#8221;][\/vc_column][vc_column width=&#8221;1\/3&#8243; animate=&#8221;fadinright&#8221; wap_class=&#8221;wow fadeInUp&#8221;][vc_column_text] Emmanuel Aldabe Tel\u00e9fono: 305 796 6966 Correo electr\u00f3nico: info@thecosmoteam.com Direcci\u00f3n:9190 Biscayne Blvd., Suite 202, Miami Shores, FL 33138 Abierto: de lunes a viernes de 8:00 a 18:00 [\/vc_column_text][\/vc_column][\/vc_row][vc_row fullwidth=&#8221;yes&#8221; css=&#8221;.vc_custom_1438577278176{padding-bottom: 90px !important;}&#8221;][vc_column][vc_gmaps link=&#8221;#E-8_JTNDaWZyYW1lJTIwc3JjJTNEJTIyaHR0cHMlM0ElMkYlMkZ3d3cuZ29vZ2xlLmNvbSUyRm1hcHMlMkZlbWJlZCUzRnBiJTNEJTIxMW0xOCUyMTFtMTIlMjExbTMlMjExZDM1OTAuMjk4ODYwNzgzOTQxJTIxMmQtODAuMTg1MzkwMzg0OTc3MDclMjEzZDI1Ljg1OTYzOTM4MzU5MjMwNiUyMTJtMyUyMTFmMCUyMTJmMCUyMTNmMCUyMTNtMiUyMTFpMTAyNCUyMTJpNzY4JTIxNGYxMy4xJTIxM20zJTIxMW0yJTIxMXMweDg4ZDliMjI4YzJjNTBhNzMlMjUzQTB4Y2MyNDAzY2ZmMWE1ZjAzMCUyMTJzQ29zbW8lMjUyME1hbmFnZW1lbnQlMjUyMExMQyUyMTVlMCUyMTNtMiUyMTFzZXMtNDE5JTIxMnNteCUyMTR2MTYyMjY3Nzk3MDM2MCUyMTVtMiUyMTFzZXMtNDE5JTIxMnNteCUyMiUyMHdpZHRoJTNEJTIyNjAwJTIyJTIwaGVpZ2h0JTNEJTIyNDUwJTIyJTIwc3R5bGUlM0QlMjJib3JkZXIlM0EwJTNCJTIyJTIwYWxsb3dmdWxsc2NyZWVuJTNEJTIyJTIyJTIwbG9hZGluZyUzRCUyMmxhenklMjIlM0UlM0MlMkZpZnJhbWUlM0U=&#8221;][\/vc_column][\/vc_row]","og_url":"https:\/\/www.cosmomanagementgroup.com\/es\/contacte-con\/","og_site_name":"Cosmo Management","article_publisher":"https:\/\/www.facebook.com\/profile.php?id=100066623806246","article_modified_time":"2021-07-20T17:56:57+00:00","og_image":[{"width":1200,"height":675,"url":"https:\/\/www.cosmomanagementgroup.com\/wp-content\/uploads\/2024\/06\/Cosmo-Management-logo-share-1-1.png","type":"image\/png"}],"twitter_card":"summary_large_image","twitter_misc":{"Tiempo de lectura":"1 minuto"},"schema":{"@context":"https:\/\/schema.org","@graph":[{"@type":"WebPage","@id":"https:\/\/www.cosmomanagementgroup.com\/es\/contacte-con\/","url":"https:\/\/www.cosmomanagementgroup.com\/es\/contacte-con\/","name":"Contacte con | Cosmo Management","isPartOf":{"@id":"https:\/\/www.cosmomanagementgroup.com\/es\/#website"},"datePublished":"2021-07-20T05:05:22+00:00","dateModified":"2021-07-20T17:56:57+00:00","breadcrumb":{"@id":"https:\/\/www.cosmomanagementgroup.com\/es\/contacte-con\/#breadcrumb"},"inLanguage":"es","potentialAction":[{"@type":"ReadAction","target":["https:\/\/www.cosmomanagementgroup.com\/es\/contacte-con\/"]}]},{"@type":"BreadcrumbList","@id":"https:\/\/www.cosmomanagementgroup.com\/es\/contacte-con\/#breadcrumb","itemListElement":[{"@type":"ListItem","position":1,"name":"Home","item":"https:\/\/www.cosmomanagementgroup.com\/es\/"},{"@type":"ListItem","position":2,"name":"Contacte con"}]},{"@type":"WebSite","@id":"https:\/\/www.cosmomanagementgroup.com\/es\/#website","url":"https:\/\/www.cosmomanagementgroup.com\/es\/","name":"Cosmo Management Group","description":"Experts in property management in Miami. We handle everything from leasing to maintenance, ensuring your investment thrives.","publisher":{"@id":"https:\/\/www.cosmomanagementgroup.com\/es\/#organization"},"alternateName":"Cosmo Management","potentialAction":[{"@type":"SearchAction","target":{"@type":"EntryPoint","urlTemplate":"https:\/\/www.cosmomanagementgroup.com\/es\/?s={search_term_string}"},"query-input":{"@type":"PropertyValueSpecification","valueRequired":true,"valueName":"search_term_string"}}],"inLanguage":"es"},{"@type":"Organization","@id":"https:\/\/www.cosmomanagementgroup.com\/es\/#organization","name":"Cosmo Management Group","alternateName":"Cosmo Management","url":"https:\/\/www.cosmomanagementgroup.com\/es\/","logo":{"@type":"ImageObject","inLanguage":"es","@id":"https:\/\/www.cosmomanagementgroup.com\/es\/#\/schema\/logo\/image\/","url":"https:\/\/www.cosmomanagementgroup.com\/wp-content\/uploads\/2024\/06\/Cosmo-Management-Icon-Google.png","contentUrl":"https:\/\/www.cosmomanagementgroup.com\/wp-content\/uploads\/2024\/06\/Cosmo-Management-Icon-Google.png","width":696,"height":696,"caption":"Cosmo Management Group"},"image":{"@id":"https:\/\/www.cosmomanagementgroup.com\/es\/#\/schema\/logo\/image\/"},"sameAs":["https:\/\/www.facebook.com\/profile.php?id=100066623806246","https:\/\/www.instagram.com\/cosmomanagementgroup\/","https:\/\/www.linkedin.com\/company\/cosmo-management\/"]}]}},"_links":{"self":[{"href":"https:\/\/www.cosmomanagementgroup.com\/es\/wp-json\/wp\/v2\/pages\/2400","targetHints":{"allow":["GET"]}}],"collection":[{"href":"https:\/\/www.cosmomanagementgroup.com\/es\/wp-json\/wp\/v2\/pages"}],"about":[{"href":"https:\/\/www.cosmomanagementgroup.com\/es\/wp-json\/wp\/v2\/types\/page"}],"author":[{"embeddable":true,"href":"https:\/\/www.cosmomanagementgroup.com\/es\/wp-json\/wp\/v2\/users\/1"}],"replies":[{"embeddable":true,"href":"https:\/\/www.cosmomanagementgroup.com\/es\/wp-json\/wp\/v2\/comments?post=2400"}],"version-history":[{"count":6,"href":"https:\/\/www.cosmomanagementgroup.com\/es\/wp-json\/wp\/v2\/pages\/2400\/revisions"}],"predecessor-version":[{"id":2411,"href":"https:\/\/www.cosmomanagementgroup.com\/es\/wp-json\/wp\/v2\/pages\/2400\/revisions\/2411"}],"wp:attachment":[{"href":"https:\/\/www.cosmomanagementgroup.com\/es\/wp-json\/wp\/v2\/media?parent=2400"}],"curies":[{"name":"wp","href":"https:\/\/api.w.org\/{rel}","templated":true}]}}