{"id":2356,"date":"2021-07-19T21:35:25","date_gmt":"2021-07-19T21:35:25","guid":{"rendered":"http:\/\/www.cosmomanagementgroup.com\/a-propos-de\/"},"modified":"2024-06-13T04:17:46","modified_gmt":"2024-06-13T04:17:46","slug":"a-propos-de","status":"publish","type":"page","link":"https:\/\/www.cosmomanagementgroup.com\/fr\/a-propos-de\/","title":{"rendered":"\u00c0 propos de"},"content":{"rendered":"<p>[vc_row fullwidth=&#8221;yes&#8221; css=&#8221;.vc_custom_1474447018555{background-position: 0 0 !important;background-repeat: no-repeat !important;}&#8221; el_class=&#8221;side-bg no-padding&#8221;][vc_column]\t<!-- Element: OT Quick Office -->\n\t<div class=\"side-bg\">\n\n\t\t<div class=\"image-container hidden-xs pull-left col-md-5\" style=\"background-image:url(https:\/\/www.cosmomanagementgroup.com\/wp-content\/uploads\/2021\/06\/cosmos.jpg); ?>\" data-delay=\"0\"><\/div>\n\n\t\t<!-- Added this code in 26\/03\/2019 -->\n\t\t<img decoding=\"async\" class=\"visible-xs img-responsive\" src=\"https:\/\/www.cosmomanagementgroup.com\/wp-content\/uploads\/2021\/06\/cosmos.jpg\" \/>\n\n        <div class=\"container\">\n            <div class=\"row\">\n                <div class=\"inner-padding\">\n                    <div class=\"col-md-6 col-md-offset-6 wow fadeInRight\" data-wow-delay=\".2s\">\n                        <h2>Cosmos se d\u00e9finit comme un univers syst\u00e9matique, harmonieux et ordonn\u00e9. Nous prenons cette d\u00e9finition \u00e0 c\u0153ur et travaillons dur pour apporter de l'ordre dans le monde souvent chaotique de la gestion immobili\u00e8re.<\/h2><br\/>\n                                            <\/div>\n                    <div class=\"clearfix\"><\/div>\n                <\/div>\n            <\/div>\n        <\/div>\n\t<\/div>\n\n[\/vc_column][\/vc_row][vc_row css=&#8221;.vc_custom_1620083457884{padding-top: 180px !important;padding-bottom: 135px !important;background-color: #f7f7f7 !important;}&#8221;][vc_column width=&#8221;1\/3&#8243; animate=&#8221;fadinright&#8221; css=&#8221;.vc_custom_1622756315556{padding-top: 50px !important;}&#8221;]\n\t<!-- Element: OT Heading --> \t \n\t<h2 class=\"ot_custom_heading mt-20 \" style=\"\" >Qui sommes-nous ?<\/h2>\t\n[vc_column_text]Cosmo offre un large \u00e9ventail de services qui gravitent tous autour de l&#8217;immobilier.<\/p>\n<p>Nous sommes sp\u00e9cialis\u00e9s dans les immeubles autog\u00e9r\u00e9s, les maisons unifamiliales appartenant \u00e0 des particuliers o\u00f9 nous repr\u00e9sentons principalement des investisseurs priv\u00e9s\/fonds d&#8217;investissement, les revenus r\u00e9sidentiels et les propri\u00e9t\u00e9s multifamiliales.[\/vc_column_text][\/vc_column][vc_column width=&#8221;2\/3&#8243; animate=&#8221;fadeinleft&#8221;][vc_single_image image=&#8221;2249&#8243; img_size=&#8221;full&#8221; alignment=&#8221;right&#8221;][\/vc_column][\/vc_row][vc_row css=&#8221;.vc_custom_1620083487362{padding-top: 110px !important;padding-bottom: 110px !important;background-image: url(http:\/\/www.cosmomanagementgroup.com\/wp-content\/uploads\/2016\/10\/bg-17.jpg?id=1021) !important;}&#8221; el_class=&#8221;text-light bg-fixed&#8221;][vc_column width=&#8221;1\/2&#8243;][vc_single_image image=&#8221;2252&#8243; img_size=&#8221;full&#8221; css=&#8221;.vc_custom_1622679524574{margin-bottom: 0px !important;}&#8221;][\/vc_column][vc_column width=&#8221;1\/2&#8243; css=&#8221;.vc_custom_1622679554883{padding-top: 25px !important;}&#8221;]\n\t<!-- Element: OT Heading --> \t \n\t<h2 class=\"ot_custom_heading mt-20 \" style=\"\" >Ce que nous offrons<\/h2>\t\n[vc_column_text]<\/p>\n<p class=\"lead\">Nous proposons des options de &#8220;service complet&#8221; et des solutions de gestion de projet partielles ou &#8220;\u00e0 la carte&#8221; en fonction des besoins et du budget du b\u00e2timent\/client. Notre flexibilit\u00e9 et notre approche proactive pour travailler avec diff\u00e9rents types de clients et de tailles d&#8217;immeubles sont ce qui nous diff\u00e9rencie des autres soci\u00e9t\u00e9s de gestion immobili\u00e8re traditionnelles.<\/p>\n<p class=\"lead\">Cosmo Management est l&#8217;une des soci\u00e9t\u00e9s de gestion immobili\u00e8re qui conna\u00eet la plus forte croissance dans le sud de la Floride gr\u00e2ce au r\u00e9seau que nous avons d\u00e9velopp\u00e9 avec les propri\u00e9taires, les entrepreneurs et les agents immobiliers au fil des ans. Nos partenariats avec des professionnels du secteur de confiance sont le secret de la r\u00e9ussite et de la croissance de notre entreprise. Notre \u00e9quipe est toujours pr\u00eate \u00e0 vous fournir le meilleur service et la meilleure exp\u00e9rience client.<\/p>\n<p>[\/vc_column_text][\/vc_column][\/vc_row][vc_row css=&#8221;.vc_custom_1620121805325{padding-top: 20px !important;}&#8221;][vc_column][vc_empty_space height=&#8221;72px&#8221;]\n\t<!-- Element: OT Heading --> \t \n\t<h2 class=\"ot_custom_heading mt-20 \" style=\"\" >Nos valeurs<\/h2>\t\n\n\t<!-- Element: OT Heading --> \t \n\t<p class=\"ot_custom_heading  \" style=\"\" >Notre mission est de fournir des solutions de gestion immobili\u00e8re innovantes et rentables, qui am\u00e9liorent la qualit\u00e9 de vie des propri\u00e9taires et des r\u00e9sidents.<\/p>\t\n[\/vc_column][\/vc_row][vc_row css=&#8221;.vc_custom_1620082325304{padding-top: 60px !important;padding-bottom: 90px !important;}&#8221;][vc_column width=&#8221;1\/3&#8243; animate=&#8221;fadeinleft&#8221;]\t\t\n\n\t<!-- OT Info Apps -->\n    <div class=\"vc_custom_1626754694130 box-icon-simple right\">                \n         \n\t    \t<i class=\"fa fa-power-off \"  ><\/i>\n\t     \n        <div class=\"text\">\n            <h3><span class=\"id-color\">Autonomiser<\/span><\/h3>\n            Chacun d'entre nous est encourag\u00e9 \u00e0 prendre des responsabilit\u00e9s, des initiatives et des d\u00e9cisions judicieuses dans le meilleur int\u00e9r\u00eat de ceux que nous servons.        <\/div>\n    <\/div>    \n\n\t\t\n\n\t<!-- OT Info Apps -->\n    <div class=\"vc_custom_1626754726576 box-icon-simple right\">                \n         \n\t    \t<i class=\"fa fa-line-chart \"  ><\/i>\n\t     \n        <div class=\"text\">\n            <h3><span class=\"id-color\">Proactive<\/span><\/h3>\n            notre exp\u00e9rience nous permet d'anticiper les d\u00e9fis et de les r\u00e9soudre avant qu'ils ne deviennent un probl\u00e8me.        <\/div>\n    <\/div>    \n\n\t\t\n\n\t<!-- OT Info Apps -->\n    <div class=\"vc_custom_1626755313547 box-icon-simple right\">                \n         \n\t    \t<i class=\"fa fa-hand-o-up \"  ><\/i>\n\t     \n        <div class=\"text\">\n            <h3><span class=\"id-color\">Commitment<\/span><\/h3>\n            Nous sommes passionn\u00e9s par notre engagement \u00e0 tenir nos promesses envers les r\u00e9sidents et les partenaires.        <\/div>\n    <\/div>    \n\n[\/vc_column][vc_column width=&#8221;1\/3&#8243; animate=&#8221;fadeinup&#8221;][vc_single_image image=&#8221;2255&#8243; img_size=&#8221;full&#8221; alignment=&#8221;center&#8221; css=&#8221;.vc_custom_1622679612110{margin-bottom: 0px !important;}&#8221;][\/vc_column][vc_column width=&#8221;1\/3&#8243; animate=&#8221;fadinright&#8221;]\t\t\n\n\t<!-- OT Info Apps -->\n    <div class=\"vc_custom_1626754745662 box-icon-simple left\">                \n         \n\t    \t<i class=\"fa fa-smile-o \"  ><\/i>\n\t     \n        <div class=\"text\">\n            <h3><span class=\"id-color\">Fiable<\/span><\/h3>\n            Nous sommes conscients que le temps de chacun est pr\u00e9cieux et notre \u00e9quipe sera l\u00e0 au moment le plus important.        <\/div>\n    <\/div>    \n\n\t\t\n\n\t<!-- OT Info Apps -->\n    <div class=\"vc_custom_1626754811877 box-icon-simple left\">                \n         \n\t    \t<i class=\"fa fa-user \"  ><\/i>\n\t     \n        <div class=\"text\">\n            <h3><span class=\"id-color\">Int\u00e9grit\u00e9<\/span><\/h3>\n            Nous sommes honn\u00eates, \u00e9thiques et justes dans tout ce que nous faisons.        <\/div>\n    <\/div>    \n\n\t\t\n\n\t<!-- OT Info Apps -->\n    <div class=\"vc_custom_1626754831447 box-icon-simple left\">                \n         \n\t    \t<i class=\"fa fa-handshake-o \"  ><\/i>\n\t     \n        <div class=\"text\">\n            <h3><span class=\"id-color\">Transparence<\/span><\/h3>\n            Communiquer en interne et en externe avec une franchise, une honn\u00eatet\u00e9 et un respect sans faille.        <\/div>\n    <\/div>    \n\n[\/vc_column][\/vc_row][vc_row fullwidth=&#8221;yes&#8221; css=&#8221;.vc_custom_1442204580531{padding-top: 60px !important;padding-bottom: 60px !important;}&#8221; el_class=&#8221;call-to-action bg-color text-center&#8221;][vc_column]\t\t\t\n\t<!-- Element: OT Button --> \n\t\t\t<a href=\"http:\/\/www.cosmomanagementgroup.com\/contact\/\" target=\"_self\" class=\"btn btn-line-black btn-big  \">Parlez avec nous<\/a>\n\t    \n[\/vc_column][\/vc_row][vc_row][vc_column][\/vc_column][\/vc_row]<\/p>\n","protected":false},"excerpt":{"rendered":"<p>[vc_row fullwidth=&#8221;yes&#8221; css=&#8221;.vc_custom_1474447018555{background-position: 0 0 !important;background-repeat: no-repeat !important;}&#8221; el_class=&#8221;side-bg no-padding&#8221;][vc_column][\/vc_column][\/vc_row][vc_row css=&#8221;.vc_custom_1620083457884{padding-top: 180px !important;padding-bottom: 135px !important;background-color: #f7f7f7 !important;}&#8221;][vc_column width=&#8221;1\/3&#8243; animate=&#8221;fadinright&#8221; css=&#8221;.vc_custom_1622756315556{padding-top: 50px !important;}&#8221;][vc_column_text]Cosmo offre un large \u00e9ventail de services qui gravitent tous autour de l&#8217;immobilier. Nous sommes sp\u00e9cialis\u00e9s dans les immeubles autog\u00e9r\u00e9s, les maisons unifamiliales appartenant \u00e0 des particuliers o\u00f9 nous repr\u00e9sentons principalement des investisseurs priv\u00e9s\/fonds [&hellip;]<\/p>\n","protected":false},"author":1,"featured_media":0,"parent":0,"menu_order":0,"comment_status":"open","ping_status":"open","template":"page-templates\/template-fullwidth.php","meta":{"footnotes":""},"class_list":["post-2356","page","type-page","status-publish","hentry"],"yoast_head":"<!-- This site is optimized with the Yoast SEO plugin v25.4 - https:\/\/yoast.com\/wordpress\/plugins\/seo\/ -->\n<title>\u00c0 propos de | Cosmo Management<\/title>\n<meta name=\"robots\" content=\"index, follow, max-snippet:-1, max-image-preview:large, max-video-preview:-1\" \/>\n<link rel=\"canonical\" href=\"https:\/\/www.cosmomanagementgroup.com\/fr\/a-propos-de\/\" \/>\n<meta property=\"og:locale\" content=\"fr_FR\" \/>\n<meta property=\"og:type\" content=\"article\" \/>\n<meta property=\"og:title\" content=\"\u00c0 propos de | Cosmo Management\" \/>\n<meta property=\"og:description\" content=\"[vc_row fullwidth=&#8221;yes&#8221; css=&#8221;.vc_custom_1474447018555{background-position: 0 0 !important;background-repeat: no-repeat !important;}&#8221; el_class=&#8221;side-bg no-padding&#8221;][vc_column][\/vc_column][\/vc_row][vc_row css=&#8221;.vc_custom_1620083457884{padding-top: 180px !important;padding-bottom: 135px !important;background-color: #f7f7f7 !important;}&#8221;][vc_column width=&#8221;1\/3&#8243; animate=&#8221;fadinright&#8221; css=&#8221;.vc_custom_1622756315556{padding-top: 50px !important;}&#8221;][vc_column_text]Cosmo offre un large \u00e9ventail de services qui gravitent tous autour de l&#8217;immobilier. Nous sommes sp\u00e9cialis\u00e9s dans les immeubles autog\u00e9r\u00e9s, les maisons unifamiliales appartenant \u00e0 des particuliers o\u00f9 nous repr\u00e9sentons principalement des investisseurs priv\u00e9s\/fonds [&hellip;]\" \/>\n<meta property=\"og:url\" content=\"https:\/\/www.cosmomanagementgroup.com\/fr\/a-propos-de\/\" \/>\n<meta property=\"og:site_name\" content=\"Cosmo Management\" \/>\n<meta property=\"article:publisher\" content=\"https:\/\/www.facebook.com\/profile.php?id=100066623806246\" \/>\n<meta property=\"article:modified_time\" content=\"2024-06-13T04:17:46+00:00\" \/>\n<meta property=\"og:image\" content=\"https:\/\/www.cosmomanagementgroup.com\/wp-content\/uploads\/2024\/06\/Cosmo-Management-logo-share-1-1.png\" \/>\n\t<meta property=\"og:image:width\" content=\"1200\" \/>\n\t<meta property=\"og:image:height\" content=\"675\" \/>\n\t<meta property=\"og:image:type\" content=\"image\/png\" \/>\n<meta name=\"twitter:card\" content=\"summary_large_image\" \/>\n<meta name=\"twitter:label1\" content=\"Dur\u00e9e de lecture estim\u00e9e\" \/>\n\t<meta name=\"twitter:data1\" content=\"4 minutes\" \/>\n<script type=\"application\/ld+json\" class=\"yoast-schema-graph\">{\"@context\":\"https:\/\/schema.org\",\"@graph\":[{\"@type\":\"WebPage\",\"@id\":\"https:\/\/www.cosmomanagementgroup.com\/fr\/a-propos-de\/\",\"url\":\"https:\/\/www.cosmomanagementgroup.com\/fr\/a-propos-de\/\",\"name\":\"\u00c0 propos de | Cosmo Management\",\"isPartOf\":{\"@id\":\"https:\/\/www.cosmomanagementgroup.com\/fr\/#website\"},\"datePublished\":\"2021-07-19T21:35:25+00:00\",\"dateModified\":\"2024-06-13T04:17:46+00:00\",\"breadcrumb\":{\"@id\":\"https:\/\/www.cosmomanagementgroup.com\/fr\/a-propos-de\/#breadcrumb\"},\"inLanguage\":\"fr-FR\",\"potentialAction\":[{\"@type\":\"ReadAction\",\"target\":[\"https:\/\/www.cosmomanagementgroup.com\/fr\/a-propos-de\/\"]}]},{\"@type\":\"BreadcrumbList\",\"@id\":\"https:\/\/www.cosmomanagementgroup.com\/fr\/a-propos-de\/#breadcrumb\",\"itemListElement\":[{\"@type\":\"ListItem\",\"position\":1,\"name\":\"Home\",\"item\":\"https:\/\/www.cosmomanagementgroup.com\/fr\/\"},{\"@type\":\"ListItem\",\"position\":2,\"name\":\"\u00c0 propos de\"}]},{\"@type\":\"WebSite\",\"@id\":\"https:\/\/www.cosmomanagementgroup.com\/fr\/#website\",\"url\":\"https:\/\/www.cosmomanagementgroup.com\/fr\/\",\"name\":\"Cosmo Management Group\",\"description\":\"Experts in property management in Miami. We handle everything from leasing to maintenance, ensuring your investment thrives.\",\"publisher\":{\"@id\":\"https:\/\/www.cosmomanagementgroup.com\/fr\/#organization\"},\"alternateName\":\"Cosmo Management\",\"potentialAction\":[{\"@type\":\"SearchAction\",\"target\":{\"@type\":\"EntryPoint\",\"urlTemplate\":\"https:\/\/www.cosmomanagementgroup.com\/fr\/?s={search_term_string}\"},\"query-input\":{\"@type\":\"PropertyValueSpecification\",\"valueRequired\":true,\"valueName\":\"search_term_string\"}}],\"inLanguage\":\"fr-FR\"},{\"@type\":\"Organization\",\"@id\":\"https:\/\/www.cosmomanagementgroup.com\/fr\/#organization\",\"name\":\"Cosmo Management Group\",\"alternateName\":\"Cosmo Management\",\"url\":\"https:\/\/www.cosmomanagementgroup.com\/fr\/\",\"logo\":{\"@type\":\"ImageObject\",\"inLanguage\":\"fr-FR\",\"@id\":\"https:\/\/www.cosmomanagementgroup.com\/fr\/#\/schema\/logo\/image\/\",\"url\":\"https:\/\/www.cosmomanagementgroup.com\/wp-content\/uploads\/2024\/06\/Cosmo-Management-Icon-Google.png\",\"contentUrl\":\"https:\/\/www.cosmomanagementgroup.com\/wp-content\/uploads\/2024\/06\/Cosmo-Management-Icon-Google.png\",\"width\":696,\"height\":696,\"caption\":\"Cosmo Management Group\"},\"image\":{\"@id\":\"https:\/\/www.cosmomanagementgroup.com\/fr\/#\/schema\/logo\/image\/\"},\"sameAs\":[\"https:\/\/www.facebook.com\/profile.php?id=100066623806246\",\"https:\/\/www.instagram.com\/cosmomanagementgroup\/\",\"https:\/\/www.linkedin.com\/company\/cosmo-management\/\"]}]}<\/script>\n<!-- \/ Yoast SEO plugin. -->","yoast_head_json":{"title":"\u00c0 propos de | Cosmo Management","robots":{"index":"index","follow":"follow","max-snippet":"max-snippet:-1","max-image-preview":"max-image-preview:large","max-video-preview":"max-video-preview:-1"},"canonical":"https:\/\/www.cosmomanagementgroup.com\/fr\/a-propos-de\/","og_locale":"fr_FR","og_type":"article","og_title":"\u00c0 propos de | Cosmo Management","og_description":"[vc_row fullwidth=&#8221;yes&#8221; css=&#8221;.vc_custom_1474447018555{background-position: 0 0 !important;background-repeat: no-repeat !important;}&#8221; el_class=&#8221;side-bg no-padding&#8221;][vc_column][\/vc_column][\/vc_row][vc_row css=&#8221;.vc_custom_1620083457884{padding-top: 180px !important;padding-bottom: 135px !important;background-color: #f7f7f7 !important;}&#8221;][vc_column width=&#8221;1\/3&#8243; animate=&#8221;fadinright&#8221; css=&#8221;.vc_custom_1622756315556{padding-top: 50px !important;}&#8221;][vc_column_text]Cosmo offre un large \u00e9ventail de services qui gravitent tous autour de l&#8217;immobilier. Nous sommes sp\u00e9cialis\u00e9s dans les immeubles autog\u00e9r\u00e9s, les maisons unifamiliales appartenant \u00e0 des particuliers o\u00f9 nous repr\u00e9sentons principalement des investisseurs priv\u00e9s\/fonds [&hellip;]","og_url":"https:\/\/www.cosmomanagementgroup.com\/fr\/a-propos-de\/","og_site_name":"Cosmo Management","article_publisher":"https:\/\/www.facebook.com\/profile.php?id=100066623806246","article_modified_time":"2024-06-13T04:17:46+00:00","og_image":[{"width":1200,"height":675,"url":"https:\/\/www.cosmomanagementgroup.com\/wp-content\/uploads\/2024\/06\/Cosmo-Management-logo-share-1-1.png","type":"image\/png"}],"twitter_card":"summary_large_image","twitter_misc":{"Dur\u00e9e de lecture estim\u00e9e":"4 minutes"},"schema":{"@context":"https:\/\/schema.org","@graph":[{"@type":"WebPage","@id":"https:\/\/www.cosmomanagementgroup.com\/fr\/a-propos-de\/","url":"https:\/\/www.cosmomanagementgroup.com\/fr\/a-propos-de\/","name":"\u00c0 propos de | Cosmo Management","isPartOf":{"@id":"https:\/\/www.cosmomanagementgroup.com\/fr\/#website"},"datePublished":"2021-07-19T21:35:25+00:00","dateModified":"2024-06-13T04:17:46+00:00","breadcrumb":{"@id":"https:\/\/www.cosmomanagementgroup.com\/fr\/a-propos-de\/#breadcrumb"},"inLanguage":"fr-FR","potentialAction":[{"@type":"ReadAction","target":["https:\/\/www.cosmomanagementgroup.com\/fr\/a-propos-de\/"]}]},{"@type":"BreadcrumbList","@id":"https:\/\/www.cosmomanagementgroup.com\/fr\/a-propos-de\/#breadcrumb","itemListElement":[{"@type":"ListItem","position":1,"name":"Home","item":"https:\/\/www.cosmomanagementgroup.com\/fr\/"},{"@type":"ListItem","position":2,"name":"\u00c0 propos de"}]},{"@type":"WebSite","@id":"https:\/\/www.cosmomanagementgroup.com\/fr\/#website","url":"https:\/\/www.cosmomanagementgroup.com\/fr\/","name":"Cosmo Management Group","description":"Experts in property management in Miami. We handle everything from leasing to maintenance, ensuring your investment thrives.","publisher":{"@id":"https:\/\/www.cosmomanagementgroup.com\/fr\/#organization"},"alternateName":"Cosmo Management","potentialAction":[{"@type":"SearchAction","target":{"@type":"EntryPoint","urlTemplate":"https:\/\/www.cosmomanagementgroup.com\/fr\/?s={search_term_string}"},"query-input":{"@type":"PropertyValueSpecification","valueRequired":true,"valueName":"search_term_string"}}],"inLanguage":"fr-FR"},{"@type":"Organization","@id":"https:\/\/www.cosmomanagementgroup.com\/fr\/#organization","name":"Cosmo Management Group","alternateName":"Cosmo Management","url":"https:\/\/www.cosmomanagementgroup.com\/fr\/","logo":{"@type":"ImageObject","inLanguage":"fr-FR","@id":"https:\/\/www.cosmomanagementgroup.com\/fr\/#\/schema\/logo\/image\/","url":"https:\/\/www.cosmomanagementgroup.com\/wp-content\/uploads\/2024\/06\/Cosmo-Management-Icon-Google.png","contentUrl":"https:\/\/www.cosmomanagementgroup.com\/wp-content\/uploads\/2024\/06\/Cosmo-Management-Icon-Google.png","width":696,"height":696,"caption":"Cosmo Management Group"},"image":{"@id":"https:\/\/www.cosmomanagementgroup.com\/fr\/#\/schema\/logo\/image\/"},"sameAs":["https:\/\/www.facebook.com\/profile.php?id=100066623806246","https:\/\/www.instagram.com\/cosmomanagementgroup\/","https:\/\/www.linkedin.com\/company\/cosmo-management\/"]}]}},"_links":{"self":[{"href":"https:\/\/www.cosmomanagementgroup.com\/fr\/wp-json\/wp\/v2\/pages\/2356","targetHints":{"allow":["GET"]}}],"collection":[{"href":"https:\/\/www.cosmomanagementgroup.com\/fr\/wp-json\/wp\/v2\/pages"}],"about":[{"href":"https:\/\/www.cosmomanagementgroup.com\/fr\/wp-json\/wp\/v2\/types\/page"}],"author":[{"embeddable":true,"href":"https:\/\/www.cosmomanagementgroup.com\/fr\/wp-json\/wp\/v2\/users\/1"}],"replies":[{"embeddable":true,"href":"https:\/\/www.cosmomanagementgroup.com\/fr\/wp-json\/wp\/v2\/comments?post=2356"}],"version-history":[{"count":5,"href":"https:\/\/www.cosmomanagementgroup.com\/fr\/wp-json\/wp\/v2\/pages\/2356\/revisions"}],"predecessor-version":[{"id":2717,"href":"https:\/\/www.cosmomanagementgroup.com\/fr\/wp-json\/wp\/v2\/pages\/2356\/revisions\/2717"}],"wp:attachment":[{"href":"https:\/\/www.cosmomanagementgroup.com\/fr\/wp-json\/wp\/v2\/media?parent=2356"}],"curies":[{"name":"wp","href":"https:\/\/api.w.org\/{rel}","templated":true}]}}