{"id":2370,"date":"2021-05-04T23:56:11","date_gmt":"2021-05-04T23:56:11","guid":{"rendered":"http:\/\/www.cosmomanagementgroup.com\/programme-de-recommandation-des-agents\/"},"modified":"2024-06-13T15:48:15","modified_gmt":"2024-06-13T15:48:15","slug":"agent-referral-program","status":"publish","type":"page","link":"https:\/\/www.cosmomanagementgroup.com\/fr\/agent-referral-program\/","title":{"rendered":"Programme des agents"},"content":{"rendered":"<p>[vc_row fullwidth=&#8221;yes&#8221; css=&#8221;.vc_custom_1626285674474{margin-right: 50px !important;margin-left: 50px !important;padding-top: 100px !important;padding-bottom: 100px !important;background-position: 0 0 !important;background-repeat: no-repeat !important;}&#8221; el_class=&#8221;side-bg no-padding&#8221;][vc_column offset=&#8221;vc_col-lg-offset-2 vc_col-lg-8&#8243;][vc_row_inner][vc_column_inner width=&#8221;1\/2&#8243;]\n\t<!-- Element: OT Heading --> \t \n\t<h2 class=\"ot_custom_heading  \" style=\"\" >Soyez plus qu'un agent immobilier<\/h2>\t\n[vc_column_text]<\/p>\n<p class=\"lead\">Lib\u00e9rez votre plein potentiel et d\u00e9veloppez votre activit\u00e9 en vous associant \u00e0 Cosmo Management.<\/p>\n<p class=\"lead\">Dans un environnement immobilier qui \u00e9volue rapidement et o\u00f9 les agents doivent se r\u00e9inventer chaque jour, vous voulez garder une longueur d&#8217;avance et trouver de nouvelles fa\u00e7ons de vous diff\u00e9rencier de vos concurrents. Chez Cosmo Management, nous comprenons qu&#8217;en tant qu&#8217;agent immobilier, vous portez plusieurs chapeaux et pouvez parfois vous laisser distraire. Si vous ne faites pas attention, ces distractions peuvent vous faire perdre votre concentration sur ce qui compte le plus : aider les acheteurs et les vendeurs.<\/p>\n<p>[\/vc_column_text]\n\t<!-- Element: OT Heading --> \t \n\t<h3 class=\"ot_custom_heading  \" style=\"\" >``Si vous voulez aller vite, allez-y seul. Si vous voulez aller loin, allez-y ensemble.``<\/h3>\t\n[\/vc_column_inner][vc_column_inner width=&#8221;1\/2&#8243;][vc_single_image image=&#8221;2285&#8243; img_size=&#8221;1000&#215;600&#8243; alignment=&#8221;center&#8221; css=&#8221;.vc_custom_1626284305983{margin-bottom: 0px !important;}&#8221;][\/vc_column_inner][\/vc_row_inner][\/vc_column][\/vc_row][vc_row css=&#8221;.vc_custom_1620191904980{padding-top: 110px !important;padding-bottom: 110px !important;background-image: url(http:\/\/www.cosmomanagementgroup.com\/wp-content\/uploads\/2021\/05\/Disen\u0303o-sin-ti\u0301tulo-2-2.png?id=1577) !important;}&#8221; el_class=&#8221;text-light bg-fixed&#8221;][vc_column width=&#8221;1\/2&#8243; css=&#8221;.vc_custom_1620191278919{padding-top: 40px !important;}&#8221;][vc_single_image image=&#8221;2273&#8243; img_size=&#8221;full&#8221; css=&#8221;.vc_custom_1622681401418{margin-bottom: 0px !important;}&#8221;][\/vc_column][vc_column width=&#8221;1\/2&#8243;]\n\t<!-- Element: OT Heading --> \t \n\t<h2 class=\"ot_custom_heading  \" style=\"\" >Ce que nous offrons<\/h2>\t\n[vc_column_text]En faisant \u00e9quipe avec Cosmo Management, vous pouvez offrir \u00e0 vos clients :<\/p>\n<ul>\n<li style=\"font-weight: 400;\" aria-level=\"1\">Services de gestion de propri\u00e9t\u00e9s\/projets<br \/>\nR\u00e9parations et entretien<br \/>\nRemodelage et conception<br \/>\nServices d&#8217;am\u00e9nagement paysager<\/li>\n<\/ul>\n<p>Cosmo Management est l&#8217;une des soci\u00e9t\u00e9s de gestion immobili\u00e8re les plus rapides du sud de la Floride gr\u00e2ce au r\u00e9seau que nous avons d\u00e9velopp\u00e9 avec les agents immobiliers au fil des ann\u00e9es.<\/p>\n<p>Vous trouverez ci-dessous quelques-uns des nombreux avantages offerts par notre programme :<\/p>\n<ul>\n<li style=\"font-weight: 400;\" aria-level=\"1\">Revenu suppl\u00e9mentaire pour la gestion des r\u00e9f\u00e9rences, les r\u00e9parations et les r\u00e9novations.Gardez le contr\u00f4le de votre affaire.\u00a0 Notre \u00e9quipe vous tiendra toujours au courant.Nous sommes l\u00e0 pour vous guider, vous et votre client, dans toutes les situations.<\/li>\n<\/ul>\n<p>[\/vc_column_text][\/vc_column][\/vc_row][vc_row css=&#8221;.vc_custom_1620121805325{padding-top: 20px !important;}&#8221;][vc_column][vc_empty_space height=&#8221;72px&#8221;]\n\t<!-- Element: OT Heading --> \t \n\t<h2 class=\"ot_custom_heading  \" style=\"\" >Comment cela fonctionne<\/h2>\t\n[vc_row_inner][vc_column_inner width=&#8221;1\/2&#8243;][vc_empty_space height=&#8221;110px&#8221;][vc_column_text]<\/p>\n<p class=\"lead\"><span style=\"font-weight: 400;\"><strong>Le contact initial &#8211;<\/strong> Vous nous contactez pour expliquer votre projet. Nous discutons ensemble de la meilleure solution qui correspond \u00e0 votre situation et vous offre la meilleure option.<\/span><\/p>\n<div id=\"gtx-trans\" style=\"position: absolute; left: 133px; top: 87px;\">\n<div class=\"gtx-trans-icon\"><\/div>\n<\/div>\n<p>[\/vc_column_text][\/vc_column_inner][vc_column_inner width=&#8221;1\/2&#8243;][vc_single_image image=&#8221;2225&#8243; img_size=&#8221;full&#8221;][\/vc_column_inner][\/vc_row_inner][vc_row_inner][vc_column_inner width=&#8221;1\/2&#8243;][vc_empty_space height=&#8221;70px&#8221;][vc_column_text]<\/p>\n<p class=\"lead\"><strong>Flexibilit\u00e9 &#8211;<\/strong> vous d\u00e9cidez comment vous souhaitez que nous traitions les projets.<br \/>\n1. Vous d\u00e9cidez de nous mettre directement en contact avec votre client parce que vous n&#8217;avez pas le temps de diriger le spectacle et que vous pr\u00e9f\u00e9rez ne pas \u00eatre &#8220;sur le terrain&#8221;. Nous vous envoyons notre accord de confidentialit\u00e9 et vous tenons inform\u00e9 de toutes les communications futures avec votre client.<br \/>\n2. Si vous souhaitez rester notre point de contact, nous vous rendons compte directement et vous envoyons un devis gratuit et d\u00e9taill\u00e9 bas\u00e9 sur le budget de votre client.<\/p>\n<div id=\"gtx-trans\" style=\"position: absolute; left: -45px; top: -16px;\">\n<div class=\"gtx-trans-icon\"><\/div>\n<\/div>\n<p>[\/vc_column_text][\/vc_column_inner][vc_column_inner width=&#8221;1\/2&#8243;][vc_single_image image=&#8221;2231&#8243; img_size=&#8221;full&#8221;][\/vc_column_inner][\/vc_row_inner][vc_row_inner][vc_column_inner width=&#8221;1\/2&#8243;][vc_empty_space height=&#8221;100px&#8221;][vc_column_text]<\/p>\n<p class=\"lead\"><strong>Finalisation du projet et walkthrough<\/strong> &#8211; \u00c0 la fin du projet, nous programmons une walkthrough avec vous et\/ou le propri\u00e9taire. La facture finale est envoy\u00e9e \u00e0 votre client pour paiement une fois qu&#8217;il a approuv\u00e9 le travail.<\/p>\n<div id=\"gtx-trans\" style=\"position: absolute; left: -50px; top: 35px;\">\n<div class=\"gtx-trans-icon\"><\/div>\n<\/div>\n<p>[\/vc_column_text][\/vc_column_inner][vc_column_inner width=&#8221;1\/2&#8243;][vc_single_image image=&#8221;2300&#8243; img_size=&#8221;full&#8221;][\/vc_column_inner][\/vc_row_inner][vc_row_inner][vc_column_inner width=&#8221;1\/2&#8243;][vc_empty_space height=&#8221;60px&#8221;][vc_column_text]<\/p>\n<p class=\"lead\"><strong>Votre commission de r\u00e9f\u00e9rence &#8211;<\/strong> Une fois que nous avons re\u00e7u le paiement de votre client, vous recevez votre commission de recommandation dans les 10 jours ouvrables.<\/p>\n<div id=\"gtx-trans\" style=\"position: absolute; left: -6px; top: -16px;\">\n<div class=\"gtx-trans-icon\"><\/div>\n<\/div>\n<p>[\/vc_column_text][vc_single_image image=&#8221;2267&#8243; img_size=&#8221;full&#8221;][\/vc_column_inner][vc_column_inner width=&#8221;1\/2&#8243;][vc_single_image image=&#8221;2234&#8243; img_size=&#8221;full&#8221;][\/vc_column_inner][\/vc_row_inner][vc_row_inner][vc_column_inner width=&#8221;1\/2&#8243;][\/vc_column_inner][vc_column_inner width=&#8221;1\/2&#8243;][\/vc_column_inner][\/vc_row_inner][vc_row_inner css=&#8221;.vc_custom_1622753937886{margin-top: 70px !important;}&#8221;][vc_column_inner width=&#8221;1\/2&#8243;][vc_single_image image=&#8221;2264&#8243; img_size=&#8221;1200&#215;820&#8243; alignment=&#8221;right&#8221; css=&#8221;.vc_custom_1622755293410{margin-bottom: 0px !important;padding-top: 40px !important;}&#8221;][\/vc_column_inner][vc_column_inner width=&#8221;1\/2&#8243; offset=&#8221;vc_hidden-xs&#8221;]\n\t<!-- Element: OT Heading --> \t \n\t<h2 class=\"ot_custom_heading  \" style=\"\" >Avantages pour vous :<\/h2>\t\n[vc_column_text css=&#8221;.vc_custom_1718293678045{padding-top: 50px !important;}&#8221;]<\/p>\n<ul>\n<li>Gardez le contr\u00f4le de votre affaire. Nous vous tenons au courant.<\/li>\n<li>Revenu suppl\u00e9mentaire pour le renvoi de la gestion, des r\u00e9parations et des r\u00e9novations.<\/li>\n<li>Nous vous guidons, vous et vos clients, dans toutes les situations.<\/li>\n<\/ul>\n<p>[\/vc_column_text][\/vc_column_inner][vc_column_inner width=&#8221;1\/4&#8243; offset=&#8221;vc_col-xs-offset-5&#8243;][\/vc_column_inner][\/vc_row_inner][vc_row_inner][vc_column_inner][vc_empty_space height=&#8221;50px&#8221;]\n\t<!-- Element: OT Heading --> \t \n\t<h2 class=\"ot_custom_heading  \" style=\"text-align: center;\" >Vous souhaitez en savoir plus sur notre programme de recommandation d'agents ?<\/p>\n<p>Contactez Cosmo Management d\u00e8s aujourd'hui et laissez-nous vous aider \u00e0 lib\u00e9rer votre plein potentiel :<\/p>\n<p>(786) 462-6766 ou \u00e0 info@thecosmoteam.com.<\/h2>\t\n[vc_empty_space height=&#8221;80px&#8221;][\/vc_column_inner][\/vc_row_inner][\/vc_column][\/vc_row][vc_row fullwidth=&#8221;yes&#8221; css=&#8221;.vc_custom_1442204580531{padding-top: 60px !important;padding-bottom: 60px !important;}&#8221; el_class=&#8221;call-to-action bg-color text-center&#8221;][vc_column]\t\t\t\n\t<!-- Element: OT Button --> \n\t\t\t<a href=\"http:\/\/www.cosmomanagementgroup.com\/contact\/\" target=\"_self\" class=\"btn btn-line-black btn-big  \">Parlez avec nous<\/a>\n\t    \n[\/vc_column][\/vc_row][vc_row][vc_column][\/vc_column][\/vc_row]<\/p>\n","protected":false},"excerpt":{"rendered":"<p>[vc_row fullwidth=&#8221;yes&#8221; css=&#8221;.vc_custom_1626285674474{margin-right: 50px !important;margin-left: 50px !important;padding-top: 100px !important;padding-bottom: 100px !important;background-position: 0 0 !important;background-repeat: no-repeat !important;}&#8221; el_class=&#8221;side-bg no-padding&#8221;][vc_column offset=&#8221;vc_col-lg-offset-2 vc_col-lg-8&#8243;][vc_row_inner][vc_column_inner width=&#8221;1\/2&#8243;][vc_column_text] Lib\u00e9rez votre plein potentiel et d\u00e9veloppez votre activit\u00e9 en vous associant \u00e0 Cosmo Management. Dans un environnement immobilier qui \u00e9volue rapidement et o\u00f9 les agents doivent se r\u00e9inventer chaque jour, vous voulez garder une [&hellip;]<\/p>\n","protected":false},"author":2,"featured_media":0,"parent":0,"menu_order":0,"comment_status":"open","ping_status":"closed","template":"page-templates\/template-fullwidth.php","meta":{"footnotes":""},"class_list":["post-2370","page","type-page","status-publish","hentry"],"yoast_head":"<!-- This site is optimized with the Yoast SEO plugin v25.4 - https:\/\/yoast.com\/wordpress\/plugins\/seo\/ -->\n<title>Programme des agents | Cosmo Management<\/title>\n<meta name=\"robots\" content=\"index, follow, max-snippet:-1, max-image-preview:large, max-video-preview:-1\" \/>\n<link rel=\"canonical\" href=\"https:\/\/www.cosmomanagementgroup.com\/fr\/agent-referral-program\/\" \/>\n<meta property=\"og:locale\" content=\"fr_FR\" \/>\n<meta property=\"og:type\" content=\"article\" \/>\n<meta property=\"og:title\" content=\"Programme des agents | Cosmo Management\" \/>\n<meta property=\"og:description\" content=\"[vc_row fullwidth=&#8221;yes&#8221; css=&#8221;.vc_custom_1626285674474{margin-right: 50px !important;margin-left: 50px !important;padding-top: 100px !important;padding-bottom: 100px !important;background-position: 0 0 !important;background-repeat: no-repeat !important;}&#8221; el_class=&#8221;side-bg no-padding&#8221;][vc_column offset=&#8221;vc_col-lg-offset-2 vc_col-lg-8&#8243;][vc_row_inner][vc_column_inner width=&#8221;1\/2&#8243;][vc_column_text] Lib\u00e9rez votre plein potentiel et d\u00e9veloppez votre activit\u00e9 en vous associant \u00e0 Cosmo Management. Dans un environnement immobilier qui \u00e9volue rapidement et o\u00f9 les agents doivent se r\u00e9inventer chaque jour, vous voulez garder une [&hellip;]\" \/>\n<meta property=\"og:url\" content=\"https:\/\/www.cosmomanagementgroup.com\/fr\/agent-referral-program\/\" \/>\n<meta property=\"og:site_name\" content=\"Cosmo Management\" \/>\n<meta property=\"article:publisher\" content=\"https:\/\/www.facebook.com\/profile.php?id=100066623806246\" \/>\n<meta property=\"article:modified_time\" content=\"2024-06-13T15:48:15+00:00\" \/>\n<meta property=\"og:image\" content=\"https:\/\/www.cosmomanagementgroup.com\/wp-content\/uploads\/2024\/06\/Cosmo-Management-logo-share-1-1.png\" \/>\n\t<meta property=\"og:image:width\" content=\"1200\" \/>\n\t<meta property=\"og:image:height\" content=\"675\" \/>\n\t<meta property=\"og:image:type\" content=\"image\/png\" \/>\n<meta name=\"twitter:card\" content=\"summary_large_image\" \/>\n<meta name=\"twitter:label1\" content=\"Dur\u00e9e de lecture estim\u00e9e\" \/>\n\t<meta name=\"twitter:data1\" content=\"5 minutes\" \/>\n<script type=\"application\/ld+json\" class=\"yoast-schema-graph\">{\"@context\":\"https:\/\/schema.org\",\"@graph\":[{\"@type\":\"WebPage\",\"@id\":\"https:\/\/www.cosmomanagementgroup.com\/fr\/agent-referral-program\/\",\"url\":\"https:\/\/www.cosmomanagementgroup.com\/fr\/agent-referral-program\/\",\"name\":\"Programme des agents | Cosmo Management\",\"isPartOf\":{\"@id\":\"https:\/\/www.cosmomanagementgroup.com\/fr\/#website\"},\"datePublished\":\"2021-05-04T23:56:11+00:00\",\"dateModified\":\"2024-06-13T15:48:15+00:00\",\"breadcrumb\":{\"@id\":\"https:\/\/www.cosmomanagementgroup.com\/fr\/agent-referral-program\/#breadcrumb\"},\"inLanguage\":\"fr-FR\",\"potentialAction\":[{\"@type\":\"ReadAction\",\"target\":[\"https:\/\/www.cosmomanagementgroup.com\/fr\/agent-referral-program\/\"]}]},{\"@type\":\"BreadcrumbList\",\"@id\":\"https:\/\/www.cosmomanagementgroup.com\/fr\/agent-referral-program\/#breadcrumb\",\"itemListElement\":[{\"@type\":\"ListItem\",\"position\":1,\"name\":\"Home\",\"item\":\"https:\/\/www.cosmomanagementgroup.com\/fr\/\"},{\"@type\":\"ListItem\",\"position\":2,\"name\":\"Programme des agents\"}]},{\"@type\":\"WebSite\",\"@id\":\"https:\/\/www.cosmomanagementgroup.com\/fr\/#website\",\"url\":\"https:\/\/www.cosmomanagementgroup.com\/fr\/\",\"name\":\"Cosmo Management Group\",\"description\":\"Experts in property management in Miami. We handle everything from leasing to maintenance, ensuring your investment thrives.\",\"publisher\":{\"@id\":\"https:\/\/www.cosmomanagementgroup.com\/fr\/#organization\"},\"alternateName\":\"Cosmo Management\",\"potentialAction\":[{\"@type\":\"SearchAction\",\"target\":{\"@type\":\"EntryPoint\",\"urlTemplate\":\"https:\/\/www.cosmomanagementgroup.com\/fr\/?s={search_term_string}\"},\"query-input\":{\"@type\":\"PropertyValueSpecification\",\"valueRequired\":true,\"valueName\":\"search_term_string\"}}],\"inLanguage\":\"fr-FR\"},{\"@type\":\"Organization\",\"@id\":\"https:\/\/www.cosmomanagementgroup.com\/fr\/#organization\",\"name\":\"Cosmo Management Group\",\"alternateName\":\"Cosmo Management\",\"url\":\"https:\/\/www.cosmomanagementgroup.com\/fr\/\",\"logo\":{\"@type\":\"ImageObject\",\"inLanguage\":\"fr-FR\",\"@id\":\"https:\/\/www.cosmomanagementgroup.com\/fr\/#\/schema\/logo\/image\/\",\"url\":\"https:\/\/www.cosmomanagementgroup.com\/wp-content\/uploads\/2024\/06\/Cosmo-Management-Icon-Google.png\",\"contentUrl\":\"https:\/\/www.cosmomanagementgroup.com\/wp-content\/uploads\/2024\/06\/Cosmo-Management-Icon-Google.png\",\"width\":696,\"height\":696,\"caption\":\"Cosmo Management Group\"},\"image\":{\"@id\":\"https:\/\/www.cosmomanagementgroup.com\/fr\/#\/schema\/logo\/image\/\"},\"sameAs\":[\"https:\/\/www.facebook.com\/profile.php?id=100066623806246\",\"https:\/\/www.instagram.com\/cosmomanagementgroup\/\",\"https:\/\/www.linkedin.com\/company\/cosmo-management\/\"]}]}<\/script>\n<!-- \/ Yoast SEO plugin. -->","yoast_head_json":{"title":"Programme des agents | Cosmo Management","robots":{"index":"index","follow":"follow","max-snippet":"max-snippet:-1","max-image-preview":"max-image-preview:large","max-video-preview":"max-video-preview:-1"},"canonical":"https:\/\/www.cosmomanagementgroup.com\/fr\/agent-referral-program\/","og_locale":"fr_FR","og_type":"article","og_title":"Programme des agents | Cosmo Management","og_description":"[vc_row fullwidth=&#8221;yes&#8221; css=&#8221;.vc_custom_1626285674474{margin-right: 50px !important;margin-left: 50px !important;padding-top: 100px !important;padding-bottom: 100px !important;background-position: 0 0 !important;background-repeat: no-repeat !important;}&#8221; el_class=&#8221;side-bg no-padding&#8221;][vc_column offset=&#8221;vc_col-lg-offset-2 vc_col-lg-8&#8243;][vc_row_inner][vc_column_inner width=&#8221;1\/2&#8243;][vc_column_text] Lib\u00e9rez votre plein potentiel et d\u00e9veloppez votre activit\u00e9 en vous associant \u00e0 Cosmo Management. Dans un environnement immobilier qui \u00e9volue rapidement et o\u00f9 les agents doivent se r\u00e9inventer chaque jour, vous voulez garder une [&hellip;]","og_url":"https:\/\/www.cosmomanagementgroup.com\/fr\/agent-referral-program\/","og_site_name":"Cosmo Management","article_publisher":"https:\/\/www.facebook.com\/profile.php?id=100066623806246","article_modified_time":"2024-06-13T15:48:15+00:00","og_image":[{"width":1200,"height":675,"url":"https:\/\/www.cosmomanagementgroup.com\/wp-content\/uploads\/2024\/06\/Cosmo-Management-logo-share-1-1.png","type":"image\/png"}],"twitter_card":"summary_large_image","twitter_misc":{"Dur\u00e9e de lecture estim\u00e9e":"5 minutes"},"schema":{"@context":"https:\/\/schema.org","@graph":[{"@type":"WebPage","@id":"https:\/\/www.cosmomanagementgroup.com\/fr\/agent-referral-program\/","url":"https:\/\/www.cosmomanagementgroup.com\/fr\/agent-referral-program\/","name":"Programme des agents | Cosmo Management","isPartOf":{"@id":"https:\/\/www.cosmomanagementgroup.com\/fr\/#website"},"datePublished":"2021-05-04T23:56:11+00:00","dateModified":"2024-06-13T15:48:15+00:00","breadcrumb":{"@id":"https:\/\/www.cosmomanagementgroup.com\/fr\/agent-referral-program\/#breadcrumb"},"inLanguage":"fr-FR","potentialAction":[{"@type":"ReadAction","target":["https:\/\/www.cosmomanagementgroup.com\/fr\/agent-referral-program\/"]}]},{"@type":"BreadcrumbList","@id":"https:\/\/www.cosmomanagementgroup.com\/fr\/agent-referral-program\/#breadcrumb","itemListElement":[{"@type":"ListItem","position":1,"name":"Home","item":"https:\/\/www.cosmomanagementgroup.com\/fr\/"},{"@type":"ListItem","position":2,"name":"Programme des agents"}]},{"@type":"WebSite","@id":"https:\/\/www.cosmomanagementgroup.com\/fr\/#website","url":"https:\/\/www.cosmomanagementgroup.com\/fr\/","name":"Cosmo Management Group","description":"Experts in property management in Miami. We handle everything from leasing to maintenance, ensuring your investment thrives.","publisher":{"@id":"https:\/\/www.cosmomanagementgroup.com\/fr\/#organization"},"alternateName":"Cosmo Management","potentialAction":[{"@type":"SearchAction","target":{"@type":"EntryPoint","urlTemplate":"https:\/\/www.cosmomanagementgroup.com\/fr\/?s={search_term_string}"},"query-input":{"@type":"PropertyValueSpecification","valueRequired":true,"valueName":"search_term_string"}}],"inLanguage":"fr-FR"},{"@type":"Organization","@id":"https:\/\/www.cosmomanagementgroup.com\/fr\/#organization","name":"Cosmo Management Group","alternateName":"Cosmo Management","url":"https:\/\/www.cosmomanagementgroup.com\/fr\/","logo":{"@type":"ImageObject","inLanguage":"fr-FR","@id":"https:\/\/www.cosmomanagementgroup.com\/fr\/#\/schema\/logo\/image\/","url":"https:\/\/www.cosmomanagementgroup.com\/wp-content\/uploads\/2024\/06\/Cosmo-Management-Icon-Google.png","contentUrl":"https:\/\/www.cosmomanagementgroup.com\/wp-content\/uploads\/2024\/06\/Cosmo-Management-Icon-Google.png","width":696,"height":696,"caption":"Cosmo Management Group"},"image":{"@id":"https:\/\/www.cosmomanagementgroup.com\/fr\/#\/schema\/logo\/image\/"},"sameAs":["https:\/\/www.facebook.com\/profile.php?id=100066623806246","https:\/\/www.instagram.com\/cosmomanagementgroup\/","https:\/\/www.linkedin.com\/company\/cosmo-management\/"]}]}},"_links":{"self":[{"href":"https:\/\/www.cosmomanagementgroup.com\/fr\/wp-json\/wp\/v2\/pages\/2370","targetHints":{"allow":["GET"]}}],"collection":[{"href":"https:\/\/www.cosmomanagementgroup.com\/fr\/wp-json\/wp\/v2\/pages"}],"about":[{"href":"https:\/\/www.cosmomanagementgroup.com\/fr\/wp-json\/wp\/v2\/types\/page"}],"author":[{"embeddable":true,"href":"https:\/\/www.cosmomanagementgroup.com\/fr\/wp-json\/wp\/v2\/users\/2"}],"replies":[{"embeddable":true,"href":"https:\/\/www.cosmomanagementgroup.com\/fr\/wp-json\/wp\/v2\/comments?post=2370"}],"version-history":[{"count":17,"href":"https:\/\/www.cosmomanagementgroup.com\/fr\/wp-json\/wp\/v2\/pages\/2370\/revisions"}],"predecessor-version":[{"id":2720,"href":"https:\/\/www.cosmomanagementgroup.com\/fr\/wp-json\/wp\/v2\/pages\/2370\/revisions\/2720"}],"wp:attachment":[{"href":"https:\/\/www.cosmomanagementgroup.com\/fr\/wp-json\/wp\/v2\/media?parent=2370"}],"curies":[{"name":"wp","href":"https:\/\/api.w.org\/{rel}","templated":true}]}}