{"id":2417,"date":"2021-07-20T18:13:54","date_gmt":"2021-07-20T18:13:54","guid":{"rendered":"http:\/\/www.cosmomanagementgroup.com\/nos-services\/"},"modified":"2024-06-13T16:36:39","modified_gmt":"2024-06-13T16:36:39","slug":"nos-services","status":"publish","type":"page","link":"https:\/\/www.cosmomanagementgroup.com\/fr\/nos-services\/","title":{"rendered":"Nos services"},"content":{"rendered":"<p>[vc_row css=&#8221;.vc_custom_1620083247825{padding-top: 20px !important;}&#8221;][vc_column][vc_empty_space height=&#8221;72px&#8221;]\n\t<!-- Element: OT Heading --> \t \n\t<h3 class=\"ot_custom_heading  \" style=\"\" >Cosmo Management is your one-stop shop for property management.<\/h3>\t\n[vc_empty_space height=&#8221;30px&#8221;]\n\t<!-- Element: OT Heading --> \t \n\t<p class=\"ot_custom_heading  \" style=\"\" >From leaky pipes to landscaping, our team can provide you with the tools and team you need to get the job done right. Delegate the repairs, property maintenance and other time-consuming duties to us.<br \/>\nHiring a professional property management company can add great value to your properties and save you valuable time and headaches.<\/p>\t\n[\/vc_column][\/vc_row][vc_row fullwidth=&#8221;yes&#8221; css=&#8221;.vc_custom_1717970349853{margin-top: 90px !important;margin-bottom: 60px !important;padding-bottom: 0px !important;background-color: #202020 !important;}&#8221; el_class=&#8221;text-light&#8221;][vc_column]\t<!-- Element: OT Quick Office 2 -->\n\t<div class=\"side-bg\">\n\t\t<div class=\"image-container pull-left col-md-5\" data-delay=\"0\">\n\t        <img decoding=\"async\" src=\"https:\/\/www.cosmomanagementgroup.com\/wp-content\/uploads\/2021\/05\/houses-K9RQ8ZA-1.jpg\" class=\"img-responsive wow slideInLeft\" data-wow-duration=\"1.5s\">\n\t    <\/div>\n\n\t    <div class=\"container\">\n\t        <div class=\"row\">\n\t            <div class=\"inner-padding\">\n\t                <div class=\"col-md-6 col-md-offset-6 wow fadeInRight\" data-wow-delay=\".25s\">\n\t                    <h2>10 Reasons to Hire Cosmo Management<\/h2>\n\t                    <\/p>\n<ol class=\"list-services\">\n<li style=\"font-weight: 400;\" aria-level=\"1\"><span style=\"font-weight: 400;\">Offering property management, repairs and landscaping services<\/span><\/li>\n<li style=\"font-weight: 400;\" aria-level=\"1\"><span style=\"font-weight: 400;\">Reduce overall building expenses and deficiencies.<\/span><\/li>\n<li style=\"font-weight: 400;\" aria-level=\"1\"><span style=\"font-weight: 400;\">Specialist in effectively transitioning self-managed complex to professionally managed buildings.<\/span><\/li>\n<li style=\"font-weight: 400;\" aria-level=\"1\"><span style=\"font-weight: 400;\">Experts in building recertification\/inspection.<\/span><\/li>\n<li style=\"font-weight: 400;\" aria-level=\"1\"><span style=\"font-weight: 400;\">Increase Supervision of staff personnel.<\/span><\/li>\n<li style=\"font-weight: 400;\" aria-level=\"1\"><span style=\"font-weight: 400;\">Review and evaluate all existing contract and insurance policies to ensure cost control.<\/span><\/li>\n<li style=\"font-weight: 400;\" aria-level=\"1\"><span style=\"font-weight: 400;\">Reduce project completion timelines.<\/span><\/li>\n<li style=\"font-weight: 400;\" aria-level=\"1\"><span style=\"font-weight: 400;\">Optimized accounting services.<\/span><\/li>\n<li style=\"font-weight: 400;\" aria-level=\"1\"><span style=\"font-weight: 400;\">Effective buyer\/tenant screening process.<\/span><\/li>\n<li style=\"font-weight: 400;\" aria-level=\"1\"><span style=\"font-weight: 400;\">We manage both residential and commercial properties\u00a0<\/span><\/li>\n<\/ol>\n<p>\t                <\/div>\n\t                <div class=\"clearfix\"><\/div>\n\t            <\/div>\n\t        <\/div>\n\t    <\/div>\t\n\t<\/div>\n\t\n[\/vc_column][\/vc_row][vc_row css=&#8221;.vc_custom_1453975735934{padding-top: 90px !important;padding-bottom: 30px !important;}&#8221;][vc_column]<!-- Element: OT Services Grid -->\n<div class=\"services-masonry service-grid row\">\n\t<div class=\"col-md-4 item-service-grid-sizer\"><\/div>\n\t\n\t<div class=\"col-md-4 item\">\n\t\t\n\t\t\t\t\t\n\t\t\t\t\n\t\t\t\t\t        <a href=\"https:\/\/www.cosmomanagementgroup.com\/fr\/blog\/service\/renovation-reparations-et-entretien\/\"><img decoding=\"async\" src=\"https:\/\/www.cosmomanagementgroup.com\/wp-content\/uploads\/2021\/06\/home-renovation-XS55947.jpg\" class=\"img-responsive wp-post-image\" alt=\"\" title=\"Home Renovation\" \/><\/a>\n\t\t        <div class=\"spacer-single\"><\/div>\n\t\t\t   \n\t\t\t<h3><a href=\"https:\/\/www.cosmomanagementgroup.com\/fr\/blog\/service\/renovation-reparations-et-entretien\/\">R\u00e9novation &#8211; R\u00e9parations et entretien<\/a><\/h3>\n\t\t\t<div class=\"service-excerpt\"><p>Notre capacit\u00e9 \u00e0 traiter la plupart des ordres de travail en interne nous permet de r\u00e9pondre plus rapidement. Nos bricoleurs qualifi\u00e9s peuvent s&#8217;occuper de tout ce qui concerne la plomberie, l&#8217;\u00e9lectricit\u00e9 et les r\u00e9parations d&#8217;entretien g\u00e9n\u00e9ral. <\/p>\n<\/div>\t\t\t\n\t\t\t\t\t\t\t<div class=\"spacer-single-10\"><\/div>\t\t\t\t\t\t\t\t\n\t\t\t\t<a href=\"https:\/\/www.cosmomanagementgroup.com\/fr\/blog\/service\/renovation-reparations-et-entretien\/\" class=\"btn-line btn-fullwidth\">Read More<\/a>\n\t\t\t\n\t\t\n\t<\/div>\n\n\t\n\t<div class=\"col-md-4 item\">\n\t\t\n\t\t\t\t\t\n\t\t\t\t\n\t\t\t\t\t        <a href=\"https:\/\/www.cosmomanagementgroup.com\/fr\/blog\/service\/gestion-des-biens-projets\/\"><img decoding=\"async\" width=\"2309\" height=\"1299\" src=\"https:\/\/www.cosmomanagementgroup.com\/wp-content\/uploads\/2021\/06\/iStock-1220765708-2.jpg\" class=\"img-responsive wp-post-image\" alt=\"\" srcset=\"https:\/\/www.cosmomanagementgroup.com\/wp-content\/uploads\/2021\/06\/iStock-1220765708-2.jpg 2309w, https:\/\/www.cosmomanagementgroup.com\/wp-content\/uploads\/2021\/06\/iStock-1220765708-2-300x169.jpg 300w, https:\/\/www.cosmomanagementgroup.com\/wp-content\/uploads\/2021\/06\/iStock-1220765708-2-1024x576.jpg 1024w, https:\/\/www.cosmomanagementgroup.com\/wp-content\/uploads\/2021\/06\/iStock-1220765708-2-768x432.jpg 768w, https:\/\/www.cosmomanagementgroup.com\/wp-content\/uploads\/2021\/06\/iStock-1220765708-2-1536x864.jpg 1536w, https:\/\/www.cosmomanagementgroup.com\/wp-content\/uploads\/2021\/06\/iStock-1220765708-2-2048x1152.jpg 2048w, https:\/\/www.cosmomanagementgroup.com\/wp-content\/uploads\/2021\/06\/iStock-1220765708-2-600x338.jpg 600w\" sizes=\"(max-width: 2309px) 100vw, 2309px\" title=\"Real Estate Agent Showing a New Empty Office Space to Young Male and Female Hipsters. Entrepreneurs Meet the Broker with a Tablet and Discuss the Facility They Wish to Purchase or Rent.\" \/><\/a>\n\t\t        <div class=\"spacer-single\"><\/div>\n\t\t\t   \n\t\t\t<h3><a href=\"https:\/\/www.cosmomanagementgroup.com\/fr\/blog\/service\/gestion-des-biens-projets\/\">Gestion des biens\/projets<\/a><\/h3>\n\t\t\t<div class=\"service-excerpt\"><p>Que vous soyez un investisseur cherchant \u00e0 d\u00e9velopper votre portefeuille ou un membre du conseil d&#8217;administration \u00e0 la recherche d&#8217;un chef de projet pour s&#8217;occuper de la recertification de vos 40 ans, vous avez trouv\u00e9 le bon joueur d&#8217;\u00e9quipe. Chez Cosmo, notre mission est de fournir un service irr\u00e9prochable et de vous donner les ressources dont vous avez besoin pour vous sentir autonome et fonctionner \u00e0 un niveau sup\u00e9rieur. <\/p>\n<\/div>\t\t\t\n\t\t\t\t\t\t\t<div class=\"spacer-single-10\"><\/div>\t\t\t\t\t\t\t\t\n\t\t\t\t<a href=\"https:\/\/www.cosmomanagementgroup.com\/fr\/blog\/service\/gestion-des-biens-projets\/\" class=\"btn-line btn-fullwidth\">Read More<\/a>\n\t\t\t\n\t\t\n\t<\/div>\n\n\t\n\t<div class=\"col-md-4 item\">\n\t\t\n\t\t\t\t\t\n\t\t\t\t\n\t\t\t\t\t        <a href=\"https:\/\/www.cosmomanagementgroup.com\/fr\/blog\/service\/landscaping\/\"><img decoding=\"async\" width=\"2119\" height=\"1414\" src=\"https:\/\/www.cosmomanagementgroup.com\/wp-content\/uploads\/2015\/08\/iStock-1053179542.jpg\" class=\"img-responsive wp-post-image\" alt=\"\" srcset=\"https:\/\/www.cosmomanagementgroup.com\/wp-content\/uploads\/2015\/08\/iStock-1053179542.jpg 2119w, https:\/\/www.cosmomanagementgroup.com\/wp-content\/uploads\/2015\/08\/iStock-1053179542-300x200.jpg 300w, https:\/\/www.cosmomanagementgroup.com\/wp-content\/uploads\/2015\/08\/iStock-1053179542-1024x683.jpg 1024w, https:\/\/www.cosmomanagementgroup.com\/wp-content\/uploads\/2015\/08\/iStock-1053179542-768x512.jpg 768w, https:\/\/www.cosmomanagementgroup.com\/wp-content\/uploads\/2015\/08\/iStock-1053179542-1536x1025.jpg 1536w, https:\/\/www.cosmomanagementgroup.com\/wp-content\/uploads\/2015\/08\/iStock-1053179542-2048x1367.jpg 2048w, https:\/\/www.cosmomanagementgroup.com\/wp-content\/uploads\/2015\/08\/iStock-1053179542-750x499.jpg 750w, https:\/\/www.cosmomanagementgroup.com\/wp-content\/uploads\/2015\/08\/iStock-1053179542-600x400.jpg 600w\" sizes=\"(max-width: 2119px) 100vw, 2119px\" title=\"Caucasian Turf Grass Installer\" \/><\/a>\n\t\t        <div class=\"spacer-single\"><\/div>\n\t\t\t   \n\t\t\t<h3><a href=\"https:\/\/www.cosmomanagementgroup.com\/fr\/blog\/service\/landscaping\/\">Am\u00e9nagement paysager<\/a><\/h3>\n\t\t\t<div class=\"service-excerpt\"><p>Les plantes peuvent donner vie \u00e0 votre propri\u00e9t\u00e9.  Qu&#8217;il s&#8217;agisse d&#8217;une petite plantation ou d&#8217;une installation paysag\u00e8re \u00e9labor\u00e9e, nous orchestrerons chaque phase du projet pour en garantir le succ\u00e8s et am\u00e9liorer l&#8217;attrait de votre propri\u00e9t\u00e9.<\/p>\n<\/div>\t\t\t\n\t\t\t\t\t\t\t<div class=\"spacer-single-10\"><\/div>\t\t\t\t\t\t\t\t\n\t\t\t\t<a href=\"https:\/\/www.cosmomanagementgroup.com\/fr\/blog\/service\/landscaping\/\" class=\"btn-line btn-fullwidth\">Read More<\/a>\n\t\t\t\n\t\t\n\t<\/div>\n\n\t\t\n<\/div>\t\n\n[\/vc_column][\/vc_row][vc_row el_class=&#8221;call-to-action bg-color dark text-center&#8221; css=&#8221;.vc_custom_1453975666551{padding-top: 60px !important;padding-bottom: 60px !important;}&#8221;][vc_column]\t\t\t\n\t<!-- Element: OT Button --> \n\t\t\t<a href=\"http:\/\/www.cosmomanagementgroup.com\/contact\/\" target=\"_self\" class=\"btn btn-line-black btn-big  \">Get in touch<\/a>\n\t    \n[\/vc_column][\/vc_row]<\/p>\n","protected":false},"excerpt":{"rendered":"<p>[vc_row css=&#8221;.vc_custom_1620083247825{padding-top: 20px !important;}&#8221;][vc_column][vc_empty_space height=&#8221;72px&#8221;][vc_empty_space height=&#8221;30px&#8221;][\/vc_column][\/vc_row][vc_row fullwidth=&#8221;yes&#8221; css=&#8221;.vc_custom_1717970349853{margin-top: 90px !important;margin-bottom: 60px !important;padding-bottom: 0px !important;background-color: #202020 !important;}&#8221; el_class=&#8221;text-light&#8221;][vc_column][\/vc_column][\/vc_row][vc_row css=&#8221;.vc_custom_1453975735934{padding-top: 90px !important;padding-bottom: 30px !important;}&#8221;][vc_column][\/vc_column][\/vc_row][vc_row el_class=&#8221;call-to-action bg-color dark text-center&#8221; css=&#8221;.vc_custom_1453975666551{padding-top: 60px !important;padding-bottom: 60px !important;}&#8221;][vc_column][\/vc_column][\/vc_row]<\/p>\n","protected":false},"author":1,"featured_media":0,"parent":0,"menu_order":0,"comment_status":"closed","ping_status":"closed","template":"page-templates\/template-fullwidth.php","meta":{"footnotes":""},"class_list":["post-2417","page","type-page","status-publish","hentry"],"yoast_head":"<!-- This site is optimized with the Yoast SEO plugin v25.4 - https:\/\/yoast.com\/wordpress\/plugins\/seo\/ -->\n<title>Nos services | Cosmo Management<\/title>\n<meta name=\"robots\" content=\"index, follow, max-snippet:-1, max-image-preview:large, max-video-preview:-1\" \/>\n<link rel=\"canonical\" href=\"https:\/\/www.cosmomanagementgroup.com\/fr\/nos-services\/\" \/>\n<meta property=\"og:locale\" content=\"fr_FR\" \/>\n<meta property=\"og:type\" content=\"article\" \/>\n<meta property=\"og:title\" content=\"Nos services | Cosmo Management\" \/>\n<meta property=\"og:description\" content=\"[vc_row css=&#8221;.vc_custom_1620083247825{padding-top: 20px !important;}&#8221;][vc_column][vc_empty_space height=&#8221;72px&#8221;][vc_empty_space height=&#8221;30px&#8221;][\/vc_column][\/vc_row][vc_row fullwidth=&#8221;yes&#8221; css=&#8221;.vc_custom_1717970349853{margin-top: 90px !important;margin-bottom: 60px !important;padding-bottom: 0px !important;background-color: #202020 !important;}&#8221; el_class=&#8221;text-light&#8221;][vc_column][\/vc_column][\/vc_row][vc_row css=&#8221;.vc_custom_1453975735934{padding-top: 90px !important;padding-bottom: 30px !important;}&#8221;][vc_column][\/vc_column][\/vc_row][vc_row el_class=&#8221;call-to-action bg-color dark text-center&#8221; css=&#8221;.vc_custom_1453975666551{padding-top: 60px !important;padding-bottom: 60px !important;}&#8221;][vc_column][\/vc_column][\/vc_row]\" \/>\n<meta property=\"og:url\" content=\"https:\/\/www.cosmomanagementgroup.com\/fr\/nos-services\/\" \/>\n<meta property=\"og:site_name\" content=\"Cosmo Management\" \/>\n<meta property=\"article:publisher\" content=\"https:\/\/www.facebook.com\/profile.php?id=100066623806246\" \/>\n<meta property=\"article:modified_time\" content=\"2024-06-13T16:36:39+00:00\" \/>\n<meta property=\"og:image\" content=\"https:\/\/www.cosmomanagementgroup.com\/wp-content\/uploads\/2024\/06\/Cosmo-Management-logo-share-1-1.png\" \/>\n\t<meta property=\"og:image:width\" content=\"1200\" \/>\n\t<meta property=\"og:image:height\" content=\"675\" \/>\n\t<meta property=\"og:image:type\" content=\"image\/png\" \/>\n<meta name=\"twitter:card\" content=\"summary_large_image\" \/>\n<meta name=\"twitter:label1\" content=\"Dur\u00e9e de lecture estim\u00e9e\" \/>\n\t<meta name=\"twitter:data1\" content=\"1 minute\" \/>\n<script type=\"application\/ld+json\" class=\"yoast-schema-graph\">{\"@context\":\"https:\/\/schema.org\",\"@graph\":[{\"@type\":\"WebPage\",\"@id\":\"https:\/\/www.cosmomanagementgroup.com\/fr\/nos-services\/\",\"url\":\"https:\/\/www.cosmomanagementgroup.com\/fr\/nos-services\/\",\"name\":\"Nos services | Cosmo Management\",\"isPartOf\":{\"@id\":\"https:\/\/www.cosmomanagementgroup.com\/fr\/#website\"},\"datePublished\":\"2021-07-20T18:13:54+00:00\",\"dateModified\":\"2024-06-13T16:36:39+00:00\",\"breadcrumb\":{\"@id\":\"https:\/\/www.cosmomanagementgroup.com\/fr\/nos-services\/#breadcrumb\"},\"inLanguage\":\"fr-FR\",\"potentialAction\":[{\"@type\":\"ReadAction\",\"target\":[\"https:\/\/www.cosmomanagementgroup.com\/fr\/nos-services\/\"]}]},{\"@type\":\"BreadcrumbList\",\"@id\":\"https:\/\/www.cosmomanagementgroup.com\/fr\/nos-services\/#breadcrumb\",\"itemListElement\":[{\"@type\":\"ListItem\",\"position\":1,\"name\":\"Home\",\"item\":\"https:\/\/www.cosmomanagementgroup.com\/fr\/\"},{\"@type\":\"ListItem\",\"position\":2,\"name\":\"Nos services\"}]},{\"@type\":\"WebSite\",\"@id\":\"https:\/\/www.cosmomanagementgroup.com\/fr\/#website\",\"url\":\"https:\/\/www.cosmomanagementgroup.com\/fr\/\",\"name\":\"Cosmo Management Group\",\"description\":\"Experts in property management in Miami. We handle everything from leasing to maintenance, ensuring your investment thrives.\",\"publisher\":{\"@id\":\"https:\/\/www.cosmomanagementgroup.com\/fr\/#organization\"},\"alternateName\":\"Cosmo Management\",\"potentialAction\":[{\"@type\":\"SearchAction\",\"target\":{\"@type\":\"EntryPoint\",\"urlTemplate\":\"https:\/\/www.cosmomanagementgroup.com\/fr\/?s={search_term_string}\"},\"query-input\":{\"@type\":\"PropertyValueSpecification\",\"valueRequired\":true,\"valueName\":\"search_term_string\"}}],\"inLanguage\":\"fr-FR\"},{\"@type\":\"Organization\",\"@id\":\"https:\/\/www.cosmomanagementgroup.com\/fr\/#organization\",\"name\":\"Cosmo Management Group\",\"alternateName\":\"Cosmo Management\",\"url\":\"https:\/\/www.cosmomanagementgroup.com\/fr\/\",\"logo\":{\"@type\":\"ImageObject\",\"inLanguage\":\"fr-FR\",\"@id\":\"https:\/\/www.cosmomanagementgroup.com\/fr\/#\/schema\/logo\/image\/\",\"url\":\"https:\/\/www.cosmomanagementgroup.com\/wp-content\/uploads\/2024\/06\/Cosmo-Management-Icon-Google.png\",\"contentUrl\":\"https:\/\/www.cosmomanagementgroup.com\/wp-content\/uploads\/2024\/06\/Cosmo-Management-Icon-Google.png\",\"width\":696,\"height\":696,\"caption\":\"Cosmo Management Group\"},\"image\":{\"@id\":\"https:\/\/www.cosmomanagementgroup.com\/fr\/#\/schema\/logo\/image\/\"},\"sameAs\":[\"https:\/\/www.facebook.com\/profile.php?id=100066623806246\",\"https:\/\/www.instagram.com\/cosmomanagementgroup\/\",\"https:\/\/www.linkedin.com\/company\/cosmo-management\/\"]}]}<\/script>\n<!-- \/ Yoast SEO plugin. -->","yoast_head_json":{"title":"Nos services | Cosmo Management","robots":{"index":"index","follow":"follow","max-snippet":"max-snippet:-1","max-image-preview":"max-image-preview:large","max-video-preview":"max-video-preview:-1"},"canonical":"https:\/\/www.cosmomanagementgroup.com\/fr\/nos-services\/","og_locale":"fr_FR","og_type":"article","og_title":"Nos services | Cosmo Management","og_description":"[vc_row css=&#8221;.vc_custom_1620083247825{padding-top: 20px !important;}&#8221;][vc_column][vc_empty_space height=&#8221;72px&#8221;][vc_empty_space height=&#8221;30px&#8221;][\/vc_column][\/vc_row][vc_row fullwidth=&#8221;yes&#8221; css=&#8221;.vc_custom_1717970349853{margin-top: 90px !important;margin-bottom: 60px !important;padding-bottom: 0px !important;background-color: #202020 !important;}&#8221; el_class=&#8221;text-light&#8221;][vc_column][\/vc_column][\/vc_row][vc_row css=&#8221;.vc_custom_1453975735934{padding-top: 90px !important;padding-bottom: 30px !important;}&#8221;][vc_column][\/vc_column][\/vc_row][vc_row el_class=&#8221;call-to-action bg-color dark text-center&#8221; css=&#8221;.vc_custom_1453975666551{padding-top: 60px !important;padding-bottom: 60px !important;}&#8221;][vc_column][\/vc_column][\/vc_row]","og_url":"https:\/\/www.cosmomanagementgroup.com\/fr\/nos-services\/","og_site_name":"Cosmo Management","article_publisher":"https:\/\/www.facebook.com\/profile.php?id=100066623806246","article_modified_time":"2024-06-13T16:36:39+00:00","og_image":[{"width":1200,"height":675,"url":"https:\/\/www.cosmomanagementgroup.com\/wp-content\/uploads\/2024\/06\/Cosmo-Management-logo-share-1-1.png","type":"image\/png"}],"twitter_card":"summary_large_image","twitter_misc":{"Dur\u00e9e de lecture estim\u00e9e":"1 minute"},"schema":{"@context":"https:\/\/schema.org","@graph":[{"@type":"WebPage","@id":"https:\/\/www.cosmomanagementgroup.com\/fr\/nos-services\/","url":"https:\/\/www.cosmomanagementgroup.com\/fr\/nos-services\/","name":"Nos services | Cosmo Management","isPartOf":{"@id":"https:\/\/www.cosmomanagementgroup.com\/fr\/#website"},"datePublished":"2021-07-20T18:13:54+00:00","dateModified":"2024-06-13T16:36:39+00:00","breadcrumb":{"@id":"https:\/\/www.cosmomanagementgroup.com\/fr\/nos-services\/#breadcrumb"},"inLanguage":"fr-FR","potentialAction":[{"@type":"ReadAction","target":["https:\/\/www.cosmomanagementgroup.com\/fr\/nos-services\/"]}]},{"@type":"BreadcrumbList","@id":"https:\/\/www.cosmomanagementgroup.com\/fr\/nos-services\/#breadcrumb","itemListElement":[{"@type":"ListItem","position":1,"name":"Home","item":"https:\/\/www.cosmomanagementgroup.com\/fr\/"},{"@type":"ListItem","position":2,"name":"Nos services"}]},{"@type":"WebSite","@id":"https:\/\/www.cosmomanagementgroup.com\/fr\/#website","url":"https:\/\/www.cosmomanagementgroup.com\/fr\/","name":"Cosmo Management Group","description":"Experts in property management in Miami. We handle everything from leasing to maintenance, ensuring your investment thrives.","publisher":{"@id":"https:\/\/www.cosmomanagementgroup.com\/fr\/#organization"},"alternateName":"Cosmo Management","potentialAction":[{"@type":"SearchAction","target":{"@type":"EntryPoint","urlTemplate":"https:\/\/www.cosmomanagementgroup.com\/fr\/?s={search_term_string}"},"query-input":{"@type":"PropertyValueSpecification","valueRequired":true,"valueName":"search_term_string"}}],"inLanguage":"fr-FR"},{"@type":"Organization","@id":"https:\/\/www.cosmomanagementgroup.com\/fr\/#organization","name":"Cosmo Management Group","alternateName":"Cosmo Management","url":"https:\/\/www.cosmomanagementgroup.com\/fr\/","logo":{"@type":"ImageObject","inLanguage":"fr-FR","@id":"https:\/\/www.cosmomanagementgroup.com\/fr\/#\/schema\/logo\/image\/","url":"https:\/\/www.cosmomanagementgroup.com\/wp-content\/uploads\/2024\/06\/Cosmo-Management-Icon-Google.png","contentUrl":"https:\/\/www.cosmomanagementgroup.com\/wp-content\/uploads\/2024\/06\/Cosmo-Management-Icon-Google.png","width":696,"height":696,"caption":"Cosmo Management Group"},"image":{"@id":"https:\/\/www.cosmomanagementgroup.com\/fr\/#\/schema\/logo\/image\/"},"sameAs":["https:\/\/www.facebook.com\/profile.php?id=100066623806246","https:\/\/www.instagram.com\/cosmomanagementgroup\/","https:\/\/www.linkedin.com\/company\/cosmo-management\/"]}]}},"_links":{"self":[{"href":"https:\/\/www.cosmomanagementgroup.com\/fr\/wp-json\/wp\/v2\/pages\/2417","targetHints":{"allow":["GET"]}}],"collection":[{"href":"https:\/\/www.cosmomanagementgroup.com\/fr\/wp-json\/wp\/v2\/pages"}],"about":[{"href":"https:\/\/www.cosmomanagementgroup.com\/fr\/wp-json\/wp\/v2\/types\/page"}],"author":[{"embeddable":true,"href":"https:\/\/www.cosmomanagementgroup.com\/fr\/wp-json\/wp\/v2\/users\/1"}],"replies":[{"embeddable":true,"href":"https:\/\/www.cosmomanagementgroup.com\/fr\/wp-json\/wp\/v2\/comments?post=2417"}],"version-history":[{"count":7,"href":"https:\/\/www.cosmomanagementgroup.com\/fr\/wp-json\/wp\/v2\/pages\/2417\/revisions"}],"predecessor-version":[{"id":2760,"href":"https:\/\/www.cosmomanagementgroup.com\/fr\/wp-json\/wp\/v2\/pages\/2417\/revisions\/2760"}],"wp:attachment":[{"href":"https:\/\/www.cosmomanagementgroup.com\/fr\/wp-json\/wp\/v2\/media?parent=2417"}],"curies":[{"name":"wp","href":"https:\/\/api.w.org\/{rel}","templated":true}]}}