{"id":2359,"date":"2021-07-20T04:15:44","date_gmt":"2021-07-20T04:15:44","guid":{"rendered":"http:\/\/www.cosmomanagementgroup.com\/sobre\/"},"modified":"2024-06-13T16:12:27","modified_gmt":"2024-06-13T16:12:27","slug":"sobre","status":"publish","type":"page","link":"https:\/\/www.cosmomanagementgroup.com\/pt-br\/sobre\/","title":{"rendered":"Sobre"},"content":{"rendered":"<p>[vc_row fullwidth=&#8221;yes&#8221; css=&#8221;.vc_custom_1474447018555{background-position: 0 0 !important;background-repeat: no-repeat !important;}&#8221; el_class=&#8221;side-bg no-padding&#8221;][vc_column]\t<!-- Element: OT Quick Office -->\n\t<div class=\"side-bg\">\n\n\t\t<div class=\"image-container hidden-xs pull-left col-md-5\" style=\"background-image:url(https:\/\/www.cosmomanagementgroup.com\/wp-content\/uploads\/2021\/06\/cosmos.jpg); ?>\" data-delay=\"0\"><\/div>\n\n\t\t<!-- Added this code in 26\/03\/2019 -->\n\t\t<img decoding=\"async\" class=\"visible-xs img-responsive\" src=\"https:\/\/www.cosmomanagementgroup.com\/wp-content\/uploads\/2021\/06\/cosmos.jpg\" \/>\n\n        <div class=\"container\">\n            <div class=\"row\">\n                <div class=\"inner-padding\">\n                    <div class=\"col-md-6 col-md-offset-6 wow fadeInRight\" data-wow-delay=\".2s\">\n                        <h2>O Cosmos \u00e9 definido como um universo sistem\u00e1tico ordenado e harmonioso. Levamos essa defini\u00e7\u00e3o a s\u00e9rio e trabalhamos duro para trazer ordem ao mundo muitas vezes ca\u00f3tico da administra\u00e7\u00e3o de propriedades.<\/h2><br\/>\n                                            <\/div>\n                    <div class=\"clearfix\"><\/div>\n                <\/div>\n            <\/div>\n        <\/div>\n\t<\/div>\n\n[\/vc_column][\/vc_row][vc_row css=&#8221;.vc_custom_1620083457884{padding-top: 180px !important;padding-bottom: 135px !important;background-color: #f7f7f7 !important;}&#8221;][vc_column width=&#8221;1\/3&#8243; animate=&#8221;fadinright&#8221; css=&#8221;.vc_custom_1622756315556{padding-top: 50px !important;}&#8221;]\n\t<!-- Element: OT Heading --> \t \n\t<h2 class=\"ot_custom_heading mt-20 \" style=\"\" >Who We Are<\/h2>\t\n[vc_column_text]A Cosmo oferece uma ampla gama de servi\u00e7os que gravitam todos em torno do setor imobili\u00e1rio.<\/p>\n<p>Somos especializados em edif\u00edcios autogerenciados, casas unifamiliares que s\u00e3o de propriedade privada, onde representamos principalmente investidores privados\/fundos de investimento, renda residencial e propriedades multifamiliares.[\/vc_column_text][\/vc_column][vc_column width=&#8221;2\/3&#8243; animate=&#8221;fadeinleft&#8221;][vc_single_image image=&#8221;2250&#8243; img_size=&#8221;full&#8221; alignment=&#8221;right&#8221;][\/vc_column][\/vc_row][vc_row css=&#8221;.vc_custom_1620083487362{padding-top: 110px !important;padding-bottom: 110px !important;background-image: url(http:\/\/www.cosmomanagementgroup.com\/wp-content\/uploads\/2016\/10\/bg-17.jpg?id=1021) !important;}&#8221; el_class=&#8221;text-light bg-fixed&#8221;][vc_column width=&#8221;1\/2&#8243;][vc_single_image image=&#8221;2253&#8243; img_size=&#8221;full&#8221; css=&#8221;.vc_custom_1622679524574{margin-bottom: 0px !important;}&#8221;][\/vc_column][vc_column width=&#8221;1\/2&#8243; css=&#8221;.vc_custom_1622679554883{padding-top: 25px !important;}&#8221;]\n\t<!-- Element: OT Heading --> \t \n\t<h2 class=\"ot_custom_heading mt-20 \" style=\"\" >What We Offer<\/h2>\t\n[vc_column_text]<\/p>\n<p class=\"lead\">Oferecemos op\u00e7\u00f5es de &#8220;servi\u00e7o completo&#8221; e solu\u00e7\u00f5es de gerenciamento de projetos parciais ou &#8220;a la carte&#8221; dependendo das necessidades do edif\u00edcio\/cliente e do or\u00e7amento. Nossa flexibilidade e abordagem proativa no trabalho com diferentes tipos de clientes e tamanhos de edif\u00edcios s\u00e3o o que nos diferencia de outras empresas tradicionais de administra\u00e7\u00e3o de propriedades.<\/p>\n<p class=\"lead\">A Cosmo Management \u00e9 uma das empresas de gest\u00e3o imobili\u00e1ria que mais cresce no sul da Fl\u00f3rida gra\u00e7as \u00e0 rede que desenvolvemos com propriet\u00e1rios, empreiteiros e agentes imobili\u00e1rios ao longo dos anos. Nossas parcerias com profissionais de confian\u00e7a da ind\u00fastria s\u00e3o o segredo do sucesso e do crescimento de nossa empresa. Nossa equipe est\u00e1 sempre pronta para lhe oferecer o melhor em atendimento ao cliente e experi\u00eancia do cliente.<\/p>\n<p>[\/vc_column_text][\/vc_column][\/vc_row][vc_row css=&#8221;.vc_custom_1620121805325{padding-top: 20px !important;}&#8221;][vc_column][vc_empty_space height=&#8221;72px&#8221;]\n\t<!-- Element: OT Heading --> \t \n\t<h2 class=\"ot_custom_heading mt-20 \" style=\"\" >Nossos valores<\/h2>\t\n\n\t<!-- Element: OT Heading --> \t \n\t<p class=\"ot_custom_heading  \" style=\"\" >Nossa miss\u00e3o \u00e9 fornecer solu\u00e7\u00f5es inovadoras e econ\u00f4micas de gest\u00e3o de propriedades, melhorando a qualidade de vida dos propriet\u00e1rios e residentes.<\/p>\t\n[\/vc_column][\/vc_row][vc_row css=&#8221;.vc_custom_1620082325304{padding-top: 60px !important;padding-bottom: 90px !important;}&#8221;][vc_column width=&#8221;1\/3&#8243; animate=&#8221;fadeinleft&#8221;]\t\t\n\n\t<!-- OT Info Apps -->\n    <div class=\"vc_custom_1620082394370 box-icon-simple right\">                \n         \n\t    \t<i class=\"fa fa-power-off \"  ><\/i>\n\t     \n        <div class=\"text\">\n            <h3><span class=\"id-color\">Capacita\u00e7\u00e3o<\/span><\/h3>\n            Each one of us is encouraged to take ownership, initiative and sound decisions in the best interest of those we serve.        <\/div>\n    <\/div>    \n\n\t\t\n\n\t<!-- OT Info Apps -->\n    <div class=\"vc_custom_1620082456446 box-icon-simple right\">                \n         \n\t    \t<i class=\"fa fa-line-chart \"  ><\/i>\n\t     \n        <div class=\"text\">\n            <h3><span class=\"id-color\">Pr\u00f3-ativo<\/span><\/h3>\n            our experience allows us to anticipate challenges and resolve them before they become an issue.        <\/div>\n    <\/div>    \n\n\t\t\n\n\t<!-- OT Info Apps -->\n    <div class=\"vc_custom_1620082527402 box-icon-simple right\">                \n         \n\t    \t<i class=\"fa fa-hand-o-up \"  ><\/i>\n\t     \n        <div class=\"text\">\n            <h3><span class=\"id-color\">Compromisso<\/span><\/h3>\n            We\u2019re passionate about our commitment to deliver on our promises to residents and partners.        <\/div>\n    <\/div>    \n\n[\/vc_column][vc_column width=&#8221;1\/3&#8243; animate=&#8221;fadeinup&#8221;][vc_single_image image=&#8221;2256&#8243; img_size=&#8221;full&#8221; alignment=&#8221;center&#8221; css=&#8221;.vc_custom_1622679612110{margin-bottom: 0px !important;}&#8221;][\/vc_column][vc_column width=&#8221;1\/3&#8243; animate=&#8221;fadinright&#8221;]\t\t\n\n\t<!-- OT Info Apps -->\n    <div class=\"vc_custom_1620082557936 box-icon-simple left\">                \n         \n\t    \t<i class=\"fa fa-smile-o \"  ><\/i>\n\t     \n        <div class=\"text\">\n            <h3><span class=\"id-color\">Confi\u00e1vel<\/span><\/h3>\n            We recognize everyone\u2019s time is valuable and our team will be there when it matters most.        <\/div>\n    <\/div>    \n\n\t\t\n\n\t<!-- OT Info Apps -->\n    <div class=\"vc_custom_1620082599387 box-icon-simple left\">                \n         \n\t    \t<i class=\"fa fa-user \"  ><\/i>\n\t     \n        <div class=\"text\">\n            <h3><span class=\"id-color\">Integridade<\/span><\/h3>\n            We are honest, ethical, and fair in everything we do.        <\/div>\n    <\/div>    \n\n\t\t\n\n\t<!-- OT Info Apps -->\n    <div class=\"vc_custom_1620082617860 box-icon-simple left\">                \n         \n\t    \t<i class=\"fa fa-handshake-o \"  ><\/i>\n\t     \n        <div class=\"text\">\n            <h3><span class=\"id-color\">Transpar\u00eancia<\/span><\/h3>\n            Communicate internally and externally with unwavering candor, honesty and respect.        <\/div>\n    <\/div>    \n\n[\/vc_column][\/vc_row][vc_row fullwidth=&#8221;yes&#8221; css=&#8221;.vc_custom_1442204580531{padding-top: 60px !important;padding-bottom: 60px !important;}&#8221; el_class=&#8221;call-to-action bg-color text-center&#8221;][vc_column]\t\t\t\n\t<!-- Element: OT Button --> \n\t\t\t<a href=\"http:\/\/www.cosmomanagementgroup.com\/contact\/\" target=\"_self\" class=\"btn btn-line-black btn-big  \">Talk With Us<\/a>\n\t    \n[\/vc_column][\/vc_row][vc_row][vc_column][\/vc_column][\/vc_row]<\/p>\n","protected":false},"excerpt":{"rendered":"<p>[vc_row fullwidth=&#8221;yes&#8221; css=&#8221;.vc_custom_1474447018555{background-position: 0 0 !important;background-repeat: no-repeat !important;}&#8221; el_class=&#8221;side-bg no-padding&#8221;][vc_column][\/vc_column][\/vc_row][vc_row css=&#8221;.vc_custom_1620083457884{padding-top: 180px !important;padding-bottom: 135px !important;background-color: #f7f7f7 !important;}&#8221;][vc_column width=&#8221;1\/3&#8243; animate=&#8221;fadinright&#8221; css=&#8221;.vc_custom_1622756315556{padding-top: 50px !important;}&#8221;][vc_column_text]A Cosmo oferece uma ampla gama de servi\u00e7os que gravitam todos em torno do setor imobili\u00e1rio. Somos especializados em edif\u00edcios autogerenciados, casas unifamiliares que s\u00e3o de propriedade privada, onde representamos principalmente investidores privados\/fundos de [&hellip;]<\/p>\n","protected":false},"author":1,"featured_media":0,"parent":0,"menu_order":0,"comment_status":"open","ping_status":"open","template":"page-templates\/template-fullwidth.php","meta":{"footnotes":""},"class_list":["post-2359","page","type-page","status-publish","hentry"],"yoast_head":"<!-- This site is optimized with the Yoast SEO plugin v25.4 - https:\/\/yoast.com\/wordpress\/plugins\/seo\/ -->\n<title>Sobre | Cosmo Management<\/title>\n<meta name=\"robots\" content=\"index, follow, max-snippet:-1, max-image-preview:large, max-video-preview:-1\" \/>\n<link rel=\"canonical\" href=\"https:\/\/www.cosmomanagementgroup.com\/pt-br\/sobre\/\" \/>\n<meta property=\"og:locale\" content=\"pt_BR\" \/>\n<meta property=\"og:type\" content=\"article\" \/>\n<meta property=\"og:title\" content=\"Sobre | Cosmo Management\" \/>\n<meta property=\"og:description\" content=\"[vc_row fullwidth=&#8221;yes&#8221; css=&#8221;.vc_custom_1474447018555{background-position: 0 0 !important;background-repeat: no-repeat !important;}&#8221; el_class=&#8221;side-bg no-padding&#8221;][vc_column][\/vc_column][\/vc_row][vc_row css=&#8221;.vc_custom_1620083457884{padding-top: 180px !important;padding-bottom: 135px !important;background-color: #f7f7f7 !important;}&#8221;][vc_column width=&#8221;1\/3&#8243; animate=&#8221;fadinright&#8221; css=&#8221;.vc_custom_1622756315556{padding-top: 50px !important;}&#8221;][vc_column_text]A Cosmo oferece uma ampla gama de servi\u00e7os que gravitam todos em torno do setor imobili\u00e1rio. Somos especializados em edif\u00edcios autogerenciados, casas unifamiliares que s\u00e3o de propriedade privada, onde representamos principalmente investidores privados\/fundos de [&hellip;]\" \/>\n<meta property=\"og:url\" content=\"https:\/\/www.cosmomanagementgroup.com\/pt-br\/sobre\/\" \/>\n<meta property=\"og:site_name\" content=\"Cosmo Management\" \/>\n<meta property=\"article:publisher\" content=\"https:\/\/www.facebook.com\/profile.php?id=100066623806246\" \/>\n<meta property=\"article:modified_time\" content=\"2024-06-13T16:12:27+00:00\" \/>\n<meta property=\"og:image\" content=\"https:\/\/www.cosmomanagementgroup.com\/wp-content\/uploads\/2024\/06\/Cosmo-Management-logo-share-1-1.png\" \/>\n\t<meta property=\"og:image:width\" content=\"1200\" \/>\n\t<meta property=\"og:image:height\" content=\"675\" \/>\n\t<meta property=\"og:image:type\" content=\"image\/png\" \/>\n<meta name=\"twitter:card\" content=\"summary_large_image\" \/>\n<meta name=\"twitter:label1\" content=\"Est. tempo de leitura\" \/>\n\t<meta name=\"twitter:data1\" content=\"4 minutos\" \/>\n<script type=\"application\/ld+json\" class=\"yoast-schema-graph\">{\"@context\":\"https:\/\/schema.org\",\"@graph\":[{\"@type\":\"WebPage\",\"@id\":\"https:\/\/www.cosmomanagementgroup.com\/pt-br\/sobre\/\",\"url\":\"https:\/\/www.cosmomanagementgroup.com\/pt-br\/sobre\/\",\"name\":\"Sobre | Cosmo Management\",\"isPartOf\":{\"@id\":\"https:\/\/www.cosmomanagementgroup.com\/pt-br\/#website\"},\"datePublished\":\"2021-07-20T04:15:44+00:00\",\"dateModified\":\"2024-06-13T16:12:27+00:00\",\"breadcrumb\":{\"@id\":\"https:\/\/www.cosmomanagementgroup.com\/pt-br\/sobre\/#breadcrumb\"},\"inLanguage\":\"pt-BR\",\"potentialAction\":[{\"@type\":\"ReadAction\",\"target\":[\"https:\/\/www.cosmomanagementgroup.com\/pt-br\/sobre\/\"]}]},{\"@type\":\"BreadcrumbList\",\"@id\":\"https:\/\/www.cosmomanagementgroup.com\/pt-br\/sobre\/#breadcrumb\",\"itemListElement\":[{\"@type\":\"ListItem\",\"position\":1,\"name\":\"Home\",\"item\":\"https:\/\/www.cosmomanagementgroup.com\/pt-br\/\"},{\"@type\":\"ListItem\",\"position\":2,\"name\":\"Sobre\"}]},{\"@type\":\"WebSite\",\"@id\":\"https:\/\/www.cosmomanagementgroup.com\/pt-br\/#website\",\"url\":\"https:\/\/www.cosmomanagementgroup.com\/pt-br\/\",\"name\":\"Cosmo Management Group\",\"description\":\"Experts in property management in Miami. We handle everything from leasing to maintenance, ensuring your investment thrives.\",\"publisher\":{\"@id\":\"https:\/\/www.cosmomanagementgroup.com\/pt-br\/#organization\"},\"alternateName\":\"Cosmo Management\",\"potentialAction\":[{\"@type\":\"SearchAction\",\"target\":{\"@type\":\"EntryPoint\",\"urlTemplate\":\"https:\/\/www.cosmomanagementgroup.com\/pt-br\/?s={search_term_string}\"},\"query-input\":{\"@type\":\"PropertyValueSpecification\",\"valueRequired\":true,\"valueName\":\"search_term_string\"}}],\"inLanguage\":\"pt-BR\"},{\"@type\":\"Organization\",\"@id\":\"https:\/\/www.cosmomanagementgroup.com\/pt-br\/#organization\",\"name\":\"Cosmo Management Group\",\"alternateName\":\"Cosmo Management\",\"url\":\"https:\/\/www.cosmomanagementgroup.com\/pt-br\/\",\"logo\":{\"@type\":\"ImageObject\",\"inLanguage\":\"pt-BR\",\"@id\":\"https:\/\/www.cosmomanagementgroup.com\/pt-br\/#\/schema\/logo\/image\/\",\"url\":\"https:\/\/www.cosmomanagementgroup.com\/wp-content\/uploads\/2024\/06\/Cosmo-Management-Icon-Google.png\",\"contentUrl\":\"https:\/\/www.cosmomanagementgroup.com\/wp-content\/uploads\/2024\/06\/Cosmo-Management-Icon-Google.png\",\"width\":696,\"height\":696,\"caption\":\"Cosmo Management Group\"},\"image\":{\"@id\":\"https:\/\/www.cosmomanagementgroup.com\/pt-br\/#\/schema\/logo\/image\/\"},\"sameAs\":[\"https:\/\/www.facebook.com\/profile.php?id=100066623806246\",\"https:\/\/www.instagram.com\/cosmomanagementgroup\/\",\"https:\/\/www.linkedin.com\/company\/cosmo-management\/\"]}]}<\/script>\n<!-- \/ Yoast SEO plugin. -->","yoast_head_json":{"title":"Sobre | Cosmo Management","robots":{"index":"index","follow":"follow","max-snippet":"max-snippet:-1","max-image-preview":"max-image-preview:large","max-video-preview":"max-video-preview:-1"},"canonical":"https:\/\/www.cosmomanagementgroup.com\/pt-br\/sobre\/","og_locale":"pt_BR","og_type":"article","og_title":"Sobre | Cosmo Management","og_description":"[vc_row fullwidth=&#8221;yes&#8221; css=&#8221;.vc_custom_1474447018555{background-position: 0 0 !important;background-repeat: no-repeat !important;}&#8221; el_class=&#8221;side-bg no-padding&#8221;][vc_column][\/vc_column][\/vc_row][vc_row css=&#8221;.vc_custom_1620083457884{padding-top: 180px !important;padding-bottom: 135px !important;background-color: #f7f7f7 !important;}&#8221;][vc_column width=&#8221;1\/3&#8243; animate=&#8221;fadinright&#8221; css=&#8221;.vc_custom_1622756315556{padding-top: 50px !important;}&#8221;][vc_column_text]A Cosmo oferece uma ampla gama de servi\u00e7os que gravitam todos em torno do setor imobili\u00e1rio. Somos especializados em edif\u00edcios autogerenciados, casas unifamiliares que s\u00e3o de propriedade privada, onde representamos principalmente investidores privados\/fundos de [&hellip;]","og_url":"https:\/\/www.cosmomanagementgroup.com\/pt-br\/sobre\/","og_site_name":"Cosmo Management","article_publisher":"https:\/\/www.facebook.com\/profile.php?id=100066623806246","article_modified_time":"2024-06-13T16:12:27+00:00","og_image":[{"width":1200,"height":675,"url":"https:\/\/www.cosmomanagementgroup.com\/wp-content\/uploads\/2024\/06\/Cosmo-Management-logo-share-1-1.png","type":"image\/png"}],"twitter_card":"summary_large_image","twitter_misc":{"Est. tempo de leitura":"4 minutos"},"schema":{"@context":"https:\/\/schema.org","@graph":[{"@type":"WebPage","@id":"https:\/\/www.cosmomanagementgroup.com\/pt-br\/sobre\/","url":"https:\/\/www.cosmomanagementgroup.com\/pt-br\/sobre\/","name":"Sobre | Cosmo Management","isPartOf":{"@id":"https:\/\/www.cosmomanagementgroup.com\/pt-br\/#website"},"datePublished":"2021-07-20T04:15:44+00:00","dateModified":"2024-06-13T16:12:27+00:00","breadcrumb":{"@id":"https:\/\/www.cosmomanagementgroup.com\/pt-br\/sobre\/#breadcrumb"},"inLanguage":"pt-BR","potentialAction":[{"@type":"ReadAction","target":["https:\/\/www.cosmomanagementgroup.com\/pt-br\/sobre\/"]}]},{"@type":"BreadcrumbList","@id":"https:\/\/www.cosmomanagementgroup.com\/pt-br\/sobre\/#breadcrumb","itemListElement":[{"@type":"ListItem","position":1,"name":"Home","item":"https:\/\/www.cosmomanagementgroup.com\/pt-br\/"},{"@type":"ListItem","position":2,"name":"Sobre"}]},{"@type":"WebSite","@id":"https:\/\/www.cosmomanagementgroup.com\/pt-br\/#website","url":"https:\/\/www.cosmomanagementgroup.com\/pt-br\/","name":"Cosmo Management Group","description":"Experts in property management in Miami. We handle everything from leasing to maintenance, ensuring your investment thrives.","publisher":{"@id":"https:\/\/www.cosmomanagementgroup.com\/pt-br\/#organization"},"alternateName":"Cosmo Management","potentialAction":[{"@type":"SearchAction","target":{"@type":"EntryPoint","urlTemplate":"https:\/\/www.cosmomanagementgroup.com\/pt-br\/?s={search_term_string}"},"query-input":{"@type":"PropertyValueSpecification","valueRequired":true,"valueName":"search_term_string"}}],"inLanguage":"pt-BR"},{"@type":"Organization","@id":"https:\/\/www.cosmomanagementgroup.com\/pt-br\/#organization","name":"Cosmo Management Group","alternateName":"Cosmo Management","url":"https:\/\/www.cosmomanagementgroup.com\/pt-br\/","logo":{"@type":"ImageObject","inLanguage":"pt-BR","@id":"https:\/\/www.cosmomanagementgroup.com\/pt-br\/#\/schema\/logo\/image\/","url":"https:\/\/www.cosmomanagementgroup.com\/wp-content\/uploads\/2024\/06\/Cosmo-Management-Icon-Google.png","contentUrl":"https:\/\/www.cosmomanagementgroup.com\/wp-content\/uploads\/2024\/06\/Cosmo-Management-Icon-Google.png","width":696,"height":696,"caption":"Cosmo Management Group"},"image":{"@id":"https:\/\/www.cosmomanagementgroup.com\/pt-br\/#\/schema\/logo\/image\/"},"sameAs":["https:\/\/www.facebook.com\/profile.php?id=100066623806246","https:\/\/www.instagram.com\/cosmomanagementgroup\/","https:\/\/www.linkedin.com\/company\/cosmo-management\/"]}]}},"_links":{"self":[{"href":"https:\/\/www.cosmomanagementgroup.com\/pt-br\/wp-json\/wp\/v2\/pages\/2359","targetHints":{"allow":["GET"]}}],"collection":[{"href":"https:\/\/www.cosmomanagementgroup.com\/pt-br\/wp-json\/wp\/v2\/pages"}],"about":[{"href":"https:\/\/www.cosmomanagementgroup.com\/pt-br\/wp-json\/wp\/v2\/types\/page"}],"author":[{"embeddable":true,"href":"https:\/\/www.cosmomanagementgroup.com\/pt-br\/wp-json\/wp\/v2\/users\/1"}],"replies":[{"embeddable":true,"href":"https:\/\/www.cosmomanagementgroup.com\/pt-br\/wp-json\/wp\/v2\/comments?post=2359"}],"version-history":[{"count":3,"href":"https:\/\/www.cosmomanagementgroup.com\/pt-br\/wp-json\/wp\/v2\/pages\/2359\/revisions"}],"predecessor-version":[{"id":2723,"href":"https:\/\/www.cosmomanagementgroup.com\/pt-br\/wp-json\/wp\/v2\/pages\/2359\/revisions\/2723"}],"wp:attachment":[{"href":"https:\/\/www.cosmomanagementgroup.com\/pt-br\/wp-json\/wp\/v2\/media?parent=2359"}],"curies":[{"name":"wp","href":"https:\/\/api.w.org\/{rel}","templated":true}]}}