{"id":2378,"date":"2021-05-04T23:56:11","date_gmt":"2021-05-04T23:56:11","guid":{"rendered":"http:\/\/www.cosmomanagementgroup.com\/programa-de-indicacao-de-agentes\/"},"modified":"2024-06-13T15:54:44","modified_gmt":"2024-06-13T15:54:44","slug":"agent-referral-program","status":"publish","type":"page","link":"https:\/\/www.cosmomanagementgroup.com\/pt-br\/agent-referral-program\/","title":{"rendered":"Agent Referral Program"},"content":{"rendered":"<p>[vc_row fullwidth=&#8221;yes&#8221; css=&#8221;.vc_custom_1626285674474{margin-right: 50px !important;margin-left: 50px !important;padding-top: 100px !important;padding-bottom: 100px !important;background-position: 0 0 !important;background-repeat: no-repeat !important;}&#8221; el_class=&#8221;side-bg no-padding&#8221;][vc_column offset=&#8221;vc_col-lg-offset-2 vc_col-lg-8&#8243;][vc_row_inner][vc_column_inner width=&#8221;1\/2&#8243;]\n\t<!-- Element: OT Heading --> \t \n\t<h2 class=\"ot_custom_heading  \" style=\"\" >Seja mais do que um corretor de im\u00f3veis<\/h2>\t\n[vc_column_text]<\/p>\n<p class=\"lead\">Realize todo o seu potencial e expanda seu neg\u00f3cio atrav\u00e9s da parceria com a Cosmo Management.<\/p>\n<p class=\"lead\">Em um ambiente imobili\u00e1rio em r\u00e1pida mudan\u00e7a onde os agentes precisam se reinventar todos os dias, voc\u00ea quer ficar \u00e0 frente da curva e encontrar novas maneiras de se diferenciar de sua concorr\u00eancia. Na Cosmo Management, entendemos que, como corretor de im\u00f3veis, voc\u00ea usa v\u00e1rios chap\u00e9us e \u00e0s vezes pode se distrair. Se voc\u00ea n\u00e3o prestar aten\u00e7\u00e3o, essas distra\u00e7\u00f5es podem fazer com que voc\u00ea perca o foco no que mais importa: ajudar compradores e vendedores.<\/p>\n<p>[\/vc_column_text]\n\t<!-- Element: OT Heading --> \t \n\t<h3 class=\"ot_custom_heading  \" style=\"\" >``Se voc\u00ea quer ir r\u00e1pido, v\u00e1 sozinho. Se voc\u00ea quer ir longe, v\u00e1 junto``.<\/h3>\t\n[\/vc_column_inner][vc_column_inner width=&#8221;1\/2&#8243;][vc_single_image image=&#8221;2286&#8243; img_size=&#8221;1000&#215;600&#8243; alignment=&#8221;center&#8221; css=&#8221;.vc_custom_1626284305983{margin-bottom: 0px !important;}&#8221;][\/vc_column_inner][\/vc_row_inner][\/vc_column][\/vc_row][vc_row css=&#8221;.vc_custom_1620191904980{padding-top: 110px !important;padding-bottom: 110px !important;background-image: url(http:\/\/www.cosmomanagementgroup.com\/wp-content\/uploads\/2021\/05\/Disen\u0303o-sin-ti\u0301tulo-2-2.png?id=1577) !important;}&#8221; el_class=&#8221;text-light bg-fixed&#8221;][vc_column width=&#8221;1\/2&#8243; css=&#8221;.vc_custom_1620191278919{padding-top: 40px !important;}&#8221;][vc_single_image image=&#8221;2274&#8243; img_size=&#8221;full&#8221; css=&#8221;.vc_custom_1622681401418{margin-bottom: 0px !important;}&#8221;][\/vc_column][vc_column width=&#8221;1\/2&#8243;]\n\t<!-- Element: OT Heading --> \t \n\t<h2 class=\"ot_custom_heading  \" style=\"\" >O que oferecemos<\/h2>\t\n[vc_column_text]Ao trabalhar em equipe com a Cosmo Management, voc\u00ea pode oferecer a seus clientes:<\/p>\n<ul>\n<li style=\"font-weight: 400;\" aria-level=\"1\">Servi\u00e7os de gerenciamento de propriedades\/Projetos<br \/>\nRepara\u00e7\u00e3o e manuten\u00e7\u00e3o<br \/>\nRemodela\u00e7\u00e3o e projeto<br \/>\nServi\u00e7os de paisagismo<\/li>\n<\/ul>\n<p>A Cosmo Management \u00e9 uma das empresas de administra\u00e7\u00e3o de propriedades mais r\u00e1pidas do sul da Fl\u00f3rida, gra\u00e7as \u00e0 rede que desenvolvemos com agentes imobili\u00e1rios ao longo dos anos.<\/p>\n<p>Abaixo est\u00e3o apenas alguns dos muitos benef\u00edcios que nosso programa oferece:<\/p>\n<ul>\n<li style=\"font-weight: 400;\" aria-level=\"1\">Renda extra para gerenciamento de refer\u00eancias, reparos e renova\u00e7\u00f5es<br \/>\nMantenha-se no controle de seu neg\u00f3cio.\u00a0 Nossa equipe sempre o manter\u00e1 informado.<br \/>\nEstamos aqui para gui\u00e1-lo a voc\u00ea e a seu cliente em qualquer situa\u00e7\u00e3o.<\/li>\n<\/ul>\n<p>[\/vc_column_text][\/vc_column][\/vc_row][vc_row css=&#8221;.vc_custom_1620121805325{padding-top: 20px !important;}&#8221;][vc_column][vc_empty_space height=&#8221;72px&#8221;]\n\t<!-- Element: OT Heading --> \t \n\t<h2 class=\"ot_custom_heading  \" style=\"\" >Como Funciona<\/h2>\t\n[vc_row_inner][vc_column_inner width=&#8221;1\/2&#8243;][vc_empty_space height=&#8221;110px&#8221;][vc_column_text]<\/p>\n<p class=\"lead\"><span style=\"font-weight: 400;\"><strong>O contato inicial &#8211;<\/strong> Voc\u00ea nos contacta para explicar seu projeto. Discutimos juntos a melhor solu\u00e7\u00e3o que se adapta \u00e0 sua situa\u00e7\u00e3o e lhe d\u00e1 a melhor op\u00e7\u00e3o.<\/span><\/p>\n<div id=\"gtx-trans\" style=\"position: absolute; left: 133px; top: 87px;\">\n<div class=\"gtx-trans-icon\"><\/div>\n<\/div>\n<p>[\/vc_column_text][\/vc_column_inner][vc_column_inner width=&#8221;1\/2&#8243;][vc_single_image image=&#8221;2226&#8243; img_size=&#8221;full&#8221;][\/vc_column_inner][\/vc_row_inner][vc_row_inner][vc_column_inner width=&#8221;1\/2&#8243;][vc_empty_space height=&#8221;70px&#8221;][vc_column_text]<\/p>\n<p class=\"lead\"><strong>Flexibilidade \u2013<\/strong> voc\u00ea decide como voc\u00ea gostaria que lid\u00e1ssemos com os projetos<br \/>\n1. Voc\u00ea decide nos colocar diretamente em contato com seu cliente porque n\u00e3o tem tempo para dirigir o espet\u00e1culo e prefere n\u00e3o estar &#8220;pr\u00e1tico&#8221;. N\u00f3s lhe enviamos nosso acordo de confidencialidade e o mantemos informado de todas as comunica\u00e7\u00f5es futuras com seu cliente.<br \/>\n2. Se voc\u00ea desejar permanecer como nosso ponto de contato, n\u00f3s o informaremos diretamente e lhe enviaremos um or\u00e7amento gratuito e detalhado com base no or\u00e7amento de seu cliente.<\/p>\n<div id=\"gtx-trans\" style=\"position: absolute; left: -45px; top: -16px;\">\n<div class=\"gtx-trans-icon\"><\/div>\n<\/div>\n<p>[\/vc_column_text][\/vc_column_inner][vc_column_inner width=&#8221;1\/2&#8243;][vc_single_image image=&#8221;2232&#8243; img_size=&#8221;full&#8221;][\/vc_column_inner][\/vc_row_inner][vc_row_inner][vc_column_inner width=&#8221;1\/2&#8243;][vc_empty_space height=&#8221;100px&#8221;][vc_column_text]<\/p>\n<p class=\"lead\"><strong>Conclus\u00e3o do projeto e caminhada<\/strong> &#8211; Ap\u00f3s a conclus\u00e3o do projeto, programamos uma caminhada com voc\u00ea e\/ou com o propriet\u00e1rio. A fatura final \u00e9 enviada ao seu cliente para pagamento assim que ele aprovar o trabalho.<\/p>\n<div id=\"gtx-trans\" style=\"position: absolute; left: -50px; top: 35px;\">\n<div class=\"gtx-trans-icon\"><\/div>\n<\/div>\n<p>[\/vc_column_text][\/vc_column_inner][vc_column_inner width=&#8221;1\/2&#8243;][vc_single_image image=&#8221;2301&#8243; img_size=&#8221;full&#8221;][\/vc_column_inner][\/vc_row_inner][vc_row_inner][vc_column_inner width=&#8221;1\/2&#8243;][vc_empty_space height=&#8221;60px&#8221;][vc_column_text]<\/p>\n<p class=\"lead\"><strong>Sua taxa por indica\u00e7\u00e3o &#8211;<\/strong> Quando recebermos o pagamento de seu cliente, voc\u00ea receber\u00e1 sua taxa por indica\u00e7\u00e3o dentro de 10 dias \u00fateis.<\/p>\n<div id=\"gtx-trans\" style=\"position: absolute; left: -6px; top: -16px;\">\n<div class=\"gtx-trans-icon\"><\/div>\n<\/div>\n<p>[\/vc_column_text][vc_single_image image=&#8221;2268&#8243; img_size=&#8221;full&#8221;][\/vc_column_inner][vc_column_inner width=&#8221;1\/2&#8243;][vc_single_image image=&#8221;2235&#8243; img_size=&#8221;full&#8221;][\/vc_column_inner][\/vc_row_inner][vc_row_inner][vc_column_inner width=&#8221;1\/2&#8243;][\/vc_column_inner][vc_column_inner width=&#8221;1\/2&#8243;][\/vc_column_inner][\/vc_row_inner][vc_row_inner css=&#8221;.vc_custom_1622753937886{margin-top: 70px !important;}&#8221;][vc_column_inner width=&#8221;1\/2&#8243;][vc_single_image image=&#8221;2265&#8243; img_size=&#8221;1200&#215;820&#8243; alignment=&#8221;right&#8221; css=&#8221;.vc_custom_1622755293410{margin-bottom: 0px !important;padding-top: 40px !important;}&#8221;][\/vc_column_inner][vc_column_inner width=&#8221;1\/2&#8243; offset=&#8221;vc_hidden-xs&#8221;]\n\t<!-- Element: OT Heading --> \t \n\t<h2 class=\"ot_custom_heading  \" style=\"\" >Benef\u00edcios para voc\u00ea:<\/h2>\t\n[vc_column_text css=&#8221;.vc_custom_1718294053216{padding-top: 50px !important;}&#8221;]<\/p>\n<ul>\n<li>Mantenha-se no controle de seu neg\u00f3cio. N\u00f3s o mantemos informado.<\/li>\n<li>Renda extra para encaminhamento de gerenciamento, reparos e renova\u00e7\u00f5es.<\/li>\n<li>N\u00f3s orientamos voc\u00ea e seus clientes em qualquer situa\u00e7\u00e3o.<\/li>\n<\/ul>\n<p>[\/vc_column_text][\/vc_column_inner][vc_column_inner width=&#8221;1\/4&#8243; offset=&#8221;vc_col-xs-offset-5&#8243;][\/vc_column_inner][\/vc_row_inner][vc_row_inner][vc_column_inner][vc_empty_space height=&#8221;50px&#8221;]\n\t<!-- Element: OT Heading --> \t \n\t<h3 class=\"ot_custom_heading  \" style=\"text-align: center;\" >Interessado em saber mais sobre nosso programa de indica\u00e7\u00e3o de agentes?<\/p>\n<p>Entre em contato com a Cosmo Management hoje mesmo e deixe-nos ajud\u00e1-lo a liberar todo o seu potencial:<\/p>\n<p>(786) 462-6766 ou em info@thecosmoteam.com<\/h3>\t\n[vc_empty_space height=&#8221;80px&#8221;][\/vc_column_inner][\/vc_row_inner][\/vc_column][\/vc_row][vc_row fullwidth=&#8221;yes&#8221; css=&#8221;.vc_custom_1442204580531{padding-top: 60px !important;padding-bottom: 60px !important;}&#8221; el_class=&#8221;call-to-action bg-color text-center&#8221;][vc_column]\t\t\t\n\t<!-- Element: OT Button --> \n\t\t\t<a href=\"http:\/\/www.cosmomanagementgroup.com\/contact\/\" target=\"_self\" class=\"btn btn-line-black btn-big  \">Fale Conosco<\/a>\n\t    \n[\/vc_column][\/vc_row][vc_row][vc_column][\/vc_column][\/vc_row]<\/p>\n","protected":false},"excerpt":{"rendered":"<p>[vc_row fullwidth=&#8221;yes&#8221; css=&#8221;.vc_custom_1626285674474{margin-right: 50px !important;margin-left: 50px !important;padding-top: 100px !important;padding-bottom: 100px !important;background-position: 0 0 !important;background-repeat: no-repeat !important;}&#8221; el_class=&#8221;side-bg no-padding&#8221;][vc_column offset=&#8221;vc_col-lg-offset-2 vc_col-lg-8&#8243;][vc_row_inner][vc_column_inner width=&#8221;1\/2&#8243;][vc_column_text] Realize todo o seu potencial e expanda seu neg\u00f3cio atrav\u00e9s da parceria com a Cosmo Management. Em um ambiente imobili\u00e1rio em r\u00e1pida mudan\u00e7a onde os agentes precisam se reinventar todos os dias, voc\u00ea quer [&hellip;]<\/p>\n","protected":false},"author":2,"featured_media":0,"parent":0,"menu_order":0,"comment_status":"open","ping_status":"closed","template":"page-templates\/template-fullwidth.php","meta":{"footnotes":""},"class_list":["post-2378","page","type-page","status-publish","hentry"],"yoast_head":"<!-- This site is optimized with the Yoast SEO plugin v25.4 - https:\/\/yoast.com\/wordpress\/plugins\/seo\/ -->\n<title>Agent Referral Program | Cosmo Management<\/title>\n<meta name=\"robots\" content=\"index, follow, max-snippet:-1, max-image-preview:large, max-video-preview:-1\" \/>\n<link rel=\"canonical\" href=\"https:\/\/www.cosmomanagementgroup.com\/pt-br\/agent-referral-program\/\" \/>\n<meta property=\"og:locale\" content=\"pt_BR\" \/>\n<meta property=\"og:type\" content=\"article\" \/>\n<meta property=\"og:title\" content=\"Agent Referral Program | Cosmo Management\" \/>\n<meta property=\"og:description\" content=\"[vc_row fullwidth=&#8221;yes&#8221; css=&#8221;.vc_custom_1626285674474{margin-right: 50px !important;margin-left: 50px !important;padding-top: 100px !important;padding-bottom: 100px !important;background-position: 0 0 !important;background-repeat: no-repeat !important;}&#8221; el_class=&#8221;side-bg no-padding&#8221;][vc_column offset=&#8221;vc_col-lg-offset-2 vc_col-lg-8&#8243;][vc_row_inner][vc_column_inner width=&#8221;1\/2&#8243;][vc_column_text] Realize todo o seu potencial e expanda seu neg\u00f3cio atrav\u00e9s da parceria com a Cosmo Management. Em um ambiente imobili\u00e1rio em r\u00e1pida mudan\u00e7a onde os agentes precisam se reinventar todos os dias, voc\u00ea quer [&hellip;]\" \/>\n<meta property=\"og:url\" content=\"https:\/\/www.cosmomanagementgroup.com\/pt-br\/agent-referral-program\/\" \/>\n<meta property=\"og:site_name\" content=\"Cosmo Management\" \/>\n<meta property=\"article:publisher\" content=\"https:\/\/www.facebook.com\/profile.php?id=100066623806246\" \/>\n<meta property=\"article:modified_time\" content=\"2024-06-13T15:54:44+00:00\" \/>\n<meta property=\"og:image\" content=\"https:\/\/www.cosmomanagementgroup.com\/wp-content\/uploads\/2024\/06\/Cosmo-Management-logo-share-1-1.png\" \/>\n\t<meta property=\"og:image:width\" content=\"1200\" \/>\n\t<meta property=\"og:image:height\" content=\"675\" \/>\n\t<meta property=\"og:image:type\" content=\"image\/png\" \/>\n<meta name=\"twitter:card\" content=\"summary_large_image\" \/>\n<meta name=\"twitter:label1\" content=\"Est. tempo de leitura\" \/>\n\t<meta name=\"twitter:data1\" content=\"5 minutos\" \/>\n<script type=\"application\/ld+json\" class=\"yoast-schema-graph\">{\"@context\":\"https:\/\/schema.org\",\"@graph\":[{\"@type\":\"WebPage\",\"@id\":\"https:\/\/www.cosmomanagementgroup.com\/pt-br\/agent-referral-program\/\",\"url\":\"https:\/\/www.cosmomanagementgroup.com\/pt-br\/agent-referral-program\/\",\"name\":\"Agent Referral Program | Cosmo Management\",\"isPartOf\":{\"@id\":\"https:\/\/www.cosmomanagementgroup.com\/pt-br\/#website\"},\"datePublished\":\"2021-05-04T23:56:11+00:00\",\"dateModified\":\"2024-06-13T15:54:44+00:00\",\"breadcrumb\":{\"@id\":\"https:\/\/www.cosmomanagementgroup.com\/pt-br\/agent-referral-program\/#breadcrumb\"},\"inLanguage\":\"pt-BR\",\"potentialAction\":[{\"@type\":\"ReadAction\",\"target\":[\"https:\/\/www.cosmomanagementgroup.com\/pt-br\/agent-referral-program\/\"]}]},{\"@type\":\"BreadcrumbList\",\"@id\":\"https:\/\/www.cosmomanagementgroup.com\/pt-br\/agent-referral-program\/#breadcrumb\",\"itemListElement\":[{\"@type\":\"ListItem\",\"position\":1,\"name\":\"Home\",\"item\":\"https:\/\/www.cosmomanagementgroup.com\/pt-br\/\"},{\"@type\":\"ListItem\",\"position\":2,\"name\":\"Agent Referral Program\"}]},{\"@type\":\"WebSite\",\"@id\":\"https:\/\/www.cosmomanagementgroup.com\/pt-br\/#website\",\"url\":\"https:\/\/www.cosmomanagementgroup.com\/pt-br\/\",\"name\":\"Cosmo Management Group\",\"description\":\"Experts in property management in Miami. We handle everything from leasing to maintenance, ensuring your investment thrives.\",\"publisher\":{\"@id\":\"https:\/\/www.cosmomanagementgroup.com\/pt-br\/#organization\"},\"alternateName\":\"Cosmo Management\",\"potentialAction\":[{\"@type\":\"SearchAction\",\"target\":{\"@type\":\"EntryPoint\",\"urlTemplate\":\"https:\/\/www.cosmomanagementgroup.com\/pt-br\/?s={search_term_string}\"},\"query-input\":{\"@type\":\"PropertyValueSpecification\",\"valueRequired\":true,\"valueName\":\"search_term_string\"}}],\"inLanguage\":\"pt-BR\"},{\"@type\":\"Organization\",\"@id\":\"https:\/\/www.cosmomanagementgroup.com\/pt-br\/#organization\",\"name\":\"Cosmo Management Group\",\"alternateName\":\"Cosmo Management\",\"url\":\"https:\/\/www.cosmomanagementgroup.com\/pt-br\/\",\"logo\":{\"@type\":\"ImageObject\",\"inLanguage\":\"pt-BR\",\"@id\":\"https:\/\/www.cosmomanagementgroup.com\/pt-br\/#\/schema\/logo\/image\/\",\"url\":\"https:\/\/www.cosmomanagementgroup.com\/wp-content\/uploads\/2024\/06\/Cosmo-Management-Icon-Google.png\",\"contentUrl\":\"https:\/\/www.cosmomanagementgroup.com\/wp-content\/uploads\/2024\/06\/Cosmo-Management-Icon-Google.png\",\"width\":696,\"height\":696,\"caption\":\"Cosmo Management Group\"},\"image\":{\"@id\":\"https:\/\/www.cosmomanagementgroup.com\/pt-br\/#\/schema\/logo\/image\/\"},\"sameAs\":[\"https:\/\/www.facebook.com\/profile.php?id=100066623806246\",\"https:\/\/www.instagram.com\/cosmomanagementgroup\/\",\"https:\/\/www.linkedin.com\/company\/cosmo-management\/\"]}]}<\/script>\n<!-- \/ Yoast SEO plugin. -->","yoast_head_json":{"title":"Agent Referral Program | Cosmo Management","robots":{"index":"index","follow":"follow","max-snippet":"max-snippet:-1","max-image-preview":"max-image-preview:large","max-video-preview":"max-video-preview:-1"},"canonical":"https:\/\/www.cosmomanagementgroup.com\/pt-br\/agent-referral-program\/","og_locale":"pt_BR","og_type":"article","og_title":"Agent Referral Program | Cosmo Management","og_description":"[vc_row fullwidth=&#8221;yes&#8221; css=&#8221;.vc_custom_1626285674474{margin-right: 50px !important;margin-left: 50px !important;padding-top: 100px !important;padding-bottom: 100px !important;background-position: 0 0 !important;background-repeat: no-repeat !important;}&#8221; el_class=&#8221;side-bg no-padding&#8221;][vc_column offset=&#8221;vc_col-lg-offset-2 vc_col-lg-8&#8243;][vc_row_inner][vc_column_inner width=&#8221;1\/2&#8243;][vc_column_text] Realize todo o seu potencial e expanda seu neg\u00f3cio atrav\u00e9s da parceria com a Cosmo Management. Em um ambiente imobili\u00e1rio em r\u00e1pida mudan\u00e7a onde os agentes precisam se reinventar todos os dias, voc\u00ea quer [&hellip;]","og_url":"https:\/\/www.cosmomanagementgroup.com\/pt-br\/agent-referral-program\/","og_site_name":"Cosmo Management","article_publisher":"https:\/\/www.facebook.com\/profile.php?id=100066623806246","article_modified_time":"2024-06-13T15:54:44+00:00","og_image":[{"width":1200,"height":675,"url":"https:\/\/www.cosmomanagementgroup.com\/wp-content\/uploads\/2024\/06\/Cosmo-Management-logo-share-1-1.png","type":"image\/png"}],"twitter_card":"summary_large_image","twitter_misc":{"Est. tempo de leitura":"5 minutos"},"schema":{"@context":"https:\/\/schema.org","@graph":[{"@type":"WebPage","@id":"https:\/\/www.cosmomanagementgroup.com\/pt-br\/agent-referral-program\/","url":"https:\/\/www.cosmomanagementgroup.com\/pt-br\/agent-referral-program\/","name":"Agent Referral Program | Cosmo Management","isPartOf":{"@id":"https:\/\/www.cosmomanagementgroup.com\/pt-br\/#website"},"datePublished":"2021-05-04T23:56:11+00:00","dateModified":"2024-06-13T15:54:44+00:00","breadcrumb":{"@id":"https:\/\/www.cosmomanagementgroup.com\/pt-br\/agent-referral-program\/#breadcrumb"},"inLanguage":"pt-BR","potentialAction":[{"@type":"ReadAction","target":["https:\/\/www.cosmomanagementgroup.com\/pt-br\/agent-referral-program\/"]}]},{"@type":"BreadcrumbList","@id":"https:\/\/www.cosmomanagementgroup.com\/pt-br\/agent-referral-program\/#breadcrumb","itemListElement":[{"@type":"ListItem","position":1,"name":"Home","item":"https:\/\/www.cosmomanagementgroup.com\/pt-br\/"},{"@type":"ListItem","position":2,"name":"Agent Referral Program"}]},{"@type":"WebSite","@id":"https:\/\/www.cosmomanagementgroup.com\/pt-br\/#website","url":"https:\/\/www.cosmomanagementgroup.com\/pt-br\/","name":"Cosmo Management Group","description":"Experts in property management in Miami. We handle everything from leasing to maintenance, ensuring your investment thrives.","publisher":{"@id":"https:\/\/www.cosmomanagementgroup.com\/pt-br\/#organization"},"alternateName":"Cosmo Management","potentialAction":[{"@type":"SearchAction","target":{"@type":"EntryPoint","urlTemplate":"https:\/\/www.cosmomanagementgroup.com\/pt-br\/?s={search_term_string}"},"query-input":{"@type":"PropertyValueSpecification","valueRequired":true,"valueName":"search_term_string"}}],"inLanguage":"pt-BR"},{"@type":"Organization","@id":"https:\/\/www.cosmomanagementgroup.com\/pt-br\/#organization","name":"Cosmo Management Group","alternateName":"Cosmo Management","url":"https:\/\/www.cosmomanagementgroup.com\/pt-br\/","logo":{"@type":"ImageObject","inLanguage":"pt-BR","@id":"https:\/\/www.cosmomanagementgroup.com\/pt-br\/#\/schema\/logo\/image\/","url":"https:\/\/www.cosmomanagementgroup.com\/wp-content\/uploads\/2024\/06\/Cosmo-Management-Icon-Google.png","contentUrl":"https:\/\/www.cosmomanagementgroup.com\/wp-content\/uploads\/2024\/06\/Cosmo-Management-Icon-Google.png","width":696,"height":696,"caption":"Cosmo Management Group"},"image":{"@id":"https:\/\/www.cosmomanagementgroup.com\/pt-br\/#\/schema\/logo\/image\/"},"sameAs":["https:\/\/www.facebook.com\/profile.php?id=100066623806246","https:\/\/www.instagram.com\/cosmomanagementgroup\/","https:\/\/www.linkedin.com\/company\/cosmo-management\/"]}]}},"_links":{"self":[{"href":"https:\/\/www.cosmomanagementgroup.com\/pt-br\/wp-json\/wp\/v2\/pages\/2378","targetHints":{"allow":["GET"]}}],"collection":[{"href":"https:\/\/www.cosmomanagementgroup.com\/pt-br\/wp-json\/wp\/v2\/pages"}],"about":[{"href":"https:\/\/www.cosmomanagementgroup.com\/pt-br\/wp-json\/wp\/v2\/types\/page"}],"author":[{"embeddable":true,"href":"https:\/\/www.cosmomanagementgroup.com\/pt-br\/wp-json\/wp\/v2\/users\/2"}],"replies":[{"embeddable":true,"href":"https:\/\/www.cosmomanagementgroup.com\/pt-br\/wp-json\/wp\/v2\/comments?post=2378"}],"version-history":[{"count":16,"href":"https:\/\/www.cosmomanagementgroup.com\/pt-br\/wp-json\/wp\/v2\/pages\/2378\/revisions"}],"predecessor-version":[{"id":2721,"href":"https:\/\/www.cosmomanagementgroup.com\/pt-br\/wp-json\/wp\/v2\/pages\/2378\/revisions\/2721"}],"wp:attachment":[{"href":"https:\/\/www.cosmomanagementgroup.com\/pt-br\/wp-json\/wp\/v2\/media?parent=2378"}],"curies":[{"name":"wp","href":"https:\/\/api.w.org\/{rel}","templated":true}]}}