{"id":2422,"date":"2021-07-20T18:16:07","date_gmt":"2021-07-20T18:16:07","guid":{"rendered":"http:\/\/www.cosmomanagementgroup.com\/nossos-servicos\/"},"modified":"2024-06-13T16:36:40","modified_gmt":"2024-06-13T16:36:40","slug":"nossos-servicos","status":"publish","type":"page","link":"https:\/\/www.cosmomanagementgroup.com\/pt-br\/nossos-servicos\/","title":{"rendered":"Nossos servi\u00e7os"},"content":{"rendered":"<p>[vc_row css=&#8221;.vc_custom_1620083247825{padding-top: 20px !important;}&#8221;][vc_column][vc_empty_space height=&#8221;72px&#8221;]\n\t<!-- Element: OT Heading --> \t \n\t<h3 class=\"ot_custom_heading  \" style=\"\" >Cosmo Management is your one-stop shop for property management.<\/h3>\t\n[vc_empty_space height=&#8221;30px&#8221;]\n\t<!-- Element: OT Heading --> \t \n\t<p class=\"ot_custom_heading  \" style=\"\" >From leaky pipes to landscaping, our team can provide you with the tools and team you need to get the job done right. Delegate the repairs, property maintenance and other time-consuming duties to us.<br \/>\nHiring a professional property management company can add great value to your properties and save you valuable time and headaches.<\/p>\t\n[\/vc_column][\/vc_row][vc_row fullwidth=&#8221;yes&#8221; css=&#8221;.vc_custom_1717970349853{margin-top: 90px !important;margin-bottom: 60px !important;padding-bottom: 0px !important;background-color: #202020 !important;}&#8221; el_class=&#8221;text-light&#8221;][vc_column]\t<!-- Element: OT Quick Office 2 -->\n\t<div class=\"side-bg\">\n\t\t<div class=\"image-container pull-left col-md-5\" data-delay=\"0\">\n\t        <img decoding=\"async\" src=\"https:\/\/www.cosmomanagementgroup.com\/wp-content\/uploads\/2021\/05\/houses-K9RQ8ZA-1.jpg\" class=\"img-responsive wow slideInLeft\" data-wow-duration=\"1.5s\">\n\t    <\/div>\n\n\t    <div class=\"container\">\n\t        <div class=\"row\">\n\t            <div class=\"inner-padding\">\n\t                <div class=\"col-md-6 col-md-offset-6 wow fadeInRight\" data-wow-delay=\".25s\">\n\t                    <h2>10 Reasons to Hire Cosmo Management<\/h2>\n\t                    <\/p>\n<ol class=\"list-services\">\n<li style=\"font-weight: 400;\" aria-level=\"1\"><span style=\"font-weight: 400;\">Offering property management, repairs and landscaping services<\/span><\/li>\n<li style=\"font-weight: 400;\" aria-level=\"1\"><span style=\"font-weight: 400;\">Reduce overall building expenses and deficiencies.<\/span><\/li>\n<li style=\"font-weight: 400;\" aria-level=\"1\"><span style=\"font-weight: 400;\">Specialist in effectively transitioning self-managed complex to professionally managed buildings.<\/span><\/li>\n<li style=\"font-weight: 400;\" aria-level=\"1\"><span style=\"font-weight: 400;\">Experts in building recertification\/inspection.<\/span><\/li>\n<li style=\"font-weight: 400;\" aria-level=\"1\"><span style=\"font-weight: 400;\">Increase Supervision of staff personnel.<\/span><\/li>\n<li style=\"font-weight: 400;\" aria-level=\"1\"><span style=\"font-weight: 400;\">Review and evaluate all existing contract and insurance policies to ensure cost control.<\/span><\/li>\n<li style=\"font-weight: 400;\" aria-level=\"1\"><span style=\"font-weight: 400;\">Reduce project completion timelines.<\/span><\/li>\n<li style=\"font-weight: 400;\" aria-level=\"1\"><span style=\"font-weight: 400;\">Optimized accounting services.<\/span><\/li>\n<li style=\"font-weight: 400;\" aria-level=\"1\"><span style=\"font-weight: 400;\">Effective buyer\/tenant screening process.<\/span><\/li>\n<li style=\"font-weight: 400;\" aria-level=\"1\"><span style=\"font-weight: 400;\">We manage both residential and commercial properties\u00a0<\/span><\/li>\n<\/ol>\n<p>\t                <\/div>\n\t                <div class=\"clearfix\"><\/div>\n\t            <\/div>\n\t        <\/div>\n\t    <\/div>\t\n\t<\/div>\n\t\n[\/vc_column][\/vc_row][vc_row css=&#8221;.vc_custom_1453975735934{padding-top: 90px !important;padding-bottom: 30px !important;}&#8221;][vc_column]<!-- Element: OT Services Grid -->\n<div class=\"services-masonry service-grid row\">\n\t<div class=\"col-md-4 item-service-grid-sizer\"><\/div>\n\t\n\t<div class=\"col-md-4 item\">\n\t\t\n\t\t\t\t\t\n\t\t\t\t\n\t\t\t\t\t        <a href=\"https:\/\/www.cosmomanagementgroup.com\/pt-br\/blog\/service\/gestao-de-propriedades-projetos\/\"><img decoding=\"async\" width=\"2309\" height=\"1299\" src=\"https:\/\/www.cosmomanagementgroup.com\/wp-content\/uploads\/2021\/06\/iStock-1220765708-1.jpg\" class=\"img-responsive wp-post-image\" alt=\"\" srcset=\"https:\/\/www.cosmomanagementgroup.com\/wp-content\/uploads\/2021\/06\/iStock-1220765708-1.jpg 2309w, https:\/\/www.cosmomanagementgroup.com\/wp-content\/uploads\/2021\/06\/iStock-1220765708-1-300x169.jpg 300w, https:\/\/www.cosmomanagementgroup.com\/wp-content\/uploads\/2021\/06\/iStock-1220765708-1-1024x576.jpg 1024w, https:\/\/www.cosmomanagementgroup.com\/wp-content\/uploads\/2021\/06\/iStock-1220765708-1-768x432.jpg 768w, https:\/\/www.cosmomanagementgroup.com\/wp-content\/uploads\/2021\/06\/iStock-1220765708-1-1536x864.jpg 1536w, https:\/\/www.cosmomanagementgroup.com\/wp-content\/uploads\/2021\/06\/iStock-1220765708-1-2048x1152.jpg 2048w, https:\/\/www.cosmomanagementgroup.com\/wp-content\/uploads\/2021\/06\/iStock-1220765708-1-600x338.jpg 600w\" sizes=\"(max-width: 2309px) 100vw, 2309px\" title=\"Real Estate Agent Showing a New Empty Office Space to Young Male and Female Hipsters. Entrepreneurs Meet the Broker with a Tablet and Discuss the Facility They Wish to Purchase or Rent.\" \/><\/a>\n\t\t        <div class=\"spacer-single\"><\/div>\n\t\t\t   \n\t\t\t<h3><a href=\"https:\/\/www.cosmomanagementgroup.com\/pt-br\/blog\/service\/gestao-de-propriedades-projetos\/\">Gest\u00e3o de propriedades\/Projetos<\/a><\/h3>\n\t\t\t<div class=\"service-excerpt\"><p>Seja voc\u00ea um investidor procurando expandir sua carteira ou um membro da diretoria buscando um gerente de projetos para lidar com sua recertifica\u00e7\u00e3o de 40 anos, voc\u00ea encontrou o jogador de equipe certo. Na Cosmo, nossa miss\u00e3o \u00e9 prestar um servi\u00e7o impec\u00e1vel e dar a voc\u00ea os recursos necess\u00e1rios para se sentir capacitado e operar em um n\u00edvel superior. <\/p>\n<\/div>\t\t\t\n\t\t\t\t\t\t\t<div class=\"spacer-single-10\"><\/div>\t\t\t\t\t\t\t\t\n\t\t\t\t<a href=\"https:\/\/www.cosmomanagementgroup.com\/pt-br\/blog\/service\/gestao-de-propriedades-projetos\/\" class=\"btn-line btn-fullwidth\">Read More<\/a>\n\t\t\t\n\t\t\n\t<\/div>\n\n\t\n\t<div class=\"col-md-4 item\">\n\t\t\n\t\t\t\t\t\n\t\t\t\t\n\t\t\t\t\t        <a href=\"https:\/\/www.cosmomanagementgroup.com\/pt-br\/blog\/service\/remodeling\/\"><img decoding=\"async\" src=\"https:\/\/www.cosmomanagementgroup.com\/wp-content\/uploads\/2021\/06\/home-renovation-XS55947.jpg\" class=\"img-responsive wp-post-image\" alt=\"\" title=\"Renova\u00e7\u00e3o da casa\" \/><\/a>\n\t\t        <div class=\"spacer-single\"><\/div>\n\t\t\t   \n\t\t\t<h3><a href=\"https:\/\/www.cosmomanagementgroup.com\/pt-br\/blog\/service\/remodeling\/\">Remodela\u00e7\u00e3o &#8211; Repara\u00e7\u00e3o e Manuten\u00e7\u00e3o<\/a><\/h3>\n\t\t\t<div class=\"service-excerpt\"><p>Nossa capacidade de processar a maioria das ordens de trabalho internamente nos d\u00e1 uma resposta mais r\u00e1pida. Nossos habilidosos artes\u00e3os podem lidar com qualquer coisa relacionada \u00e0 canaliza\u00e7\u00e3o, reparos el\u00e9tricos e manuten\u00e7\u00e3o geral. <\/p>\n<\/div>\t\t\t\n\t\t\t\t\t\t\t<div class=\"spacer-single-10\"><\/div>\t\t\t\t\t\t\t\t\n\t\t\t\t<a href=\"https:\/\/www.cosmomanagementgroup.com\/pt-br\/blog\/service\/remodeling\/\" class=\"btn-line btn-fullwidth\">Read More<\/a>\n\t\t\t\n\t\t\n\t<\/div>\n\n\t\n\t<div class=\"col-md-4 item\">\n\t\t\n\t\t\t\t\t\n\t\t\t\t\n\t\t\t\t\t        <a href=\"https:\/\/www.cosmomanagementgroup.com\/pt-br\/blog\/service\/landscaping\/\"><img decoding=\"async\" width=\"2119\" height=\"1414\" src=\"https:\/\/www.cosmomanagementgroup.com\/wp-content\/uploads\/2015\/08\/iStock-1053179542.jpg\" class=\"img-responsive wp-post-image\" alt=\"\" srcset=\"https:\/\/www.cosmomanagementgroup.com\/wp-content\/uploads\/2015\/08\/iStock-1053179542.jpg 2119w, https:\/\/www.cosmomanagementgroup.com\/wp-content\/uploads\/2015\/08\/iStock-1053179542-300x200.jpg 300w, https:\/\/www.cosmomanagementgroup.com\/wp-content\/uploads\/2015\/08\/iStock-1053179542-1024x683.jpg 1024w, https:\/\/www.cosmomanagementgroup.com\/wp-content\/uploads\/2015\/08\/iStock-1053179542-768x512.jpg 768w, https:\/\/www.cosmomanagementgroup.com\/wp-content\/uploads\/2015\/08\/iStock-1053179542-1536x1025.jpg 1536w, https:\/\/www.cosmomanagementgroup.com\/wp-content\/uploads\/2015\/08\/iStock-1053179542-2048x1367.jpg 2048w, https:\/\/www.cosmomanagementgroup.com\/wp-content\/uploads\/2015\/08\/iStock-1053179542-750x499.jpg 750w, https:\/\/www.cosmomanagementgroup.com\/wp-content\/uploads\/2015\/08\/iStock-1053179542-600x400.jpg 600w\" sizes=\"(max-width: 2119px) 100vw, 2119px\" title=\"Caucasian Turf Grass Installer\" \/><\/a>\n\t\t        <div class=\"spacer-single\"><\/div>\n\t\t\t   \n\t\t\t<h3><a href=\"https:\/\/www.cosmomanagementgroup.com\/pt-br\/blog\/service\/landscaping\/\">Paisagismo<\/a><\/h3>\n\t\t\t<div class=\"service-excerpt\"><p>As plantas podem dar vida \u00e0 sua propriedade.  Seja uma pequena planta\u00e7\u00e3o ou uma instala\u00e7\u00e3o paisag\u00edstica elaborada, orquestraremos cada fase do projeto para garantir o sucesso e o &#8220;curb appeal&#8221; aprimorado.<\/p>\n<\/div>\t\t\t\n\t\t\t\t\t\t\t<div class=\"spacer-single-10\"><\/div>\t\t\t\t\t\t\t\t\n\t\t\t\t<a href=\"https:\/\/www.cosmomanagementgroup.com\/pt-br\/blog\/service\/landscaping\/\" class=\"btn-line btn-fullwidth\">Read More<\/a>\n\t\t\t\n\t\t\n\t<\/div>\n\n\t\t\n<\/div>\t\n\n[\/vc_column][\/vc_row][vc_row el_class=&#8221;call-to-action bg-color dark text-center&#8221; css=&#8221;.vc_custom_1453975666551{padding-top: 60px !important;padding-bottom: 60px !important;}&#8221;][vc_column]\t\t\t\n\t<!-- Element: OT Button --> \n\t\t\t<a href=\"http:\/\/www.cosmomanagementgroup.com\/contact\/\" target=\"_self\" class=\"btn btn-line-black btn-big  \">Get in touch<\/a>\n\t    \n[\/vc_column][\/vc_row]<\/p>\n","protected":false},"excerpt":{"rendered":"<p>[vc_row css=&#8221;.vc_custom_1620083247825{padding-top: 20px !important;}&#8221;][vc_column][vc_empty_space height=&#8221;72px&#8221;][vc_empty_space height=&#8221;30px&#8221;][\/vc_column][\/vc_row][vc_row fullwidth=&#8221;yes&#8221; css=&#8221;.vc_custom_1717970349853{margin-top: 90px !important;margin-bottom: 60px !important;padding-bottom: 0px !important;background-color: #202020 !important;}&#8221; el_class=&#8221;text-light&#8221;][vc_column][\/vc_column][\/vc_row][vc_row css=&#8221;.vc_custom_1453975735934{padding-top: 90px !important;padding-bottom: 30px !important;}&#8221;][vc_column][\/vc_column][\/vc_row][vc_row el_class=&#8221;call-to-action bg-color dark text-center&#8221; css=&#8221;.vc_custom_1453975666551{padding-top: 60px !important;padding-bottom: 60px !important;}&#8221;][vc_column][\/vc_column][\/vc_row]<\/p>\n","protected":false},"author":1,"featured_media":0,"parent":0,"menu_order":0,"comment_status":"closed","ping_status":"closed","template":"page-templates\/template-fullwidth.php","meta":{"footnotes":""},"class_list":["post-2422","page","type-page","status-publish","hentry"],"yoast_head":"<!-- This site is optimized with the Yoast SEO plugin v25.4 - https:\/\/yoast.com\/wordpress\/plugins\/seo\/ -->\n<title>Nossos servi\u00e7os | Cosmo Management<\/title>\n<meta name=\"robots\" content=\"index, follow, max-snippet:-1, max-image-preview:large, max-video-preview:-1\" \/>\n<link rel=\"canonical\" href=\"https:\/\/www.cosmomanagementgroup.com\/pt-br\/nossos-servicos\/\" \/>\n<meta property=\"og:locale\" content=\"pt_BR\" \/>\n<meta property=\"og:type\" content=\"article\" \/>\n<meta property=\"og:title\" content=\"Nossos servi\u00e7os | Cosmo Management\" \/>\n<meta property=\"og:description\" content=\"[vc_row css=&#8221;.vc_custom_1620083247825{padding-top: 20px !important;}&#8221;][vc_column][vc_empty_space height=&#8221;72px&#8221;][vc_empty_space height=&#8221;30px&#8221;][\/vc_column][\/vc_row][vc_row fullwidth=&#8221;yes&#8221; css=&#8221;.vc_custom_1717970349853{margin-top: 90px !important;margin-bottom: 60px !important;padding-bottom: 0px !important;background-color: #202020 !important;}&#8221; el_class=&#8221;text-light&#8221;][vc_column][\/vc_column][\/vc_row][vc_row css=&#8221;.vc_custom_1453975735934{padding-top: 90px !important;padding-bottom: 30px !important;}&#8221;][vc_column][\/vc_column][\/vc_row][vc_row el_class=&#8221;call-to-action bg-color dark text-center&#8221; css=&#8221;.vc_custom_1453975666551{padding-top: 60px !important;padding-bottom: 60px !important;}&#8221;][vc_column][\/vc_column][\/vc_row]\" \/>\n<meta property=\"og:url\" content=\"https:\/\/www.cosmomanagementgroup.com\/pt-br\/nossos-servicos\/\" \/>\n<meta property=\"og:site_name\" content=\"Cosmo Management\" \/>\n<meta property=\"article:publisher\" content=\"https:\/\/www.facebook.com\/profile.php?id=100066623806246\" \/>\n<meta property=\"article:modified_time\" content=\"2024-06-13T16:36:40+00:00\" \/>\n<meta property=\"og:image\" content=\"https:\/\/www.cosmomanagementgroup.com\/wp-content\/uploads\/2024\/06\/Cosmo-Management-logo-share-1-1.png\" \/>\n\t<meta property=\"og:image:width\" content=\"1200\" \/>\n\t<meta property=\"og:image:height\" content=\"675\" \/>\n\t<meta property=\"og:image:type\" content=\"image\/png\" \/>\n<meta name=\"twitter:card\" content=\"summary_large_image\" \/>\n<meta name=\"twitter:label1\" content=\"Est. tempo de leitura\" \/>\n\t<meta name=\"twitter:data1\" content=\"1 minuto\" \/>\n<script type=\"application\/ld+json\" class=\"yoast-schema-graph\">{\"@context\":\"https:\/\/schema.org\",\"@graph\":[{\"@type\":\"WebPage\",\"@id\":\"https:\/\/www.cosmomanagementgroup.com\/pt-br\/nossos-servicos\/\",\"url\":\"https:\/\/www.cosmomanagementgroup.com\/pt-br\/nossos-servicos\/\",\"name\":\"Nossos servi\u00e7os | Cosmo Management\",\"isPartOf\":{\"@id\":\"https:\/\/www.cosmomanagementgroup.com\/pt-br\/#website\"},\"datePublished\":\"2021-07-20T18:16:07+00:00\",\"dateModified\":\"2024-06-13T16:36:40+00:00\",\"breadcrumb\":{\"@id\":\"https:\/\/www.cosmomanagementgroup.com\/pt-br\/nossos-servicos\/#breadcrumb\"},\"inLanguage\":\"pt-BR\",\"potentialAction\":[{\"@type\":\"ReadAction\",\"target\":[\"https:\/\/www.cosmomanagementgroup.com\/pt-br\/nossos-servicos\/\"]}]},{\"@type\":\"BreadcrumbList\",\"@id\":\"https:\/\/www.cosmomanagementgroup.com\/pt-br\/nossos-servicos\/#breadcrumb\",\"itemListElement\":[{\"@type\":\"ListItem\",\"position\":1,\"name\":\"Home\",\"item\":\"https:\/\/www.cosmomanagementgroup.com\/pt-br\/\"},{\"@type\":\"ListItem\",\"position\":2,\"name\":\"Nossos servi\u00e7os\"}]},{\"@type\":\"WebSite\",\"@id\":\"https:\/\/www.cosmomanagementgroup.com\/pt-br\/#website\",\"url\":\"https:\/\/www.cosmomanagementgroup.com\/pt-br\/\",\"name\":\"Cosmo Management Group\",\"description\":\"Experts in property management in Miami. We handle everything from leasing to maintenance, ensuring your investment thrives.\",\"publisher\":{\"@id\":\"https:\/\/www.cosmomanagementgroup.com\/pt-br\/#organization\"},\"alternateName\":\"Cosmo Management\",\"potentialAction\":[{\"@type\":\"SearchAction\",\"target\":{\"@type\":\"EntryPoint\",\"urlTemplate\":\"https:\/\/www.cosmomanagementgroup.com\/pt-br\/?s={search_term_string}\"},\"query-input\":{\"@type\":\"PropertyValueSpecification\",\"valueRequired\":true,\"valueName\":\"search_term_string\"}}],\"inLanguage\":\"pt-BR\"},{\"@type\":\"Organization\",\"@id\":\"https:\/\/www.cosmomanagementgroup.com\/pt-br\/#organization\",\"name\":\"Cosmo Management Group\",\"alternateName\":\"Cosmo Management\",\"url\":\"https:\/\/www.cosmomanagementgroup.com\/pt-br\/\",\"logo\":{\"@type\":\"ImageObject\",\"inLanguage\":\"pt-BR\",\"@id\":\"https:\/\/www.cosmomanagementgroup.com\/pt-br\/#\/schema\/logo\/image\/\",\"url\":\"https:\/\/www.cosmomanagementgroup.com\/wp-content\/uploads\/2024\/06\/Cosmo-Management-Icon-Google.png\",\"contentUrl\":\"https:\/\/www.cosmomanagementgroup.com\/wp-content\/uploads\/2024\/06\/Cosmo-Management-Icon-Google.png\",\"width\":696,\"height\":696,\"caption\":\"Cosmo Management Group\"},\"image\":{\"@id\":\"https:\/\/www.cosmomanagementgroup.com\/pt-br\/#\/schema\/logo\/image\/\"},\"sameAs\":[\"https:\/\/www.facebook.com\/profile.php?id=100066623806246\",\"https:\/\/www.instagram.com\/cosmomanagementgroup\/\",\"https:\/\/www.linkedin.com\/company\/cosmo-management\/\"]}]}<\/script>\n<!-- \/ Yoast SEO plugin. -->","yoast_head_json":{"title":"Nossos servi\u00e7os | Cosmo Management","robots":{"index":"index","follow":"follow","max-snippet":"max-snippet:-1","max-image-preview":"max-image-preview:large","max-video-preview":"max-video-preview:-1"},"canonical":"https:\/\/www.cosmomanagementgroup.com\/pt-br\/nossos-servicos\/","og_locale":"pt_BR","og_type":"article","og_title":"Nossos servi\u00e7os | Cosmo Management","og_description":"[vc_row css=&#8221;.vc_custom_1620083247825{padding-top: 20px !important;}&#8221;][vc_column][vc_empty_space height=&#8221;72px&#8221;][vc_empty_space height=&#8221;30px&#8221;][\/vc_column][\/vc_row][vc_row fullwidth=&#8221;yes&#8221; css=&#8221;.vc_custom_1717970349853{margin-top: 90px !important;margin-bottom: 60px !important;padding-bottom: 0px !important;background-color: #202020 !important;}&#8221; el_class=&#8221;text-light&#8221;][vc_column][\/vc_column][\/vc_row][vc_row css=&#8221;.vc_custom_1453975735934{padding-top: 90px !important;padding-bottom: 30px !important;}&#8221;][vc_column][\/vc_column][\/vc_row][vc_row el_class=&#8221;call-to-action bg-color dark text-center&#8221; css=&#8221;.vc_custom_1453975666551{padding-top: 60px !important;padding-bottom: 60px !important;}&#8221;][vc_column][\/vc_column][\/vc_row]","og_url":"https:\/\/www.cosmomanagementgroup.com\/pt-br\/nossos-servicos\/","og_site_name":"Cosmo Management","article_publisher":"https:\/\/www.facebook.com\/profile.php?id=100066623806246","article_modified_time":"2024-06-13T16:36:40+00:00","og_image":[{"width":1200,"height":675,"url":"https:\/\/www.cosmomanagementgroup.com\/wp-content\/uploads\/2024\/06\/Cosmo-Management-logo-share-1-1.png","type":"image\/png"}],"twitter_card":"summary_large_image","twitter_misc":{"Est. tempo de leitura":"1 minuto"},"schema":{"@context":"https:\/\/schema.org","@graph":[{"@type":"WebPage","@id":"https:\/\/www.cosmomanagementgroup.com\/pt-br\/nossos-servicos\/","url":"https:\/\/www.cosmomanagementgroup.com\/pt-br\/nossos-servicos\/","name":"Nossos servi\u00e7os | Cosmo Management","isPartOf":{"@id":"https:\/\/www.cosmomanagementgroup.com\/pt-br\/#website"},"datePublished":"2021-07-20T18:16:07+00:00","dateModified":"2024-06-13T16:36:40+00:00","breadcrumb":{"@id":"https:\/\/www.cosmomanagementgroup.com\/pt-br\/nossos-servicos\/#breadcrumb"},"inLanguage":"pt-BR","potentialAction":[{"@type":"ReadAction","target":["https:\/\/www.cosmomanagementgroup.com\/pt-br\/nossos-servicos\/"]}]},{"@type":"BreadcrumbList","@id":"https:\/\/www.cosmomanagementgroup.com\/pt-br\/nossos-servicos\/#breadcrumb","itemListElement":[{"@type":"ListItem","position":1,"name":"Home","item":"https:\/\/www.cosmomanagementgroup.com\/pt-br\/"},{"@type":"ListItem","position":2,"name":"Nossos servi\u00e7os"}]},{"@type":"WebSite","@id":"https:\/\/www.cosmomanagementgroup.com\/pt-br\/#website","url":"https:\/\/www.cosmomanagementgroup.com\/pt-br\/","name":"Cosmo Management Group","description":"Experts in property management in Miami. We handle everything from leasing to maintenance, ensuring your investment thrives.","publisher":{"@id":"https:\/\/www.cosmomanagementgroup.com\/pt-br\/#organization"},"alternateName":"Cosmo Management","potentialAction":[{"@type":"SearchAction","target":{"@type":"EntryPoint","urlTemplate":"https:\/\/www.cosmomanagementgroup.com\/pt-br\/?s={search_term_string}"},"query-input":{"@type":"PropertyValueSpecification","valueRequired":true,"valueName":"search_term_string"}}],"inLanguage":"pt-BR"},{"@type":"Organization","@id":"https:\/\/www.cosmomanagementgroup.com\/pt-br\/#organization","name":"Cosmo Management Group","alternateName":"Cosmo Management","url":"https:\/\/www.cosmomanagementgroup.com\/pt-br\/","logo":{"@type":"ImageObject","inLanguage":"pt-BR","@id":"https:\/\/www.cosmomanagementgroup.com\/pt-br\/#\/schema\/logo\/image\/","url":"https:\/\/www.cosmomanagementgroup.com\/wp-content\/uploads\/2024\/06\/Cosmo-Management-Icon-Google.png","contentUrl":"https:\/\/www.cosmomanagementgroup.com\/wp-content\/uploads\/2024\/06\/Cosmo-Management-Icon-Google.png","width":696,"height":696,"caption":"Cosmo Management Group"},"image":{"@id":"https:\/\/www.cosmomanagementgroup.com\/pt-br\/#\/schema\/logo\/image\/"},"sameAs":["https:\/\/www.facebook.com\/profile.php?id=100066623806246","https:\/\/www.instagram.com\/cosmomanagementgroup\/","https:\/\/www.linkedin.com\/company\/cosmo-management\/"]}]}},"_links":{"self":[{"href":"https:\/\/www.cosmomanagementgroup.com\/pt-br\/wp-json\/wp\/v2\/pages\/2422","targetHints":{"allow":["GET"]}}],"collection":[{"href":"https:\/\/www.cosmomanagementgroup.com\/pt-br\/wp-json\/wp\/v2\/pages"}],"about":[{"href":"https:\/\/www.cosmomanagementgroup.com\/pt-br\/wp-json\/wp\/v2\/types\/page"}],"author":[{"embeddable":true,"href":"https:\/\/www.cosmomanagementgroup.com\/pt-br\/wp-json\/wp\/v2\/users\/1"}],"replies":[{"embeddable":true,"href":"https:\/\/www.cosmomanagementgroup.com\/pt-br\/wp-json\/wp\/v2\/comments?post=2422"}],"version-history":[{"count":5,"href":"https:\/\/www.cosmomanagementgroup.com\/pt-br\/wp-json\/wp\/v2\/pages\/2422\/revisions"}],"predecessor-version":[{"id":2761,"href":"https:\/\/www.cosmomanagementgroup.com\/pt-br\/wp-json\/wp\/v2\/pages\/2422\/revisions\/2761"}],"wp:attachment":[{"href":"https:\/\/www.cosmomanagementgroup.com\/pt-br\/wp-json\/wp\/v2\/media?parent=2422"}],"curies":[{"name":"wp","href":"https:\/\/api.w.org\/{rel}","templated":true}]}}